{"id":9710,"date":"2025-02-26T14:06:14","date_gmt":"2025-02-26T11:06:14","guid":{"rendered":"https:\/\/toptan.coolsandalye.com\/?post_type=product&#038;p=9710"},"modified":"2025-06-30T15:31:02","modified_gmt":"2025-06-30T12:31:02","slug":"zeus-cafe-restaurant-masa-takimi-tekli","status":"publish","type":"product","link":"https:\/\/toptan.coolsandalye.com\/en\/product\/zeus-cafe-restaurant-masa-takimi-tekli\/","title":{"rendered":"Zeus Cafe &#038; Restaurant Masa Tak\u0131m\u0131 &#8211; Tekli"},"content":{"rendered":"<p>Zeus Cafe &amp; Restaurant Masa Tak\u0131m\u0131, modern kafeterya ortam\u0131n\u0131z i\u00e7in m\u00fckemmel bir se\u00e7imdir. Dinamik tasar\u0131m\u0131 ve konforlu yap\u0131s\u0131yla, hem i\u015flevsel hem de \u015f\u0131k bir kullan\u0131m sunar.<\/p>","protected":false},"excerpt":{"rendered":"<p>Zeus Cafe &amp; Restaurant Masa Tak\u0131m\u0131, modern kafeterya ortam\u0131n\u0131z i\u00e7in m\u00fckemmel bir se\u00e7imdir. Dinamik tasar\u0131m\u0131 ve konforlu yap\u0131s\u0131yla, hem i\u015flevsel hem de \u015f\u0131k bir kullan\u0131m sunar.<\/p>","protected":false},"featured_media":9721,"comment_status":"open","ping_status":"closed","template":"","meta":[],"product_brand":[],"product_cat":[56],"product_tag":[133],"class_list":{"0":"post-9710","1":"product","2":"type-product","3":"status-publish","4":"has-post-thumbnail","6":"product_cat-masa-takimi","7":"product_tag-cafe-restoran","9":"first","10":"instock","11":"shipping-taxable","12":"product-type-variable"},"_links":{"self":[{"href":"https:\/\/toptan.coolsandalye.com\/en\/wp-json\/wp\/v2\/product\/9710","targetHints":{"allow":["GET"]}}],"collection":[{"href":"https:\/\/toptan.coolsandalye.com\/en\/wp-json\/wp\/v2\/product"}],"about":[{"href":"https:\/\/toptan.coolsandalye.com\/en\/wp-json\/wp\/v2\/types\/product"}],"replies":[{"embeddable":true,"href":"https:\/\/toptan.coolsandalye.com\/en\/wp-json\/wp\/v2\/comments?post=9710"}],"wp:featuredmedia":[{"embeddable":true,"href":"https:\/\/toptan.coolsandalye.com\/en\/wp-json\/wp\/v2\/media\/9721"}],"wp:attachment":[{"href":"https:\/\/toptan.coolsandalye.com\/en\/wp-json\/wp\/v2\/media?parent=9710"}],"wp:term":[{"taxonomy":"product_brand","embeddable":true,"href":"https:\/\/toptan.coolsandalye.com\/en\/wp-json\/wp\/v2\/product_brand?post=9710"},{"taxonomy":"product_cat","embeddable":true,"href":"https:\/\/toptan.coolsandalye.com\/en\/wp-json\/wp\/v2\/product_cat?post=9710"},{"taxonomy":"product_tag","embeddable":true,"href":"https:\/\/toptan.coolsandalye.com\/en\/wp-json\/wp\/v2\/product_tag?post=9710"}],"curies":[{"name":"wp","href":"https:\/\/api.w.org\/{rel}","templated":true}]}}