{"id":9454,"date":"2025-01-27T23:04:29","date_gmt":"2025-01-27T20:04:29","guid":{"rendered":"https:\/\/toptan.coolsandalye.com\/?post_type=product&#038;p=9454"},"modified":"2025-06-30T15:30:56","modified_gmt":"2025-06-30T12:30:56","slug":"rock-sandalye-acik-ceviz","status":"publish","type":"product","link":"https:\/\/toptan.coolsandalye.com\/en\/product\/rock-sandalye-acik-ceviz\/","title":{"rendered":"Rock Sandalye &#8211; A\u00e7\u0131k Ceviz"},"content":{"rendered":"<p>Do\u011fadan ilham alan detaylar, i\u015flevselli\u011fi ve zarafeti bir araya getiriyor. Rock Sandalye, el i\u015f\u00e7ili\u011fi hissini modern tasar\u0131m anlay\u0131\u015f\u0131yla bulu\u015fturuyor. Sade ve do\u011fal \u00e7izgileriyle hem ticari mekanlara hem de ev dekorasyonlar\u0131na s\u0131cak bir atmosfer kat\u0131yor<\/p>","protected":false},"excerpt":{"rendered":"<p>Rock Sandalye, kaliteli ah\u015fap iskeleti ve do\u011fal dokulu has\u0131r s\u0131rtl\u0131k tasar\u0131m\u0131yla konforlu oturumun yan\u0131 s\u0131ra ferah bir g\u00f6r\u00fcn\u00fcm sunar. Yumu\u015fak kuma\u015f d\u00f6\u015femesi ve ergonomik yap\u0131s\u0131 uzun s\u00fcreli kullan\u0131mda rahatl\u0131k sa\u011flar. Minimalist esteti\u011fiyle farkl\u0131 dekorasyon stillerine uyum sa\u011flar, toplu kullan\u0131m alanlar\u0131nda ise dayan\u0131kl\u0131l\u0131\u011f\u0131yla \u00f6ne \u00e7\u0131kar<\/p>","protected":false},"featured_media":9494,"comment_status":"open","ping_status":"closed","template":"","meta":[],"product_brand":[],"product_cat":[54],"product_tag":[],"class_list":{"0":"post-9454","1":"product","2":"type-product","3":"status-publish","4":"has-post-thumbnail","6":"product_cat-sandalye","8":"first","9":"instock","10":"shipping-taxable","11":"product-type-simple"},"_links":{"self":[{"href":"https:\/\/toptan.coolsandalye.com\/en\/wp-json\/wp\/v2\/product\/9454","targetHints":{"allow":["GET"]}}],"collection":[{"href":"https:\/\/toptan.coolsandalye.com\/en\/wp-json\/wp\/v2\/product"}],"about":[{"href":"https:\/\/toptan.coolsandalye.com\/en\/wp-json\/wp\/v2\/types\/product"}],"replies":[{"embeddable":true,"href":"https:\/\/toptan.coolsandalye.com\/en\/wp-json\/wp\/v2\/comments?post=9454"}],"wp:featuredmedia":[{"embeddable":true,"href":"https:\/\/toptan.coolsandalye.com\/en\/wp-json\/wp\/v2\/media\/9494"}],"wp:attachment":[{"href":"https:\/\/toptan.coolsandalye.com\/en\/wp-json\/wp\/v2\/media?parent=9454"}],"wp:term":[{"taxonomy":"product_brand","embeddable":true,"href":"https:\/\/toptan.coolsandalye.com\/en\/wp-json\/wp\/v2\/product_brand?post=9454"},{"taxonomy":"product_cat","embeddable":true,"href":"https:\/\/toptan.coolsandalye.com\/en\/wp-json\/wp\/v2\/product_cat?post=9454"},{"taxonomy":"product_tag","embeddable":true,"href":"https:\/\/toptan.coolsandalye.com\/en\/wp-json\/wp\/v2\/product_tag?post=9454"}],"curies":[{"name":"wp","href":"https:\/\/api.w.org\/{rel}","templated":true}]}}