{"id":9452,"date":"2025-01-27T23:03:28","date_gmt":"2025-01-27T20:03:28","guid":{"rendered":"https:\/\/toptan.coolsandalye.com\/?post_type=product&#038;p=9452"},"modified":"2025-06-30T15:30:56","modified_gmt":"2025-06-30T12:30:56","slug":"noir-sandalye-ceviz","status":"publish","type":"product","link":"https:\/\/toptan.coolsandalye.com\/en\/product\/noir-sandalye-ceviz\/","title":{"rendered":"Noir Sandalye &#8211; Ceviz"},"content":{"rendered":"<p>Noir sandalye, klasik ve modern tasar\u0131m\u0131n kusursuz birle\u015fimiyle her mek\u00e2na sofistike bir hava kat\u0131yor. Zarif formu ve i\u015flevselli\u011fi sayesinde restoranlardan ofislere, kafelerden evlere kadar her alanda estetik bir \u00e7\u00f6z\u00fcm sunuyor. Do\u011fal ah\u015fap iskeleti, zamans\u0131z tasar\u0131m\u0131 ve konforlu oturma y\u00fczeyiyle hem \u015f\u0131k bir g\u00f6r\u00fcn\u00fcm hem de y\u00fcksek dayan\u0131kl\u0131l\u0131k vaat ediyor. Beyaz, ah\u015fap ve siyah renk se\u00e7enekleriyle modern bir dokunu\u015f katarken, mekan\u0131n\u0131za s\u0131cak bir atmosfer getiriyor<\/p>","protected":false},"excerpt":{"rendered":"<p>Noir sandalye, \u00f6zenle se\u00e7ilmi\u015f kaliteli ah\u015fap malzemesi ve ergonomik tasar\u0131m\u0131 sayesinde uzun s\u00fcreli kullan\u0131mlarda dahi konforu garanti eder. Minimal detaylar\u0131 ve s\u0131cak dokusuyla her dekorasyona uyum sa\u011flayan Noir, hem estetik hem de fonksiyonel bir deneyim sunar. Leke tutmayan kuma\u015f\u0131 ve sa\u011flam yap\u0131s\u0131yla g\u00fcnl\u00fck ya\u015fam\u0131n yo\u011funlu\u011funa m\u00fckemmel \u015fekilde e\u015flik eder. Noir, bulundu\u011fu her alan\u0131 zarafetle tamamlayan bir tasar\u0131m harikas\u0131d\u0131r<\/p>","protected":false},"featured_media":9484,"comment_status":"open","ping_status":"closed","template":"","meta":[],"product_brand":[],"product_cat":[54],"product_tag":[],"class_list":{"0":"post-9452","1":"product","2":"type-product","3":"status-publish","4":"has-post-thumbnail","6":"product_cat-sandalye","8":"first","9":"instock","10":"shipping-taxable","11":"product-type-simple"},"_links":{"self":[{"href":"https:\/\/toptan.coolsandalye.com\/en\/wp-json\/wp\/v2\/product\/9452","targetHints":{"allow":["GET"]}}],"collection":[{"href":"https:\/\/toptan.coolsandalye.com\/en\/wp-json\/wp\/v2\/product"}],"about":[{"href":"https:\/\/toptan.coolsandalye.com\/en\/wp-json\/wp\/v2\/types\/product"}],"replies":[{"embeddable":true,"href":"https:\/\/toptan.coolsandalye.com\/en\/wp-json\/wp\/v2\/comments?post=9452"}],"wp:featuredmedia":[{"embeddable":true,"href":"https:\/\/toptan.coolsandalye.com\/en\/wp-json\/wp\/v2\/media\/9484"}],"wp:attachment":[{"href":"https:\/\/toptan.coolsandalye.com\/en\/wp-json\/wp\/v2\/media?parent=9452"}],"wp:term":[{"taxonomy":"product_brand","embeddable":true,"href":"https:\/\/toptan.coolsandalye.com\/en\/wp-json\/wp\/v2\/product_brand?post=9452"},{"taxonomy":"product_cat","embeddable":true,"href":"https:\/\/toptan.coolsandalye.com\/en\/wp-json\/wp\/v2\/product_cat?post=9452"},{"taxonomy":"product_tag","embeddable":true,"href":"https:\/\/toptan.coolsandalye.com\/en\/wp-json\/wp\/v2\/product_tag?post=9452"}],"curies":[{"name":"wp","href":"https:\/\/api.w.org\/{rel}","templated":true}]}}