{"id":9448,"date":"2025-01-27T23:02:13","date_gmt":"2025-01-27T20:02:13","guid":{"rendered":"https:\/\/toptan.coolsandalye.com\/?post_type=product&#038;p=9448"},"modified":"2025-06-30T15:30:56","modified_gmt":"2025-06-30T12:30:56","slug":"nera-sandalye","status":"publish","type":"product","link":"https:\/\/toptan.coolsandalye.com\/en\/product\/nera-sandalye\/","title":{"rendered":"Nera Sandalye"},"content":{"rendered":"<p>Nera sandalye, do\u011fal ah\u015fab\u0131n s\u0131cakl\u0131\u011f\u0131n\u0131 modern tasar\u0131mla bulu\u015fturan zamans\u0131z bir par\u00e7a. Hem evinize hem de ticari alanlar\u0131n\u0131za uyum sa\u011flayacak \u015fekilde tasarland\u0131. Sade ama \u00e7arp\u0131c\u0131 \u00e7izgileriyle g\u00f6z al\u0131rken, ergonomik yap\u0131s\u0131yla da konforlu bir oturma deneyimi sunuyor. Nera, bulundu\u011fu her alanda do\u011fal bir \u015f\u0131kl\u0131k yarat\u0131r<\/p>","protected":false},"excerpt":{"rendered":"<p>Kusursuz i\u015f\u00e7ili\u011fi ve do\u011fal malzemeleriyle Nera sandalye, g\u00fcnl\u00fck hayat\u0131n i\u00e7inde size hem estetik hem de dayan\u0131kl\u0131l\u0131k sunuyor. Hafif yap\u0131s\u0131yla kolayca ta\u015f\u0131nabilirken, sa\u011flam ah\u015fap iskeleti uzun y\u0131llar boyunca formunu korur. Kuma\u015f d\u00f6\u015femesi yumu\u015fak dokusuyla keyifli bir oturma alan\u0131 yarat\u0131rken, ayn\u0131 zamanda lekelere kar\u015f\u0131 dayan\u0131kl\u0131d\u0131r. Nera, ister yemek masas\u0131nda uzun sohbetler i\u00e7in ister bir \u00e7al\u0131\u015fma alan\u0131nda sakin bir k\u00f6\u015fe olu\u015fturmak i\u00e7in her ihtiyac\u0131n\u0131za cevap verir. Sade ama etkileyici&#8230; T\u0131pk\u0131 olmas\u0131 gerekti\u011fi gibi<\/p>","protected":false},"featured_media":9521,"comment_status":"open","ping_status":"closed","template":"","meta":[],"product_brand":[],"product_cat":[54],"product_tag":[],"class_list":{"0":"post-9448","1":"product","2":"type-product","3":"status-publish","4":"has-post-thumbnail","6":"product_cat-sandalye","8":"first","9":"instock","10":"shipping-taxable","11":"product-type-simple"},"_links":{"self":[{"href":"https:\/\/toptan.coolsandalye.com\/en\/wp-json\/wp\/v2\/product\/9448","targetHints":{"allow":["GET"]}}],"collection":[{"href":"https:\/\/toptan.coolsandalye.com\/en\/wp-json\/wp\/v2\/product"}],"about":[{"href":"https:\/\/toptan.coolsandalye.com\/en\/wp-json\/wp\/v2\/types\/product"}],"replies":[{"embeddable":true,"href":"https:\/\/toptan.coolsandalye.com\/en\/wp-json\/wp\/v2\/comments?post=9448"}],"wp:featuredmedia":[{"embeddable":true,"href":"https:\/\/toptan.coolsandalye.com\/en\/wp-json\/wp\/v2\/media\/9521"}],"wp:attachment":[{"href":"https:\/\/toptan.coolsandalye.com\/en\/wp-json\/wp\/v2\/media?parent=9448"}],"wp:term":[{"taxonomy":"product_brand","embeddable":true,"href":"https:\/\/toptan.coolsandalye.com\/en\/wp-json\/wp\/v2\/product_brand?post=9448"},{"taxonomy":"product_cat","embeddable":true,"href":"https:\/\/toptan.coolsandalye.com\/en\/wp-json\/wp\/v2\/product_cat?post=9448"},{"taxonomy":"product_tag","embeddable":true,"href":"https:\/\/toptan.coolsandalye.com\/en\/wp-json\/wp\/v2\/product_tag?post=9448"}],"curies":[{"name":"wp","href":"https:\/\/api.w.org\/{rel}","templated":true}]}}