{"id":9437,"date":"2025-01-27T17:31:54","date_gmt":"2025-01-27T14:31:54","guid":{"rendered":"https:\/\/toptan.coolsandalye.com\/?post_type=product&#038;p=9437"},"modified":"2025-06-30T15:30:56","modified_gmt":"2025-06-30T12:30:56","slug":"alta-sandalye-siyah","status":"publish","type":"product","link":"https:\/\/toptan.coolsandalye.com\/en\/product\/alta-sandalye-siyah\/","title":{"rendered":"Alta Sandalye &#8211; Siyah"},"content":{"rendered":"<p>Alta sandalye, restoranlardan otellere, kafelerden evlere kadar her mekana uyum sa\u011flayabilen \u00e7ok y\u00f6nl\u00fc bir tasar\u0131ma sahip. Toplu al\u0131mlar i\u00e7in ideal olan bu model, hem \u015f\u0131k g\u00f6r\u00fcn\u00fcm\u00fc hem de uzun \u00f6m\u00fcrl\u00fc yap\u0131s\u0131yla \u00f6ne \u00e7\u0131k\u0131yor. Beyaz, ah\u015fap ve siyah renk se\u00e7enekleriyle modern bir dokunu\u015f katarken, mekan\u0131n\u0131za s\u0131cak bir atmosfer getiriyor.<\/p>","protected":false},"excerpt":{"rendered":"<p>Alta sandalye, kaliteli ah\u015fap iskeleti ve v\u00fccut hatlar\u0131na uyumlu ergonomik tasar\u0131m\u0131 sayesinde uzun s\u00fcren sohbetlerde bile konforunuzdan \u00f6d\u00fcn vermemenizi sa\u011flar. Dayan\u0131kl\u0131 malzemelerden \u00fcretilen iskeleti, yo\u011fun kullan\u0131ma dayan\u0131kl\u0131d\u0131r ve uzun y\u0131llar boyunca ilk g\u00fcnk\u00fc gibi kal\u0131r. Alta sandalye, hem ticari mekanlara, evlere hem de i\u015flevsel ve g\u00f6rsel olarak mekanlara de\u011fer katmay\u0131 hedefler. Her alanda kendini g\u00f6steren bu sandalye, hem g\u00f6z al\u0131c\u0131 hem de rahat bir deneyim sunar.<\/p>","protected":false},"featured_media":9464,"comment_status":"open","ping_status":"closed","template":"","meta":[],"product_brand":[],"product_cat":[54],"product_tag":[],"class_list":{"0":"post-9437","1":"product","2":"type-product","3":"status-publish","4":"has-post-thumbnail","6":"product_cat-sandalye","8":"first","9":"instock","10":"shipping-taxable","11":"product-type-simple"},"_links":{"self":[{"href":"https:\/\/toptan.coolsandalye.com\/en\/wp-json\/wp\/v2\/product\/9437","targetHints":{"allow":["GET"]}}],"collection":[{"href":"https:\/\/toptan.coolsandalye.com\/en\/wp-json\/wp\/v2\/product"}],"about":[{"href":"https:\/\/toptan.coolsandalye.com\/en\/wp-json\/wp\/v2\/types\/product"}],"replies":[{"embeddable":true,"href":"https:\/\/toptan.coolsandalye.com\/en\/wp-json\/wp\/v2\/comments?post=9437"}],"wp:featuredmedia":[{"embeddable":true,"href":"https:\/\/toptan.coolsandalye.com\/en\/wp-json\/wp\/v2\/media\/9464"}],"wp:attachment":[{"href":"https:\/\/toptan.coolsandalye.com\/en\/wp-json\/wp\/v2\/media?parent=9437"}],"wp:term":[{"taxonomy":"product_brand","embeddable":true,"href":"https:\/\/toptan.coolsandalye.com\/en\/wp-json\/wp\/v2\/product_brand?post=9437"},{"taxonomy":"product_cat","embeddable":true,"href":"https:\/\/toptan.coolsandalye.com\/en\/wp-json\/wp\/v2\/product_cat?post=9437"},{"taxonomy":"product_tag","embeddable":true,"href":"https:\/\/toptan.coolsandalye.com\/en\/wp-json\/wp\/v2\/product_tag?post=9437"}],"curies":[{"name":"wp","href":"https:\/\/api.w.org\/{rel}","templated":true}]}}