{"id":9280,"date":"2024-11-22T16:17:38","date_gmt":"2024-11-22T13:17:38","guid":{"rendered":"https:\/\/toptan.coolsandalye.com\/?post_type=product&#038;p=9280"},"modified":"2025-06-30T15:30:56","modified_gmt":"2025-06-30T12:30:56","slug":"vega-benc-siyah","status":"publish","type":"product","link":"https:\/\/toptan.coolsandalye.com\/en\/product\/vega-benc-siyah\/","title":{"rendered":"Vega Bench - Black"},"content":{"rendered":"<p>\u015e\u0131kl\u0131\u011f\u0131 ve modernli\u011fi bir araya getiren <strong>Vega Bench - Black<\/strong>, ya\u015fam alanlar\u0131n\u0131za sofistike bir atmosfer katmak i\u00e7in tasarland\u0131. Dayan\u0131kl\u0131 yap\u0131s\u0131yla uzun y\u0131llar kullan\u0131m sa\u011flayan bu ben\u00e7, y\u00fcksek kaliteli malzemelerle \u00fcretilmi\u015ftir. Siyah rengin zarif ve g\u00fc\u00e7l\u00fc duru\u015fu, mek\u00e2nlar\u0131n\u0131zda modern bir hava yarat\u0131r ve her t\u00fcrl\u00fc dekorasyon tarz\u0131na uyum sa\u011flar.<\/p>","protected":false},"excerpt":{"rendered":"<p>\u015e\u0131kl\u0131\u011f\u0131 ve modernli\u011fi bir araya getiren <strong>Vega Bench - Black<\/strong>, ya\u015fam alanlar\u0131n\u0131za sofistike bir atmosfer katmak i\u00e7in tasarland\u0131. Dayan\u0131kl\u0131 yap\u0131s\u0131yla uzun y\u0131llar kullan\u0131m sa\u011flayan bu ben\u00e7, y\u00fcksek kaliteli malzemelerle \u00fcretilmi\u015ftir. Siyah rengin zarif ve g\u00fc\u00e7l\u00fc duru\u015fu, mek\u00e2nlar\u0131n\u0131zda modern bir hava yarat\u0131r ve her t\u00fcrl\u00fc dekorasyon tarz\u0131na uyum sa\u011flar.<\/p>","protected":false},"featured_media":9278,"comment_status":"open","ping_status":"closed","template":"","meta":[],"product_brand":[],"product_cat":[84],"product_tag":[],"class_list":{"0":"post-9280","1":"product","2":"type-product","3":"status-publish","4":"has-post-thumbnail","6":"product_cat-benc","8":"first","9":"instock","10":"shipping-taxable","11":"product-type-simple"},"_links":{"self":[{"href":"https:\/\/toptan.coolsandalye.com\/en\/wp-json\/wp\/v2\/product\/9280","targetHints":{"allow":["GET"]}}],"collection":[{"href":"https:\/\/toptan.coolsandalye.com\/en\/wp-json\/wp\/v2\/product"}],"about":[{"href":"https:\/\/toptan.coolsandalye.com\/en\/wp-json\/wp\/v2\/types\/product"}],"replies":[{"embeddable":true,"href":"https:\/\/toptan.coolsandalye.com\/en\/wp-json\/wp\/v2\/comments?post=9280"}],"wp:featuredmedia":[{"embeddable":true,"href":"https:\/\/toptan.coolsandalye.com\/en\/wp-json\/wp\/v2\/media\/9278"}],"wp:attachment":[{"href":"https:\/\/toptan.coolsandalye.com\/en\/wp-json\/wp\/v2\/media?parent=9280"}],"wp:term":[{"taxonomy":"product_brand","embeddable":true,"href":"https:\/\/toptan.coolsandalye.com\/en\/wp-json\/wp\/v2\/product_brand?post=9280"},{"taxonomy":"product_cat","embeddable":true,"href":"https:\/\/toptan.coolsandalye.com\/en\/wp-json\/wp\/v2\/product_cat?post=9280"},{"taxonomy":"product_tag","embeddable":true,"href":"https:\/\/toptan.coolsandalye.com\/en\/wp-json\/wp\/v2\/product_tag?post=9280"}],"curies":[{"name":"wp","href":"https:\/\/api.w.org\/{rel}","templated":true}]}}