{"id":9275,"date":"2024-11-22T16:15:06","date_gmt":"2024-11-22T13:15:06","guid":{"rendered":"https:\/\/toptan.coolsandalye.com\/?post_type=product&#038;p=9275"},"modified":"2025-06-30T15:30:56","modified_gmt":"2025-06-30T12:30:56","slug":"vega-benc-ceviz","status":"publish","type":"product","link":"https:\/\/toptan.coolsandalye.com\/en\/product\/vega-benc-ceviz\/","title":{"rendered":"Vega Bench - Walnut"},"content":{"rendered":"<p>Zarif tasar\u0131m\u0131 ve ceviz renginin do\u011fal s\u0131cakl\u0131\u011f\u0131 ile <strong>Vega Ben\u00e7<\/strong>, ya\u015fam alanlar\u0131n\u0131z i\u00e7in hem \u015f\u0131k hem de i\u015flevsel bir \u00e7\u00f6z\u00fcm sunuyor. Y\u00fcksek kaliteli ah\u015fap malzemeden \u00fcretilen bu \u00fcr\u00fcn, dayan\u0131kl\u0131l\u0131\u011f\u0131 ve estetik yap\u0131s\u0131yla uzun \u00f6m\u00fcrl\u00fc kullan\u0131m sa\u011flar. Modern tasar\u0131m\u0131 sayesinde her t\u00fcrl\u00fc dekorasyon stiline uyum sa\u011flayarak mek\u00e2nlar\u0131n\u0131za do\u011fal bir dokunu\u015f katar.<\/p>","protected":false},"excerpt":{"rendered":"<p>Zarif tasar\u0131m\u0131 ve ceviz renginin do\u011fal s\u0131cakl\u0131\u011f\u0131 ile <strong>Vega Ben\u00e7<\/strong>, ya\u015fam alanlar\u0131n\u0131z i\u00e7in hem \u015f\u0131k hem de i\u015flevsel bir \u00e7\u00f6z\u00fcm sunuyor. Y\u00fcksek kaliteli ah\u015fap malzemeden \u00fcretilen bu \u00fcr\u00fcn, dayan\u0131kl\u0131l\u0131\u011f\u0131 ve estetik yap\u0131s\u0131yla uzun \u00f6m\u00fcrl\u00fc kullan\u0131m sa\u011flar. Modern tasar\u0131m\u0131 sayesinde her t\u00fcrl\u00fc dekorasyon stiline uyum sa\u011flayarak mek\u00e2nlar\u0131n\u0131za do\u011fal bir dokunu\u015f katar.<\/p>","protected":false},"featured_media":9277,"comment_status":"open","ping_status":"closed","template":"","meta":[],"product_brand":[],"product_cat":[84],"product_tag":[],"class_list":{"0":"post-9275","1":"product","2":"type-product","3":"status-publish","4":"has-post-thumbnail","6":"product_cat-benc","8":"first","9":"instock","10":"shipping-taxable","11":"product-type-simple"},"_links":{"self":[{"href":"https:\/\/toptan.coolsandalye.com\/en\/wp-json\/wp\/v2\/product\/9275","targetHints":{"allow":["GET"]}}],"collection":[{"href":"https:\/\/toptan.coolsandalye.com\/en\/wp-json\/wp\/v2\/product"}],"about":[{"href":"https:\/\/toptan.coolsandalye.com\/en\/wp-json\/wp\/v2\/types\/product"}],"replies":[{"embeddable":true,"href":"https:\/\/toptan.coolsandalye.com\/en\/wp-json\/wp\/v2\/comments?post=9275"}],"wp:featuredmedia":[{"embeddable":true,"href":"https:\/\/toptan.coolsandalye.com\/en\/wp-json\/wp\/v2\/media\/9277"}],"wp:attachment":[{"href":"https:\/\/toptan.coolsandalye.com\/en\/wp-json\/wp\/v2\/media?parent=9275"}],"wp:term":[{"taxonomy":"product_brand","embeddable":true,"href":"https:\/\/toptan.coolsandalye.com\/en\/wp-json\/wp\/v2\/product_brand?post=9275"},{"taxonomy":"product_cat","embeddable":true,"href":"https:\/\/toptan.coolsandalye.com\/en\/wp-json\/wp\/v2\/product_cat?post=9275"},{"taxonomy":"product_tag","embeddable":true,"href":"https:\/\/toptan.coolsandalye.com\/en\/wp-json\/wp\/v2\/product_tag?post=9275"}],"curies":[{"name":"wp","href":"https:\/\/api.w.org\/{rel}","templated":true}]}}