{"id":9273,"date":"2024-11-22T15:46:59","date_gmt":"2024-11-22T12:46:59","guid":{"rendered":"https:\/\/toptan.coolsandalye.com\/?post_type=product&#038;p=9273"},"modified":"2025-06-30T15:30:56","modified_gmt":"2025-06-30T12:30:56","slug":"vega-tabure-beyaz","status":"publish","type":"product","link":"https:\/\/toptan.coolsandalye.com\/en\/product\/vega-tabure-beyaz\/","title":{"rendered":"Vega Stool - White"},"content":{"rendered":"<p>Minimalist tasar\u0131m\u0131 ve \u015f\u0131k duru\u015fuyla <strong>Vega\u00a0Tabure &#8211; Beyaz<\/strong>, evinize zarif bir dokunu\u015f katmak i\u00e7in m\u00fckemmel bir tercih. Modern beyaz rengi ve kaliteli ah\u015fap malzemesiyle dikkat \u00e7eken bu tabure, her t\u00fcrl\u00fc dekorasyon stiline uyum sa\u011flayarak ya\u015fam alanlar\u0131n\u0131za ferahl\u0131k ve \u015f\u0131kl\u0131k getirir.<\/p>\n<p>\u00c7ok y\u00f6nl\u00fc kullan\u0131m\u0131yla \u00f6ne \u00e7\u0131kan Nora Tabure, salon, mutfak, yatak odas\u0131 ya da balkon gibi alanlarda hem dekoratif hem de fonksiyonel bir mobilya olarak tercih edilebilir. Ergonomik tasar\u0131m\u0131, rahat bir oturma deneyimi sunarken, hafif yap\u0131s\u0131 sayesinde kolayca ta\u015f\u0131nabilir.<\/p>","protected":false},"excerpt":{"rendered":"<p>Minimalist tasar\u0131m\u0131 ve \u015f\u0131k duru\u015fuyla <strong>Vega\u00a0Tabure &#8211; Beyaz<\/strong>, evinize zarif bir dokunu\u015f katmak i\u00e7in m\u00fckemmel bir tercih. Modern beyaz rengi ve kaliteli ah\u015fap malzemesiyle dikkat \u00e7eken bu tabure, her t\u00fcrl\u00fc dekorasyon stiline uyum sa\u011flayarak ya\u015fam alanlar\u0131n\u0131za ferahl\u0131k ve \u015f\u0131kl\u0131k getirir.<\/p>","protected":false},"featured_media":9271,"comment_status":"open","ping_status":"closed","template":"","meta":[],"product_brand":[],"product_cat":[85],"product_tag":[],"class_list":{"0":"post-9273","1":"product","2":"type-product","3":"status-publish","4":"has-post-thumbnail","6":"product_cat-tabure","8":"first","9":"instock","10":"shipping-taxable","11":"product-type-simple"},"_links":{"self":[{"href":"https:\/\/toptan.coolsandalye.com\/en\/wp-json\/wp\/v2\/product\/9273","targetHints":{"allow":["GET"]}}],"collection":[{"href":"https:\/\/toptan.coolsandalye.com\/en\/wp-json\/wp\/v2\/product"}],"about":[{"href":"https:\/\/toptan.coolsandalye.com\/en\/wp-json\/wp\/v2\/types\/product"}],"replies":[{"embeddable":true,"href":"https:\/\/toptan.coolsandalye.com\/en\/wp-json\/wp\/v2\/comments?post=9273"}],"wp:featuredmedia":[{"embeddable":true,"href":"https:\/\/toptan.coolsandalye.com\/en\/wp-json\/wp\/v2\/media\/9271"}],"wp:attachment":[{"href":"https:\/\/toptan.coolsandalye.com\/en\/wp-json\/wp\/v2\/media?parent=9273"}],"wp:term":[{"taxonomy":"product_brand","embeddable":true,"href":"https:\/\/toptan.coolsandalye.com\/en\/wp-json\/wp\/v2\/product_brand?post=9273"},{"taxonomy":"product_cat","embeddable":true,"href":"https:\/\/toptan.coolsandalye.com\/en\/wp-json\/wp\/v2\/product_cat?post=9273"},{"taxonomy":"product_tag","embeddable":true,"href":"https:\/\/toptan.coolsandalye.com\/en\/wp-json\/wp\/v2\/product_tag?post=9273"}],"curies":[{"name":"wp","href":"https:\/\/api.w.org\/{rel}","templated":true}]}}