{"id":9258,"date":"2025-02-26T14:06:13","date_gmt":"2025-02-26T11:06:13","guid":{"rendered":"https:\/\/toptan.coolsandalye.com\/?post_type=product&#038;p=9258"},"modified":"2025-06-30T15:30:59","modified_gmt":"2025-06-30T12:30:59","slug":"vega-masa-takimi-beyaz","status":"publish","type":"product","link":"https:\/\/toptan.coolsandalye.com\/en\/product\/vega-masa-takimi-beyaz\/","title":{"rendered":"Vega Table Set - White"},"content":{"rendered":"<p>Ayd\u0131nl\u0131k ve ferah bir atmosfer yaratmak isteyenler i\u00e7in ideal olan Vega Masa Tak\u0131m\u0131, beyaz\u0131n safl\u0131\u011f\u0131n\u0131 modern tasar\u0131mla bulu\u015fturuyor. Hem \u015f\u0131k hem de i\u015flevsel yap\u0131s\u0131yla her t\u00fcrl\u00fc dekorasyon tarz\u0131na kolayca uyum sa\u011flar.<\/p>","protected":false},"excerpt":{"rendered":"<p>Ayd\u0131nl\u0131k ve ferah bir atmosfer yaratmak isteyenler i\u00e7in ideal olan Vega Masa Tak\u0131m\u0131, beyaz\u0131n safl\u0131\u011f\u0131n\u0131 modern tasar\u0131mla bulu\u015fturuyor. Hem \u015f\u0131k hem de i\u015flevsel yap\u0131s\u0131yla her t\u00fcrl\u00fc dekorasyon tarz\u0131na kolayca uyum sa\u011flar.<\/p>","protected":false},"featured_media":9259,"comment_status":"open","ping_status":"closed","template":"","meta":[],"product_brand":[],"product_cat":[56],"product_tag":[130],"class_list":{"0":"post-9258","1":"product","2":"type-product","3":"status-publish","4":"has-post-thumbnail","6":"product_cat-masa-takimi","7":"product_tag-ahsap-iskandinav","9":"first","10":"instock","11":"shipping-taxable","12":"product-type-variable"},"_links":{"self":[{"href":"https:\/\/toptan.coolsandalye.com\/en\/wp-json\/wp\/v2\/product\/9258","targetHints":{"allow":["GET"]}}],"collection":[{"href":"https:\/\/toptan.coolsandalye.com\/en\/wp-json\/wp\/v2\/product"}],"about":[{"href":"https:\/\/toptan.coolsandalye.com\/en\/wp-json\/wp\/v2\/types\/product"}],"replies":[{"embeddable":true,"href":"https:\/\/toptan.coolsandalye.com\/en\/wp-json\/wp\/v2\/comments?post=9258"}],"wp:featuredmedia":[{"embeddable":true,"href":"https:\/\/toptan.coolsandalye.com\/en\/wp-json\/wp\/v2\/media\/9259"}],"wp:attachment":[{"href":"https:\/\/toptan.coolsandalye.com\/en\/wp-json\/wp\/v2\/media?parent=9258"}],"wp:term":[{"taxonomy":"product_brand","embeddable":true,"href":"https:\/\/toptan.coolsandalye.com\/en\/wp-json\/wp\/v2\/product_brand?post=9258"},{"taxonomy":"product_cat","embeddable":true,"href":"https:\/\/toptan.coolsandalye.com\/en\/wp-json\/wp\/v2\/product_cat?post=9258"},{"taxonomy":"product_tag","embeddable":true,"href":"https:\/\/toptan.coolsandalye.com\/en\/wp-json\/wp\/v2\/product_tag?post=9258"}],"curies":[{"name":"wp","href":"https:\/\/api.w.org\/{rel}","templated":true}]}}