{"id":9256,"date":"2025-02-26T14:06:13","date_gmt":"2025-02-26T11:06:13","guid":{"rendered":"https:\/\/toptan.coolsandalye.com\/?post_type=product&#038;p=9256"},"modified":"2025-06-30T15:30:59","modified_gmt":"2025-06-30T12:30:59","slug":"vega-masa-takimi-siyah","status":"publish","type":"product","link":"https:\/\/toptan.coolsandalye.com\/en\/product\/vega-masa-takimi-siyah\/","title":{"rendered":"Vega Table Set - Black"},"content":{"rendered":"<p>Modern ve zarif bir dokunu\u015f arayanlar i\u00e7in tasarlanan Vega Masa Tak\u0131m\u0131, siyah rengin asaletiyle ya\u015fam alanlar\u0131n\u0131za \u015f\u0131kl\u0131k kat\u0131yor. Minimalist \u00e7izgileri ve i\u015flevsel tasar\u0131m\u0131yla hem estetik hem de kullan\u0131\u015fl\u0131 bir se\u00e7enek sunar.<\/p>","protected":false},"excerpt":{"rendered":"<p>Modern ve zarif bir dokunu\u015f arayanlar i\u00e7in tasarlanan Vega Masa Tak\u0131m\u0131, siyah rengin asaletiyle ya\u015fam alanlar\u0131n\u0131za \u015f\u0131kl\u0131k kat\u0131yor. Minimalist \u00e7izgileri ve i\u015flevsel tasar\u0131m\u0131yla hem estetik hem de kullan\u0131\u015fl\u0131 bir se\u00e7enek sunar.<\/p>","protected":false},"featured_media":9257,"comment_status":"open","ping_status":"closed","template":"","meta":[],"product_brand":[],"product_cat":[56],"product_tag":[130],"class_list":{"0":"post-9256","1":"product","2":"type-product","3":"status-publish","4":"has-post-thumbnail","6":"product_cat-masa-takimi","7":"product_tag-ahsap-iskandinav","9":"first","10":"instock","11":"shipping-taxable","12":"product-type-variable"},"_links":{"self":[{"href":"https:\/\/toptan.coolsandalye.com\/en\/wp-json\/wp\/v2\/product\/9256","targetHints":{"allow":["GET"]}}],"collection":[{"href":"https:\/\/toptan.coolsandalye.com\/en\/wp-json\/wp\/v2\/product"}],"about":[{"href":"https:\/\/toptan.coolsandalye.com\/en\/wp-json\/wp\/v2\/types\/product"}],"replies":[{"embeddable":true,"href":"https:\/\/toptan.coolsandalye.com\/en\/wp-json\/wp\/v2\/comments?post=9256"}],"wp:featuredmedia":[{"embeddable":true,"href":"https:\/\/toptan.coolsandalye.com\/en\/wp-json\/wp\/v2\/media\/9257"}],"wp:attachment":[{"href":"https:\/\/toptan.coolsandalye.com\/en\/wp-json\/wp\/v2\/media?parent=9256"}],"wp:term":[{"taxonomy":"product_brand","embeddable":true,"href":"https:\/\/toptan.coolsandalye.com\/en\/wp-json\/wp\/v2\/product_brand?post=9256"},{"taxonomy":"product_cat","embeddable":true,"href":"https:\/\/toptan.coolsandalye.com\/en\/wp-json\/wp\/v2\/product_cat?post=9256"},{"taxonomy":"product_tag","embeddable":true,"href":"https:\/\/toptan.coolsandalye.com\/en\/wp-json\/wp\/v2\/product_tag?post=9256"}],"curies":[{"name":"wp","href":"https:\/\/api.w.org\/{rel}","templated":true}]}}