{"id":9249,"date":"2024-11-20T16:21:17","date_gmt":"2024-11-20T13:21:17","guid":{"rendered":"https:\/\/toptan.coolsandalye.com\/?post_type=product&#038;p=9249"},"modified":"2025-06-30T15:30:54","modified_gmt":"2025-06-30T12:30:54","slug":"inci-masa-beyaz","status":"publish","type":"product","link":"https:\/\/toptan.coolsandalye.com\/en\/product\/inci-masa-beyaz\/","title":{"rendered":"Pearl Table - White"},"content":{"rendered":"<p>Sade ve zarif tasar\u0131m\u0131yla \u00f6ne \u00e7\u0131kan <strong>Pearl Table - White<\/strong>, ya\u015fam alanlar\u0131n\u0131za modern ve ferah bir hava kat\u0131yor. \u0130nci gibi parlak beyaz y\u00fczeyi, minimalist \u00e7izgileriyle birle\u015ferek hem estetik hem de i\u015flevsel bir mobilya \u00e7\u00f6z\u00fcm\u00fc sunuyor.<\/p>","protected":false},"excerpt":{"rendered":"<p>Sade ve zarif tasar\u0131m\u0131yla \u00f6ne \u00e7\u0131kan <strong>Pearl Table - White<\/strong>, ya\u015fam alanlar\u0131n\u0131za modern ve ferah bir hava kat\u0131yor. \u0130nci gibi parlak beyaz y\u00fczeyi, minimalist \u00e7izgileriyle birle\u015ferek hem estetik hem de i\u015flevsel bir mobilya \u00e7\u00f6z\u00fcm\u00fc sunuyor.<\/p>","protected":false},"featured_media":6895,"comment_status":"open","ping_status":"closed","template":"","meta":[],"product_brand":[],"product_cat":[88],"product_tag":[],"class_list":{"0":"post-9249","1":"product","2":"type-product","3":"status-publish","4":"has-post-thumbnail","6":"product_cat-masa","8":"first","9":"instock","10":"shipping-taxable","11":"product-type-simple"},"_links":{"self":[{"href":"https:\/\/toptan.coolsandalye.com\/en\/wp-json\/wp\/v2\/product\/9249","targetHints":{"allow":["GET"]}}],"collection":[{"href":"https:\/\/toptan.coolsandalye.com\/en\/wp-json\/wp\/v2\/product"}],"about":[{"href":"https:\/\/toptan.coolsandalye.com\/en\/wp-json\/wp\/v2\/types\/product"}],"replies":[{"embeddable":true,"href":"https:\/\/toptan.coolsandalye.com\/en\/wp-json\/wp\/v2\/comments?post=9249"}],"wp:featuredmedia":[{"embeddable":true,"href":"https:\/\/toptan.coolsandalye.com\/en\/wp-json\/wp\/v2\/media\/6895"}],"wp:attachment":[{"href":"https:\/\/toptan.coolsandalye.com\/en\/wp-json\/wp\/v2\/media?parent=9249"}],"wp:term":[{"taxonomy":"product_brand","embeddable":true,"href":"https:\/\/toptan.coolsandalye.com\/en\/wp-json\/wp\/v2\/product_brand?post=9249"},{"taxonomy":"product_cat","embeddable":true,"href":"https:\/\/toptan.coolsandalye.com\/en\/wp-json\/wp\/v2\/product_cat?post=9249"},{"taxonomy":"product_tag","embeddable":true,"href":"https:\/\/toptan.coolsandalye.com\/en\/wp-json\/wp\/v2\/product_tag?post=9249"}],"curies":[{"name":"wp","href":"https:\/\/api.w.org\/{rel}","templated":true}]}}