{"id":9242,"date":"2024-11-20T14:49:51","date_gmt":"2024-11-20T11:49:51","guid":{"rendered":"https:\/\/toptan.coolsandalye.com\/?post_type=product&#038;p=9242"},"modified":"2025-06-30T15:30:59","modified_gmt":"2025-06-30T12:30:59","slug":"lam-masa-beyaz-mermer","status":"publish","type":"product","link":"https:\/\/toptan.coolsandalye.com\/en\/product\/lam-masa-beyaz-mermer\/","title":{"rendered":"Lam Table - White Marble"},"content":{"rendered":"<p>Zarif detaylar\u0131n ve do\u011fal malzemenin kusursuz uyumunu sunan <strong>Lam Table - White Marble<\/strong>, ya\u015fam alanlar\u0131n\u0131za modern ve sofistike bir hava kat\u0131yor. Beyaz mermerin sade ve zamans\u0131z \u015f\u0131kl\u0131\u011f\u0131, bu masay\u0131 hem fonksiyonel hem de estetik bir mobilya haline getiriyor.<\/p>","protected":false},"excerpt":{"rendered":"<p>Zarif detaylar\u0131n ve do\u011fal malzemenin kusursuz uyumunu sunan <strong>Lam Table - White Marble<\/strong>, ya\u015fam alanlar\u0131n\u0131za modern ve sofistike bir hava kat\u0131yor. Beyaz mermerin sade ve zamans\u0131z \u015f\u0131kl\u0131\u011f\u0131, bu masay\u0131 hem fonksiyonel hem de estetik bir mobilya haline getiriyor.<\/p>","protected":false},"featured_media":9230,"comment_status":"open","ping_status":"closed","template":"","meta":[],"product_brand":[],"product_cat":[88],"product_tag":[],"class_list":{"0":"post-9242","1":"product","2":"type-product","3":"status-publish","4":"has-post-thumbnail","6":"product_cat-masa","8":"first","9":"instock","10":"shipping-taxable","11":"product-type-variable"},"_links":{"self":[{"href":"https:\/\/toptan.coolsandalye.com\/en\/wp-json\/wp\/v2\/product\/9242","targetHints":{"allow":["GET"]}}],"collection":[{"href":"https:\/\/toptan.coolsandalye.com\/en\/wp-json\/wp\/v2\/product"}],"about":[{"href":"https:\/\/toptan.coolsandalye.com\/en\/wp-json\/wp\/v2\/types\/product"}],"replies":[{"embeddable":true,"href":"https:\/\/toptan.coolsandalye.com\/en\/wp-json\/wp\/v2\/comments?post=9242"}],"wp:featuredmedia":[{"embeddable":true,"href":"https:\/\/toptan.coolsandalye.com\/en\/wp-json\/wp\/v2\/media\/9230"}],"wp:attachment":[{"href":"https:\/\/toptan.coolsandalye.com\/en\/wp-json\/wp\/v2\/media?parent=9242"}],"wp:term":[{"taxonomy":"product_brand","embeddable":true,"href":"https:\/\/toptan.coolsandalye.com\/en\/wp-json\/wp\/v2\/product_brand?post=9242"},{"taxonomy":"product_cat","embeddable":true,"href":"https:\/\/toptan.coolsandalye.com\/en\/wp-json\/wp\/v2\/product_cat?post=9242"},{"taxonomy":"product_tag","embeddable":true,"href":"https:\/\/toptan.coolsandalye.com\/en\/wp-json\/wp\/v2\/product_tag?post=9242"}],"curies":[{"name":"wp","href":"https:\/\/api.w.org\/{rel}","templated":true}]}}