{"id":7410,"date":"2025-02-26T14:06:14","date_gmt":"2025-02-26T11:06:14","guid":{"rendered":"https:\/\/toptan.coolsandalye.com\/?post_type=product&#038;p=7410"},"modified":"2025-06-30T15:31:43","modified_gmt":"2025-06-30T12:31:43","slug":"hera-lina-dikdortgen-masa-takimi-siyah","status":"publish","type":"product","link":"https:\/\/toptan.coolsandalye.com\/en\/product\/hera-lina-dikdortgen-masa-takimi-siyah\/","title":{"rendered":"Hera Lina Dikd\u00f6rtgen Masa Tak\u0131m\u0131 &#8211; Siyah"},"content":{"rendered":"<p><span style=\"font-weight: 400;\">Cool Sandalye&#8217;nin \u015f\u0131k ve modern tasar\u0131m\u0131yla \u00f6ne \u00e7\u0131kan Hera Lina Dikd\u00f6rtgen Masa Tak\u0131m\u0131, evinize sofistike bir dokunu\u015f katar. Siyah kaplamal\u0131 masa y\u00fczeyi ile zarif bir g\u00f6r\u00fcn\u00fcm sunan bu masa tak\u0131m\u0131, d\u00f6rt ergonomik sandalye ve bir bank ile birlikte gelir. Dayan\u0131kl\u0131 malzemeler kullan\u0131larak \u00fcretilen Hera Lina, uzun \u00f6m\u00fcrl\u00fc kullan\u0131m sa\u011flar. Hem yemek odan\u0131zda hem de mutfa\u011f\u0131n\u0131zda m\u00fckemmel bir uyum yakalar.<\/span><\/p>\n<p><b>Product Features:<\/b><\/p>\n<ul>\n<li style=\"font-weight: 400;\" aria-level=\"1\"><span style=\"font-weight: 400;\">Timber frame<\/span><\/li>\n<li style=\"font-weight: 400;\" aria-level=\"1\"><span style=\"font-weight: 400;\">Modern and Minimalist Design<\/span><\/li>\n<li style=\"font-weight: 400;\" aria-level=\"1\"><span style=\"font-weight: 400;\">Ergonomic Structure<\/span><\/li>\n<li style=\"font-weight: 400;\" aria-level=\"1\"><span style=\"font-weight: 400;\">Natural Wood and Neutral Fabrics\u00a0<\/span><\/li>\n<li style=\"font-weight: 400;\" aria-level=\"1\"><span style=\"font-weight: 400;\">Fabric color can be changed upon request.<\/span><\/li>\n<\/ul>","protected":false},"excerpt":{"rendered":"<p><span style=\"font-weight: 400;\">Cool Sandalye&#8217;nin \u015f\u0131k ve modern tasar\u0131m\u0131yla \u00f6ne \u00e7\u0131kan Hera Lina Dikd\u00f6rtgen Masa Tak\u0131m\u0131, evinize sofistike bir dokunu\u015f katar. Siyah kaplamal\u0131 masa y\u00fczeyi ile zarif bir g\u00f6r\u00fcn\u00fcm sunan bu masa tak\u0131m\u0131, d\u00f6rt ergonomik sandalye ve bir bank ile birlikte gelir. Dayan\u0131kl\u0131 malzemeler kullan\u0131larak \u00fcretilen Hera Lina, uzun \u00f6m\u00fcrl\u00fc kullan\u0131m sa\u011flar. Hem yemek odan\u0131zda hem de mutfa\u011f\u0131n\u0131zda m\u00fckemmel bir uyum yakalar.<\/span><\/p>","protected":false},"featured_media":7411,"comment_status":"open","ping_status":"closed","template":"","meta":[],"product_brand":[],"product_cat":[56],"product_tag":[130],"class_list":{"0":"post-7410","1":"product","2":"type-product","3":"status-publish","4":"has-post-thumbnail","6":"product_cat-masa-takimi","7":"product_tag-ahsap-iskandinav","9":"first","10":"instock","11":"shipping-taxable","12":"product-type-variable"},"_links":{"self":[{"href":"https:\/\/toptan.coolsandalye.com\/en\/wp-json\/wp\/v2\/product\/7410","targetHints":{"allow":["GET"]}}],"collection":[{"href":"https:\/\/toptan.coolsandalye.com\/en\/wp-json\/wp\/v2\/product"}],"about":[{"href":"https:\/\/toptan.coolsandalye.com\/en\/wp-json\/wp\/v2\/types\/product"}],"replies":[{"embeddable":true,"href":"https:\/\/toptan.coolsandalye.com\/en\/wp-json\/wp\/v2\/comments?post=7410"}],"wp:featuredmedia":[{"embeddable":true,"href":"https:\/\/toptan.coolsandalye.com\/en\/wp-json\/wp\/v2\/media\/7411"}],"wp:attachment":[{"href":"https:\/\/toptan.coolsandalye.com\/en\/wp-json\/wp\/v2\/media?parent=7410"}],"wp:term":[{"taxonomy":"product_brand","embeddable":true,"href":"https:\/\/toptan.coolsandalye.com\/en\/wp-json\/wp\/v2\/product_brand?post=7410"},{"taxonomy":"product_cat","embeddable":true,"href":"https:\/\/toptan.coolsandalye.com\/en\/wp-json\/wp\/v2\/product_cat?post=7410"},{"taxonomy":"product_tag","embeddable":true,"href":"https:\/\/toptan.coolsandalye.com\/en\/wp-json\/wp\/v2\/product_tag?post=7410"}],"curies":[{"name":"wp","href":"https:\/\/api.w.org\/{rel}","templated":true}]}}