{"id":7277,"date":"2025-02-26T14:06:10","date_gmt":"2025-02-26T11:06:10","guid":{"rendered":"https:\/\/toptan.coolsandalye.com\/?post_type=product&#038;p=7277"},"modified":"2025-06-30T15:31:20","modified_gmt":"2025-06-30T12:31:20","slug":"riva-elara-oval-masa-takimi-beyaz","status":"publish","type":"product","link":"https:\/\/toptan.coolsandalye.com\/en\/product\/riva-elara-oval-masa-takimi-beyaz\/","title":{"rendered":"Riva Elara Oval Masa Tak\u0131m\u0131 &#8211; Beyaz"},"content":{"rendered":"<p><span style=\"font-weight: 400;\">Riva Elara Masa Tak\u0131m\u0131, modern ve minimalist tasar\u0131m\u0131yla ya\u015fam alanlar\u0131n\u0131za zarafet kat\u0131yor. Ah\u015fap \u00e7er\u00e7evesi ve ergonomik yap\u0131s\u0131 ile dikkat \u00e7eken bu tak\u0131m, do\u011fal ah\u015fap ve n\u00f6tr tonlarda kuma\u015f kullan\u0131larak \u00fcretilmi\u015ftir. Oturma odas\u0131 ve yemek odas\u0131 gibi \u00e7e\u015fitli i\u00e7 mekanlarda \u00e7ok ama\u00e7l\u0131 kullan\u0131m imkan\u0131 sunar.\u00a0<\/span><\/p>\n<p><b>Product Features:<\/b><\/p>\n<ul>\n<li style=\"font-weight: 400;\" aria-level=\"1\"><span style=\"font-weight: 400;\">Timber frame<\/span><\/li>\n<li style=\"font-weight: 400;\" aria-level=\"1\"><span style=\"font-weight: 400;\">Modern and Minimalist Design<\/span><\/li>\n<li style=\"font-weight: 400;\" aria-level=\"1\"><span style=\"font-weight: 400;\">Ergonomic Structure<\/span><\/li>\n<li style=\"font-weight: 400;\" aria-level=\"1\"><span style=\"font-weight: 400;\">Natural Wood and Neutral Fabrics\u00a0<\/span><\/li>\n<li style=\"font-weight: 400;\" aria-level=\"1\"><span style=\"font-weight: 400;\">Fabric color can be changed upon request.<\/span><\/li>\n<\/ul>","protected":false},"excerpt":{"rendered":"<p><span style=\"font-weight: 400;\">Riva Elara Masa Tak\u0131m\u0131, modern ve minimalist tasar\u0131m\u0131yla ya\u015fam alanlar\u0131n\u0131za zarafet kat\u0131yor. Ah\u015fap \u00e7er\u00e7evesi ve ergonomik yap\u0131s\u0131 ile dikkat \u00e7eken bu tak\u0131m, do\u011fal ah\u015fap ve n\u00f6tr tonlarda kuma\u015f kullan\u0131larak \u00fcretilmi\u015ftir. Oturma odas\u0131 ve yemek odas\u0131 gibi \u00e7e\u015fitli i\u00e7 mekanlarda \u00e7ok ama\u00e7l\u0131 kullan\u0131m imkan\u0131 sunar.\u00a0<\/span><\/p>","protected":false},"featured_media":7278,"comment_status":"open","ping_status":"closed","template":"","meta":[],"product_brand":[],"product_cat":[56],"product_tag":[130,109],"class_list":{"0":"post-7277","1":"product","2":"type-product","3":"status-publish","4":"has-post-thumbnail","6":"product_cat-masa-takimi","7":"product_tag-ahsap-iskandinav","8":"product_tag-yeni","10":"first","11":"instock","12":"shipping-taxable","13":"product-type-variable"},"_links":{"self":[{"href":"https:\/\/toptan.coolsandalye.com\/en\/wp-json\/wp\/v2\/product\/7277","targetHints":{"allow":["GET"]}}],"collection":[{"href":"https:\/\/toptan.coolsandalye.com\/en\/wp-json\/wp\/v2\/product"}],"about":[{"href":"https:\/\/toptan.coolsandalye.com\/en\/wp-json\/wp\/v2\/types\/product"}],"replies":[{"embeddable":true,"href":"https:\/\/toptan.coolsandalye.com\/en\/wp-json\/wp\/v2\/comments?post=7277"}],"wp:featuredmedia":[{"embeddable":true,"href":"https:\/\/toptan.coolsandalye.com\/en\/wp-json\/wp\/v2\/media\/7278"}],"wp:attachment":[{"href":"https:\/\/toptan.coolsandalye.com\/en\/wp-json\/wp\/v2\/media?parent=7277"}],"wp:term":[{"taxonomy":"product_brand","embeddable":true,"href":"https:\/\/toptan.coolsandalye.com\/en\/wp-json\/wp\/v2\/product_brand?post=7277"},{"taxonomy":"product_cat","embeddable":true,"href":"https:\/\/toptan.coolsandalye.com\/en\/wp-json\/wp\/v2\/product_cat?post=7277"},{"taxonomy":"product_tag","embeddable":true,"href":"https:\/\/toptan.coolsandalye.com\/en\/wp-json\/wp\/v2\/product_tag?post=7277"}],"curies":[{"name":"wp","href":"https:\/\/api.w.org\/{rel}","templated":true}]}}