{"id":7036,"date":"2025-02-26T14:06:11","date_gmt":"2025-02-26T11:06:11","guid":{"rendered":"https:\/\/toptan.coolsandalye.com\/?post_type=product&#038;p=7036"},"modified":"2025-06-30T15:31:15","modified_gmt":"2025-06-30T12:31:15","slug":"riva-elara-oval-masa-takimi-ceviz","status":"publish","type":"product","link":"https:\/\/toptan.coolsandalye.com\/en\/product\/riva-elara-oval-masa-takimi-ceviz\/","title":{"rendered":"Riva Elara Oval Masa Tak\u0131m\u0131 &#8211; Ceviz"},"content":{"rendered":"<p><span style=\"font-weight: 400;\">Riva Elara Masa Tak\u0131m\u0131, modern ve zarif tasar\u0131m\u0131yla ya\u015fam alanlar\u0131n\u0131za s\u0131cakl\u0131k kat\u0131yor. Ah\u015fap ceviz \u00e7er\u00e7evesi ve ergonomik yap\u0131s\u0131 ile konfor ve dayan\u0131kl\u0131l\u0131\u011f\u0131 bir arada sunar. Do\u011fal ah\u015fap ve n\u00f6tr tonlarda kuma\u015f kullan\u0131larak \u00fcretilmi\u015ftir. Oturma odas\u0131 ve yemek odas\u0131 gibi alanlarda \u00e7ok ama\u00e7l\u0131 kullan\u0131m imkan\u0131 sa\u011flar.<\/span><\/p>\n<p><b>Product Features:<\/b><\/p>\n<ul>\n<li style=\"font-weight: 400;\" aria-level=\"1\"><span style=\"font-weight: 400;\">Timber frame<\/span><\/li>\n<li style=\"font-weight: 400;\" aria-level=\"1\"><span style=\"font-weight: 400;\">Modern and Minimalist Design<\/span><\/li>\n<li style=\"font-weight: 400;\" aria-level=\"1\"><span style=\"font-weight: 400;\">Ergonomic Structure<\/span><\/li>\n<li style=\"font-weight: 400;\" aria-level=\"1\"><span style=\"font-weight: 400;\">Natural Wood and Neutral Fabrics\u00a0<\/span><\/li>\n<li style=\"font-weight: 400;\" aria-level=\"1\"><span style=\"font-weight: 400;\">Fabric color can be changed upon request.<\/span><\/li>\n<\/ul>","protected":false},"excerpt":{"rendered":"<p><span style=\"font-weight: 400;\">Riva Elara Masa Tak\u0131m\u0131, modern ve zarif tasar\u0131m\u0131yla ya\u015fam alanlar\u0131n\u0131za s\u0131cakl\u0131k kat\u0131yor. Ah\u015fap ceviz \u00e7er\u00e7evesi ve ergonomik yap\u0131s\u0131 ile konfor ve dayan\u0131kl\u0131l\u0131\u011f\u0131 bir arada sunar. Do\u011fal ah\u015fap ve n\u00f6tr tonlarda kuma\u015f kullan\u0131larak \u00fcretilmi\u015ftir. Oturma odas\u0131 ve yemek odas\u0131 gibi alanlarda \u00e7ok ama\u00e7l\u0131 kullan\u0131m imkan\u0131 sa\u011flar.<\/span><\/p>","protected":false},"featured_media":7037,"comment_status":"open","ping_status":"closed","template":"","meta":[],"product_brand":[],"product_cat":[56],"product_tag":[130],"class_list":{"0":"post-7036","1":"product","2":"type-product","3":"status-publish","4":"has-post-thumbnail","6":"product_cat-masa-takimi","7":"product_tag-ahsap-iskandinav","9":"first","10":"instock","11":"shipping-taxable","12":"product-type-variable"},"_links":{"self":[{"href":"https:\/\/toptan.coolsandalye.com\/en\/wp-json\/wp\/v2\/product\/7036","targetHints":{"allow":["GET"]}}],"collection":[{"href":"https:\/\/toptan.coolsandalye.com\/en\/wp-json\/wp\/v2\/product"}],"about":[{"href":"https:\/\/toptan.coolsandalye.com\/en\/wp-json\/wp\/v2\/types\/product"}],"replies":[{"embeddable":true,"href":"https:\/\/toptan.coolsandalye.com\/en\/wp-json\/wp\/v2\/comments?post=7036"}],"wp:featuredmedia":[{"embeddable":true,"href":"https:\/\/toptan.coolsandalye.com\/en\/wp-json\/wp\/v2\/media\/7037"}],"wp:attachment":[{"href":"https:\/\/toptan.coolsandalye.com\/en\/wp-json\/wp\/v2\/media?parent=7036"}],"wp:term":[{"taxonomy":"product_brand","embeddable":true,"href":"https:\/\/toptan.coolsandalye.com\/en\/wp-json\/wp\/v2\/product_brand?post=7036"},{"taxonomy":"product_cat","embeddable":true,"href":"https:\/\/toptan.coolsandalye.com\/en\/wp-json\/wp\/v2\/product_cat?post=7036"},{"taxonomy":"product_tag","embeddable":true,"href":"https:\/\/toptan.coolsandalye.com\/en\/wp-json\/wp\/v2\/product_tag?post=7036"}],"curies":[{"name":"wp","href":"https:\/\/api.w.org\/{rel}","templated":true}]}}