{"id":4829,"date":"2025-02-26T14:06:05","date_gmt":"2025-02-26T11:06:05","guid":{"rendered":"https:\/\/toptan.coolsandalye.com\/product\/blue-masa-takimi-siyah-mermer\/"},"modified":"2025-06-30T15:32:06","modified_gmt":"2025-06-30T12:32:06","slug":"lam-blue-masa-takimi-siyah-mermer","status":"publish","type":"product","link":"https:\/\/toptan.coolsandalye.com\/en\/product\/lam-blue-masa-takimi-siyah-mermer\/","title":{"rendered":"Lam Blue Masa Tak\u0131m\u0131 &#8211; Siyah Mermer"},"content":{"rendered":"<p>Lam Blue Masa Tak\u0131m\u0131, modern tasar\u0131m\u0131 ve \u015f\u0131k siyah mermer y\u00fczeyi ile zarif bir g\u00f6r\u00fcn\u00fcm sunar. Dayan\u0131kl\u0131 yap\u0131s\u0131, uzun \u00f6m\u00fcrl\u00fc kullan\u0131m sa\u011flar ve hem ev hem de i\u015f ortamlar\u0131nda estetik bir atmosfer yarat\u0131r. \u015e\u0131kl\u0131\u011f\u0131 ve fonksiyonelli\u011fi bir arada sunan bu masa tak\u0131m\u0131, her t\u00fcrl\u00fc dekorasyon stiline uyum sa\u011flar ve mekan\u0131n\u0131za modern bir dokunu\u015f katar. Ayr\u0131ca, a\u00e7\u0131labilir yap\u0131s\u0131yla geni\u015f alan ihtiyac\u0131n\u0131z\u0131 kar\u015f\u0131layarak esnek ve pratik bir kullan\u0131m sunar.<\/p>","protected":false},"excerpt":{"rendered":"<p>Lam Blue Masa Tak\u0131m\u0131, modern tasar\u0131m\u0131 ve \u015f\u0131k siyah mermer y\u00fczeyi ile zarif bir g\u00f6r\u00fcn\u00fcm sunar. Dayan\u0131kl\u0131 yap\u0131s\u0131, uzun \u00f6m\u00fcrl\u00fc kullan\u0131m sa\u011flar ve hem ev hem de i\u015f ortamlar\u0131nda estetik bir atmosfer yarat\u0131r. \u015e\u0131kl\u0131\u011f\u0131 ve fonksiyonelli\u011fi bir arada sunan bu masa tak\u0131m\u0131, her t\u00fcrl\u00fc dekorasyon stiline uyum sa\u011flar ve mekan\u0131n\u0131za modern bir dokunu\u015f katar. Ayr\u0131ca, a\u00e7\u0131labilir yap\u0131s\u0131yla geni\u015f alan ihtiyac\u0131n\u0131z\u0131 kar\u015f\u0131layarak esnek ve pratik bir kullan\u0131m sunar.<\/p>","protected":false},"featured_media":6867,"comment_status":"open","ping_status":"closed","template":"","meta":[],"product_brand":[],"product_cat":[56],"product_tag":[134],"class_list":{"0":"post-4829","1":"product","2":"type-product","3":"status-publish","4":"has-post-thumbnail","6":"product_cat-masa-takimi","7":"product_tag-salon-mutfak","9":"first","10":"instock","11":"shipping-taxable","12":"product-type-variable"},"_links":{"self":[{"href":"https:\/\/toptan.coolsandalye.com\/en\/wp-json\/wp\/v2\/product\/4829","targetHints":{"allow":["GET"]}}],"collection":[{"href":"https:\/\/toptan.coolsandalye.com\/en\/wp-json\/wp\/v2\/product"}],"about":[{"href":"https:\/\/toptan.coolsandalye.com\/en\/wp-json\/wp\/v2\/types\/product"}],"replies":[{"embeddable":true,"href":"https:\/\/toptan.coolsandalye.com\/en\/wp-json\/wp\/v2\/comments?post=4829"}],"wp:featuredmedia":[{"embeddable":true,"href":"https:\/\/toptan.coolsandalye.com\/en\/wp-json\/wp\/v2\/media\/6867"}],"wp:attachment":[{"href":"https:\/\/toptan.coolsandalye.com\/en\/wp-json\/wp\/v2\/media?parent=4829"}],"wp:term":[{"taxonomy":"product_brand","embeddable":true,"href":"https:\/\/toptan.coolsandalye.com\/en\/wp-json\/wp\/v2\/product_brand?post=4829"},{"taxonomy":"product_cat","embeddable":true,"href":"https:\/\/toptan.coolsandalye.com\/en\/wp-json\/wp\/v2\/product_cat?post=4829"},{"taxonomy":"product_tag","embeddable":true,"href":"https:\/\/toptan.coolsandalye.com\/en\/wp-json\/wp\/v2\/product_tag?post=4829"}],"curies":[{"name":"wp","href":"https:\/\/api.w.org\/{rel}","templated":true}]}}