{"id":4774,"date":"2025-02-26T14:05:59","date_gmt":"2025-02-26T11:05:59","guid":{"rendered":"https:\/\/toptan.coolsandalye.com\/product\/gobek-ayak-kartal-kapitone-masa-takimi-beyaz\/"},"modified":"2025-06-30T15:30:53","modified_gmt":"2025-06-30T12:30:53","slug":"gobek-ayak-kartal-kapitone-masa-takimi-beyaz","status":"publish","type":"product","link":"https:\/\/toptan.coolsandalye.com\/en\/product\/gobek-ayak-kartal-kapitone-masa-takimi-beyaz\/","title":{"rendered":"Center Leg Eagle Quilted Table Set - White"},"content":{"rendered":"<p>G\u00f6bek Ayak Kartal Kapitone Masa Tak\u0131m\u0131, beyaz rengi ve kapitone detaylar\u0131yla zarif ve sofistike bir g\u00f6r\u00fcn\u00fcm sunar. G\u00f6bek ayak tasar\u0131m\u0131 ile mekana klasik bir zarafet katarken, beyaz rengi ile her dekorasyona uyum sa\u011flar. \u015e\u0131kl\u0131k ve konforu bir arada arayanlar i\u00e7in ideal.<\/p>","protected":false},"excerpt":{"rendered":"<p>G\u00f6bek Ayak Kartal Kapitone Masa Tak\u0131m\u0131, beyaz rengi ve kapitone detaylar\u0131yla zarif ve sofistike bir g\u00f6r\u00fcn\u00fcm sunar. G\u00f6bek ayak tasar\u0131m\u0131 ile mekana klasik bir zarafet katarken, beyaz rengi ile her dekorasyona uyum sa\u011flar. \u015e\u0131kl\u0131k ve konforu bir arada arayanlar i\u00e7in ideal.<\/p>","protected":false},"featured_media":4004,"comment_status":"open","ping_status":"closed","template":"","meta":[],"product_brand":[],"product_cat":[56],"product_tag":[],"class_list":{"0":"post-4774","1":"product","2":"type-product","3":"status-publish","4":"has-post-thumbnail","6":"product_cat-masa-takimi","8":"first","9":"instock","10":"shipping-taxable","11":"product-type-variable"},"_links":{"self":[{"href":"https:\/\/toptan.coolsandalye.com\/en\/wp-json\/wp\/v2\/product\/4774","targetHints":{"allow":["GET"]}}],"collection":[{"href":"https:\/\/toptan.coolsandalye.com\/en\/wp-json\/wp\/v2\/product"}],"about":[{"href":"https:\/\/toptan.coolsandalye.com\/en\/wp-json\/wp\/v2\/types\/product"}],"replies":[{"embeddable":true,"href":"https:\/\/toptan.coolsandalye.com\/en\/wp-json\/wp\/v2\/comments?post=4774"}],"wp:featuredmedia":[{"embeddable":true,"href":"https:\/\/toptan.coolsandalye.com\/en\/wp-json\/wp\/v2\/media\/4004"}],"wp:attachment":[{"href":"https:\/\/toptan.coolsandalye.com\/en\/wp-json\/wp\/v2\/media?parent=4774"}],"wp:term":[{"taxonomy":"product_brand","embeddable":true,"href":"https:\/\/toptan.coolsandalye.com\/en\/wp-json\/wp\/v2\/product_brand?post=4774"},{"taxonomy":"product_cat","embeddable":true,"href":"https:\/\/toptan.coolsandalye.com\/en\/wp-json\/wp\/v2\/product_cat?post=4774"},{"taxonomy":"product_tag","embeddable":true,"href":"https:\/\/toptan.coolsandalye.com\/en\/wp-json\/wp\/v2\/product_tag?post=4774"}],"curies":[{"name":"wp","href":"https:\/\/api.w.org\/{rel}","templated":true}]}}