{"id":4773,"date":"2025-02-26T14:05:59","date_gmt":"2025-02-26T11:05:59","guid":{"rendered":"https:\/\/toptan.coolsandalye.com\/product\/gobek-ayak-kartal-kapitone-masa-takimi-parke-ceviz\/"},"modified":"2025-06-30T15:30:55","modified_gmt":"2025-06-30T12:30:55","slug":"gobek-ayak-kartal-kapitone-masa-takimi-ceviz","status":"publish","type":"product","link":"https:\/\/toptan.coolsandalye.com\/en\/product\/gobek-ayak-kartal-kapitone-masa-takimi-ceviz\/","title":{"rendered":"Center Leg Eagle Quilted Table Set - Walnut"},"content":{"rendered":"<p>G\u00f6bek Ayak Kartal Kapitone Masa Tak\u0131m\u0131, parke ceviz kaplamas\u0131yla s\u0131cak ve klasik bir atmosfer sunar. Kapitone detaylar\u0131 ve g\u00f6bek ayak tasar\u0131m\u0131, mekana zarif bir dokunu\u015f katarken, ceviz tonlar\u0131 ile do\u011fall\u0131k sa\u011flar. \u015e\u0131kl\u0131k ve konforu bir arada arayanlar i\u00e7in m\u00fckemmel bir se\u00e7enek.<\/p>","protected":false},"excerpt":{"rendered":"<p>G\u00f6bek Ayak Kartal Kapitone Masa Tak\u0131m\u0131, parke ceviz kaplamas\u0131yla s\u0131cak ve klasik bir atmosfer sunar. Kapitone detaylar\u0131 ve g\u00f6bek ayak tasar\u0131m\u0131, mekana zarif bir dokunu\u015f katarken, ceviz tonlar\u0131 ile do\u011fall\u0131k sa\u011flar. \u015e\u0131kl\u0131k ve konforu bir arada arayanlar i\u00e7in m\u00fckemmel bir se\u00e7enek.<\/p>","protected":false},"featured_media":4001,"comment_status":"open","ping_status":"closed","template":"","meta":[],"product_brand":[],"product_cat":[56],"product_tag":[],"class_list":{"0":"post-4773","1":"product","2":"type-product","3":"status-publish","4":"has-post-thumbnail","6":"product_cat-masa-takimi","8":"first","9":"instock","10":"shipping-taxable","11":"product-type-variable"},"_links":{"self":[{"href":"https:\/\/toptan.coolsandalye.com\/en\/wp-json\/wp\/v2\/product\/4773","targetHints":{"allow":["GET"]}}],"collection":[{"href":"https:\/\/toptan.coolsandalye.com\/en\/wp-json\/wp\/v2\/product"}],"about":[{"href":"https:\/\/toptan.coolsandalye.com\/en\/wp-json\/wp\/v2\/types\/product"}],"replies":[{"embeddable":true,"href":"https:\/\/toptan.coolsandalye.com\/en\/wp-json\/wp\/v2\/comments?post=4773"}],"wp:featuredmedia":[{"embeddable":true,"href":"https:\/\/toptan.coolsandalye.com\/en\/wp-json\/wp\/v2\/media\/4001"}],"wp:attachment":[{"href":"https:\/\/toptan.coolsandalye.com\/en\/wp-json\/wp\/v2\/media?parent=4773"}],"wp:term":[{"taxonomy":"product_brand","embeddable":true,"href":"https:\/\/toptan.coolsandalye.com\/en\/wp-json\/wp\/v2\/product_brand?post=4773"},{"taxonomy":"product_cat","embeddable":true,"href":"https:\/\/toptan.coolsandalye.com\/en\/wp-json\/wp\/v2\/product_cat?post=4773"},{"taxonomy":"product_tag","embeddable":true,"href":"https:\/\/toptan.coolsandalye.com\/en\/wp-json\/wp\/v2\/product_tag?post=4773"}],"curies":[{"name":"wp","href":"https:\/\/api.w.org\/{rel}","templated":true}]}}