{"id":10234,"date":"2025-02-18T14:34:44","date_gmt":"2025-02-18T11:34:44","guid":{"rendered":"https:\/\/toptan.coolsandalye.com\/?post_type=product&#038;p=10234"},"modified":"2025-06-30T15:31:38","modified_gmt":"2025-06-30T12:31:38","slug":"metal-beyaz-sedir-takimi","status":"publish","type":"product","link":"https:\/\/toptan.coolsandalye.com\/en\/product\/metal-beyaz-sedir-takimi\/","title":{"rendered":"Metal Beyaz Sedir Tak\u0131m\u0131"},"content":{"rendered":"<p>Metal Beyaz Sedir Tak\u0131m\u0131, ferah ve zarif tasar\u0131m\u0131yla mekanlar\u0131n\u0131za ayd\u0131nl\u0131k bir hava kat\u0131yor. Sa\u011flam metal iskeleti ve konforlu oturma alan\u0131 ile hem \u015f\u0131kl\u0131k hem de dayan\u0131kl\u0131l\u0131k sunar. Beyaz\u0131n zamans\u0131z \u015f\u0131kl\u0131\u011f\u0131yla tasarlanan bu sedir tak\u0131m\u0131, modern ve klasik dekorasyon stilleriyle m\u00fckemmel bir uyum yakalar. \u0130\u00e7 ve d\u0131\u015f mekanlarda, bah\u00e7elerden oturma odalar\u0131na kadar geni\u015f bir kullan\u0131m alan\u0131na sahiptir.<\/p>","protected":false},"excerpt":{"rendered":"<p>Metal Beyaz Sedir Tak\u0131m\u0131, ferah ve zarif tasar\u0131m\u0131yla mekanlar\u0131n\u0131za ayd\u0131nl\u0131k bir hava kat\u0131yor. Sa\u011flam metal iskeleti ve konforlu oturma alan\u0131 ile hem \u015f\u0131kl\u0131k hem de dayan\u0131kl\u0131l\u0131k sunar. Beyaz\u0131n zamans\u0131z \u015f\u0131kl\u0131\u011f\u0131yla tasarlanan bu sedir tak\u0131m\u0131, modern ve klasik dekorasyon stilleriyle m\u00fckemmel bir uyum yakalar. \u0130\u00e7 ve d\u0131\u015f mekanlarda, bah\u00e7elerden oturma odalar\u0131na kadar geni\u015f bir kullan\u0131m alan\u0131na sahiptir.<\/p>","protected":false},"featured_media":10233,"comment_status":"open","ping_status":"closed","template":"","meta":[],"product_brand":[],"product_cat":[94],"product_tag":[],"class_list":{"0":"post-10234","1":"product","2":"type-product","3":"status-publish","4":"has-post-thumbnail","6":"product_cat-sedir","8":"first","9":"instock","10":"shipping-taxable","11":"product-type-simple"},"_links":{"self":[{"href":"https:\/\/toptan.coolsandalye.com\/en\/wp-json\/wp\/v2\/product\/10234","targetHints":{"allow":["GET"]}}],"collection":[{"href":"https:\/\/toptan.coolsandalye.com\/en\/wp-json\/wp\/v2\/product"}],"about":[{"href":"https:\/\/toptan.coolsandalye.com\/en\/wp-json\/wp\/v2\/types\/product"}],"replies":[{"embeddable":true,"href":"https:\/\/toptan.coolsandalye.com\/en\/wp-json\/wp\/v2\/comments?post=10234"}],"wp:featuredmedia":[{"embeddable":true,"href":"https:\/\/toptan.coolsandalye.com\/en\/wp-json\/wp\/v2\/media\/10233"}],"wp:attachment":[{"href":"https:\/\/toptan.coolsandalye.com\/en\/wp-json\/wp\/v2\/media?parent=10234"}],"wp:term":[{"taxonomy":"product_brand","embeddable":true,"href":"https:\/\/toptan.coolsandalye.com\/en\/wp-json\/wp\/v2\/product_brand?post=10234"},{"taxonomy":"product_cat","embeddable":true,"href":"https:\/\/toptan.coolsandalye.com\/en\/wp-json\/wp\/v2\/product_cat?post=10234"},{"taxonomy":"product_tag","embeddable":true,"href":"https:\/\/toptan.coolsandalye.com\/en\/wp-json\/wp\/v2\/product_tag?post=10234"}],"curies":[{"name":"wp","href":"https:\/\/api.w.org\/{rel}","templated":true}]}}