{"id":10174,"date":"2025-02-18T12:34:44","date_gmt":"2025-02-18T09:34:44","guid":{"rendered":"https:\/\/toptan.coolsandalye.com\/?post_type=product&#038;p=10174"},"modified":"2025-06-30T15:31:35","modified_gmt":"2025-06-30T12:31:35","slug":"hera-masa-beyaz-mermer","status":"publish","type":"product","link":"https:\/\/toptan.coolsandalye.com\/en\/product\/hera-masa-beyaz-mermer\/","title":{"rendered":"Hera Masa &#8211; Beyaz Mermer"},"content":{"rendered":"<p>Cool Sandalye markas\u0131n\u0131n zarif ve modern \u00fcr\u00fcn\u00fc Hera Beyaz Mermer Masa ile tan\u0131\u015f\u0131n. \u015e\u0131k siyah mermer y\u00fczeyi, sofistike bir g\u00f6r\u00fcn\u00fcm sunarken, sa\u011flam ve dayan\u0131kl\u0131 yap\u0131s\u0131 uzun \u00f6m\u00fcrl\u00fc kullan\u0131m sa\u011flar. Minimalist tasar\u0131m\u0131, her t\u00fcr dekorasyon stiline m\u00fckemmel uyum sa\u011flar. \u0130ster yemek odan\u0131zda ister \u00e7al\u0131\u015fma alan\u0131n\u0131zda kullan\u0131n, Hera Beyaz Mermer Masa estetik ve fonksiyonelli\u011fi bir arada sunar. Uzayabilme \u00f6zelli\u011fi ile daha geni\u015f alanlarda pratik kullan\u0131m sunarak kalabal\u0131k davetler i\u00e7in ideal bir \u00e7\u00f6z\u00fcmd\u00fcr.<\/p>","protected":false},"excerpt":{"rendered":"<p>Cool Sandalye markas\u0131n\u0131n zarif ve modern \u00fcr\u00fcn\u00fc Hera Beyaz Mermer Masa ile tan\u0131\u015f\u0131n. \u015e\u0131k siyah mermer y\u00fczeyi, sofistike bir g\u00f6r\u00fcn\u00fcm sunarken, sa\u011flam ve dayan\u0131kl\u0131 yap\u0131s\u0131 uzun \u00f6m\u00fcrl\u00fc kullan\u0131m sa\u011flar. Minimalist tasar\u0131m\u0131, her t\u00fcr dekorasyon stiline m\u00fckemmel uyum sa\u011flar. \u0130ster yemek odan\u0131zda ister \u00e7al\u0131\u015fma alan\u0131n\u0131zda kullan\u0131n, Hera Beyaz Mermer Masa estetik ve fonksiyonelli\u011fi bir arada sunar. Uzayabilme \u00f6zelli\u011fi ile daha geni\u015f alanlarda pratik kullan\u0131m sunarak kalabal\u0131k davetler i\u00e7in ideal bir \u00e7\u00f6z\u00fcmd\u00fcr.<\/p>","protected":false},"featured_media":10177,"comment_status":"open","ping_status":"closed","template":"","meta":[],"product_brand":[],"product_cat":[88],"product_tag":[],"class_list":{"0":"post-10174","1":"product","2":"type-product","3":"status-publish","4":"has-post-thumbnail","6":"product_cat-masa","8":"first","9":"instock","10":"shipping-taxable","11":"product-type-variable"},"_links":{"self":[{"href":"https:\/\/toptan.coolsandalye.com\/en\/wp-json\/wp\/v2\/product\/10174","targetHints":{"allow":["GET"]}}],"collection":[{"href":"https:\/\/toptan.coolsandalye.com\/en\/wp-json\/wp\/v2\/product"}],"about":[{"href":"https:\/\/toptan.coolsandalye.com\/en\/wp-json\/wp\/v2\/types\/product"}],"replies":[{"embeddable":true,"href":"https:\/\/toptan.coolsandalye.com\/en\/wp-json\/wp\/v2\/comments?post=10174"}],"wp:featuredmedia":[{"embeddable":true,"href":"https:\/\/toptan.coolsandalye.com\/en\/wp-json\/wp\/v2\/media\/10177"}],"wp:attachment":[{"href":"https:\/\/toptan.coolsandalye.com\/en\/wp-json\/wp\/v2\/media?parent=10174"}],"wp:term":[{"taxonomy":"product_brand","embeddable":true,"href":"https:\/\/toptan.coolsandalye.com\/en\/wp-json\/wp\/v2\/product_brand?post=10174"},{"taxonomy":"product_cat","embeddable":true,"href":"https:\/\/toptan.coolsandalye.com\/en\/wp-json\/wp\/v2\/product_cat?post=10174"},{"taxonomy":"product_tag","embeddable":true,"href":"https:\/\/toptan.coolsandalye.com\/en\/wp-json\/wp\/v2\/product_tag?post=10174"}],"curies":[{"name":"wp","href":"https:\/\/api.w.org\/{rel}","templated":true}]}}