{"id":6778,"date":"2024-07-09T17:16:19","date_gmt":"2024-07-09T14:16:19","guid":{"rendered":"https:\/\/toptan.coolsandalye.com\/?page_id=6778"},"modified":"2025-06-24T16:43:43","modified_gmt":"2025-06-24T13:43:43","slug":"ihracat-talebi","status":"publish","type":"page","link":"https:\/\/toptan.coolsandalye.com\/en\/ihracat-talebi\/","title":{"rendered":"Export Demand"},"content":{"rendered":"<div data-elementor-type=\"wp-page\" data-elementor-id=\"6778\" class=\"elementor elementor-6778\" data-elementor-post-type=\"page\">\n\t\t\t\t\t\t<section class=\"elementor-section elementor-top-section elementor-element elementor-element-b456dc9 elementor-section-boxed elementor-section-height-default elementor-section-height-default\" data-id=\"b456dc9\" data-element_type=\"section\" data-settings=\"{&quot;background_background&quot;:&quot;gradient&quot;}\">\n\t\t\t\t\t\t<div class=\"elementor-container elementor-column-gap-default\">\n\t\t\t\t\t<div class=\"elementor-column elementor-col-100 elementor-top-column elementor-element elementor-element-5c54ad1 kitify-col-width-auto-no kitify-disable-relative-no\" data-id=\"5c54ad1\" data-element_type=\"column\">\n\t\t\t<div class=\"elementor-widget-wrap elementor-element-populated\">\n\t\t\t\t\t\t<div class=\"elementor-element elementor-element-89aad2c elementor-widget elementor-widget-heading\" data-id=\"89aad2c\" data-element_type=\"widget\" data-widget_type=\"heading.default\">\n\t\t\t\t<div class=\"elementor-widget-container\">\n\t\t\t<h2 class=\"elementor-heading-title elementor-size-default\">Export Demand<\/h2>\t\t<\/div>\n\t\t\t\t<\/div>\n\t\t\t\t<div class=\"elementor-element elementor-element-f734864 kitify-breadcrumbs-align-center kitify-breadcrumbs-align-tablet-center elementor-widget kitify elementor-kitify-breadcrumbs\" data-id=\"f734864\" data-element_type=\"widget\" data-widget_type=\"kitify-breadcrumbs.default\">\n\t\t\t\t<div class=\"elementor-widget-container\">\n\t\t\t\n\t\t<div class=\"kitify-breadcrumbs\">\n\t\t<div class=\"kitify-breadcrumbs__content\">\n\t\t<div class=\"kitify-breadcrumbs__wrap\"><div class=\"kitify-breadcrumbs__item\"><a href=\"https:\/\/toptan.coolsandalye.com\/en\/\" class=\"kitify-breadcrumbs__item-link is-home\" rel=\"home\" title=\"Home\">Home<\/a><\/div>\n\t\t<\/div>\n\t\t<\/div>\n\t\t<\/div>\t\t<\/div>\n\t\t\t\t<\/div>\n\t\t\t\t\t<\/div>\n\t\t<\/div>\n\t\t\t\t\t<\/div>\n\t\t<\/section>\n\t\t\t\t<section class=\"elementor-section elementor-top-section elementor-element elementor-element-708a18b elementor-section-boxed elementor-section-height-default elementor-section-height-default\" data-id=\"708a18b\" data-element_type=\"section\" data-settings=\"{&quot;background_background&quot;:&quot;classic&quot;}\">\n\t\t\t\t\t\t<div class=\"elementor-container elementor-column-gap-default\">\n\t\t\t\t\t<div class=\"elementor-column elementor-col-100 elementor-top-column elementor-element elementor-element-fd81db4 kitify-col-width-auto-no kitify-disable-relative-no\" data-id=\"fd81db4\" data-element_type=\"column\">\n\t\t\t<div class=\"elementor-widget-wrap elementor-element-populated\">\n\t\t\t\t\t\t<div class=\"elementor-element elementor-element-bcebdda elementor-invisible kitify-has-entrance-animation elementor-widget elementor-widget-heading\" data-id=\"bcebdda\" data-element_type=\"widget\" data-settings=\"{&quot;_animation&quot;:&quot;kitifyShortFadeInUp&quot;}\" data-widget_type=\"heading.default\">\n\t\t\t\t<div class=\"elementor-widget-container\">\n\t\t\t<h2 class=\"elementor-heading-title elementor-size-default\">ihracat talebi<\/h2>\t\t<\/div>\n\t\t\t\t<\/div>\n\t\t\t\t<div class=\"elementor-element elementor-element-a5d5091 elementor-widget-divider--view-line elementor-widget elementor-widget-divider\" data-id=\"a5d5091\" data-element_type=\"widget\" data-widget_type=\"divider.default\">\n\t\t\t\t<div class=\"elementor-widget-container\">\n\t\t\t\t\t<div class=\"elementor-divider\">\n\t\t\t<span class=\"elementor-divider-separator\">\n\t\t\t\t\t\t<\/span>\n\t\t<\/div>\n\t\t\t\t<\/div>\n\t\t\t\t<\/div>\n\t\t\t\t<div class=\"elementor-element elementor-element-9634ba1 elementor-widget__width-initial elementor-widget elementor-widget-heading\" data-id=\"9634ba1\" data-element_type=\"widget\" data-widget_type=\"heading.default\">\n\t\t\t\t<div class=\"elementor-widget-container\">\n\t\t\t<p class=\"elementor-heading-title elementor-size-default\">As Cool Chair, we offer high quality and customizable solutions for wooden chairs, tables and similar products. We would be happy to offer you special offers for your large orders. You can contact us by filling out the form below. Please specify which product and how many pieces you would like, and we will get back to you as soon as possible.<\/p>\t\t<\/div>\n\t\t\t\t<\/div>\n\t\t\t\t<div class=\"elementor-element elementor-element-a178332 elementor-widget elementor-widget-wpforms\" data-id=\"a178332\" data-element_type=\"widget\" data-widget_type=\"wpforms.default\">\n\t\t\t\t<div class=\"elementor-widget-container\">\n\t\t\t<style id=\"wpforms-css-vars-root\">\n\t\t\t\t:root {\n\t\t\t\t\t--wpforms-field-border-radius: 3px;\n--wpforms-field-background-color: #ffffff;\n--wpforms-field-border-color: rgba( 0, 0, 0, 0.25 );\n--wpforms-field-text-color: rgba( 0, 0, 0, 0.7 );\n--wpforms-label-color: rgba( 0, 0, 0, 0.85 );\n--wpforms-label-sublabel-color: rgba( 0, 0, 0, 0.55 );\n--wpforms-label-error-color: #d63637;\n--wpforms-button-border-radius: 3px;\n--wpforms-button-background-color: #066aab;\n--wpforms-button-text-color: #ffffff;\n--wpforms-page-break-color: #066aab;\n--wpforms-field-size-input-height: 43px;\n--wpforms-field-size-input-spacing: 15px;\n--wpforms-field-size-font-size: 16px;\n--wpforms-field-size-line-height: 19px;\n--wpforms-field-size-padding-h: 14px;\n--wpforms-field-size-checkbox-size: 16px;\n--wpforms-field-size-sublabel-spacing: 5px;\n--wpforms-field-size-icon-size: 1;\n--wpforms-label-size-font-size: 16px;\n--wpforms-label-size-line-height: 19px;\n--wpforms-label-size-sublabel-font-size: 14px;\n--wpforms-label-size-sublabel-line-height: 17px;\n--wpforms-button-size-font-size: 17px;\n--wpforms-button-size-height: 41px;\n--wpforms-button-size-padding-h: 15px;\n--wpforms-button-size-margin-top: 10px;\n\n\t\t\t\t}\n\t\t\t<\/style><style id=\"wpforms-css-vars-elementor-widget-a178332\">\n\t\t\t\t.elementor-widget-wpforms.elementor-element-a178332 {\n\t\t\t\t\t--wpforms-field-border-radius: 5px;\n--wpforms-field-border-color: #00000026;\n--wpforms-button-border-radius: 5px;\n--wpforms-button-background-color: #C72127;\n--wpforms-field-size-input-height: 43px;\n--wpforms-field-size-input-spacing: 15px;\n--wpforms-field-size-font-size: 16px;\n--wpforms-field-size-line-height: 19px;\n--wpforms-field-size-padding-h: 14px;\n--wpforms-field-size-checkbox-size: 16px;\n--wpforms-field-size-sublabel-spacing: 5px;\n--wpforms-field-size-icon-size: 1;\n--wpforms-label-size-font-size: 14px;\n--wpforms-label-size-line-height: 17px;\n--wpforms-label-size-sublabel-font-size: 13px;\n--wpforms-label-size-sublabel-line-height: 16px;\n--wpforms-button-size-font-size: 17px;\n--wpforms-button-size-height: 41px;\n--wpforms-button-size-padding-h: 15px;\n--wpforms-button-size-margin-top: 10px;\n\n\t\t\t\t}\n\t\t\t<\/style><div class=\"wpforms-container wpforms-container-full wpforms-render-modern\" id=\"wpforms-6774\"><form id=\"wpforms-form-6774\" class=\"wpforms-validate wpforms-form wpforms-ajax-form\" data-formid=\"6774\" method=\"post\" enctype=\"multipart\/form-data\" action=\"\/en\/wp-json\/wp\/v2\/pages\/6778\" data-trp-original-action=\"\/en\/wp-json\/wp\/v2\/pages\/6778\"><noscript class=\"wpforms-error-noscript\">Please enable JavaScript in your browser to complete this form.<\/noscript><div class=\"wpforms-hidden\" id=\"wpforms-error-noscript\">Please enable JavaScript in your browser to complete this form.<\/div><div class=\"wpforms-field-container\"><div id=\"wpforms-6774-field_1-container\" class=\"wpforms-field wpforms-field-name\" data-field-id=\"1\"><label class=\"wpforms-field-label\" for=\"wpforms-6774-field_1\">Name Surname <span class=\"wpforms-required-label\" aria-hidden=\"true\">*<\/span><\/label><input type=\"text\" id=\"wpforms-6774-field_1\" class=\"wpforms-field-large wpforms-field-required\" name=\"wpforms[fields][1]\" aria-errormessage=\"wpforms-6774-field_1-error\" required><\/div><div id=\"wpforms-6774-field_7-container\" class=\"wpforms-field wpforms-field-layout\" data-field-id=\"7\"><label class=\"wpforms-field-label wpforms-label-hide\" for=\"wpforms-6774-field_7\" aria-hidden=\"false\">Settlement<\/label><div class=\"wpforms-field-layout-columns wpforms-field-layout-preset-50-50\"><div class=\"wpforms-layout-column wpforms-layout-column-50\"><div id=\"wpforms-6774-field_6-container\" class=\"wpforms-field wpforms-field-text\" data-field-id=\"6\"><label class=\"wpforms-field-label\" for=\"wpforms-6774-field_6\">Company Name <span class=\"wpforms-required-label\" aria-hidden=\"true\">*<\/span><\/label><input type=\"text\" id=\"wpforms-6774-field_6\" class=\"wpforms-field-large wpforms-field-required\" name=\"wpforms[fields][6]\" aria-errormessage=\"wpforms-6774-field_6-error\" required><\/div><div id=\"wpforms-6774-field_2-container\" class=\"wpforms-field wpforms-field-phone\" data-field-id=\"2\"><label class=\"wpforms-field-label\" for=\"wpforms-6774-field_2\">Company Phone <span class=\"wpforms-required-label\" aria-hidden=\"true\">*<\/span><\/label><input type=\"tel\" id=\"wpforms-6774-field_2\" class=\"wpforms-field-large wpforms-field-required wpforms-smart-phone-field\" data-rule-smart-phone-field=\"true\" name=\"wpforms[fields][2]\" aria-errormessage=\"wpforms-6774-field_2-error\" required><\/div><\/div><div class=\"wpforms-layout-column wpforms-layout-column-50\"><div id=\"wpforms-6774-field_8-container\" class=\"wpforms-field wpforms-field-text\" data-field-id=\"8\"><label class=\"wpforms-field-label\" for=\"wpforms-6774-field_8\">Company Sector <span class=\"wpforms-required-label\" aria-hidden=\"true\">*<\/span><\/label><input type=\"text\" id=\"wpforms-6774-field_8\" class=\"wpforms-field-medium wpforms-field-required\" name=\"wpforms[fields][8]\" aria-errormessage=\"wpforms-6774-field_8-error\" required><\/div><div id=\"wpforms-6774-field_3-container\" class=\"wpforms-field wpforms-field-email\" data-field-id=\"3\"><label class=\"wpforms-field-label\" for=\"wpforms-6774-field_3\">Company Email<\/label><input type=\"email\" id=\"wpforms-6774-field_3\" class=\"wpforms-field-large\" name=\"wpforms[fields][3]\" spellcheck=\"false\" aria-errormessage=\"wpforms-6774-field_3-error\" ><\/div><\/div><\/div><\/div><div id=\"wpforms-6774-field_4-container\" class=\"wpforms-field wpforms-field-select wpforms-field-select-style-classic\" data-field-id=\"4\"><label class=\"wpforms-field-label\" for=\"wpforms-6774-field_4\">\u00dclke Se\u00e7iniz <span class=\"wpforms-required-label\" aria-hidden=\"true\">*<\/span><\/label><select id=\"wpforms-6774-field_4\" class=\"wpforms-field-large wpforms-field-required\" name=\"wpforms[fields][4]\" required=\"required\"><option value=\"Afganistan\" >Afganistan<\/option><option value=\"Almanya\" >Almanya<\/option><option value=\"Amerika Birle\u015fik Devletleri\" >Amerika Birle\u015fik Devletleri<\/option><option value=\"Andorra\" >Andorra<\/option><option value=\"Angola\" >Angola<\/option><option value=\"Antigua ve Barbuda\" >Antigua ve Barbuda<\/option><option value=\"Arjantin\" >Arjantin<\/option><option value=\"Arnavutluk\" >Arnavutluk<\/option><option value=\"Avustralya\" >Avustralya<\/option><option value=\"Avusturya\" >Avusturya<\/option><option value=\"Azerbaycan\" >Azerbaycan<\/option><option value=\"Bahamalar\" >Bahamalar<\/option><option value=\"Bahreyn\" >Bahreyn<\/option><option value=\"Banglade\u015f\" >Banglade\u015f<\/option><option value=\"Barbados\" >Barbados<\/option><option value=\"Bat\u0131 Sahra\" >Bat\u0131 Sahra<\/option><option value=\"Bel\u00e7ika\" >Bel\u00e7ika<\/option><option value=\"Belize\" >Belize<\/option><option value=\"Benin\" >Benin<\/option><option value=\"Beyaz Rusya (Belarus)\" >Beyaz Rusya (Belarus)<\/option><option value=\"Bhutan\" >Bhutan<\/option><option value=\"Birle\u015fik Arap Emirlikleri\" >Birle\u015fik Arap Emirlikleri<\/option><option value=\"Bolivya\" >Bolivya<\/option><option value=\"Bosna-Hersek\" >Bosna-Hersek<\/option><option value=\"Botsvana\" >Botsvana<\/option><option value=\"Brezilya\" >Brezilya<\/option><option value=\"Brunei\" >Brunei<\/option><option value=\"Bulgaristan\" >Bulgaristan<\/option><option value=\"Burkina Faso\" >Burkina Faso<\/option><option value=\"Burundi\" >Burundi<\/option><option value=\"Cabo Verde\" >Cabo Verde<\/option><option value=\"Cezayir\" >Cezayir<\/option><option value=\"\u00c7ad\" >\u00c7ad<\/option><option value=\"\u00c7ekya (\u00c7ek Cumhuriyeti)\" >\u00c7ekya (\u00c7ek Cumhuriyeti)<\/option><option value=\"\u00c7in\" >\u00c7in<\/option><option value=\"Danimarka\" >Danimarka<\/option><option value=\"Demokratik Kongo Cumhuriyeti\" >Demokratik Kongo Cumhuriyeti<\/option><option value=\"Dominik Cumhuriyeti\" >Dominik Cumhuriyeti<\/option><option value=\"Dominika\" >Dominika<\/option><option value=\"Do\u011fu Timor (Timor-Leste)\" >Do\u011fu Timor (Timor-Leste)<\/option><option value=\"Dominik Cumhuriyeti\" >Dominik Cumhuriyeti<\/option><option value=\"Do\u011fu Timor (Timor-Leste)\" >Do\u011fu Timor (Timor-Leste)<\/option><option value=\"Dominika\" >Dominika<\/option><option value=\"Ekvador\" >Ekvador<\/option><option value=\"Ekvator Ginesi\" >Ekvator Ginesi<\/option><option value=\"El Salvador\" >El Salvador<\/option><option value=\"Endonezya\" >Endonezya<\/option><option value=\"Eritre\" >Eritre<\/option><option value=\"Ermenistan\" >Ermenistan<\/option><option value=\"Estonya\" >Estonya<\/option><option value=\"Esvatini (Svaziland)\" >Esvatini (Svaziland)<\/option><option value=\"Etiyopya\" >Etiyopya<\/option><option value=\"Fas\" >Fas<\/option><option value=\"Fiji\" >Fiji<\/option><option value=\"Fildi\u015fi Sahili\" >Fildi\u015fi Sahili<\/option><option value=\"Filipinler\" >Filipinler<\/option><option value=\"Filistin\" >Filistin<\/option><option value=\"Finlandiya\" >Finlandiya<\/option><option value=\"Fransa\" >Fransa<\/option><option value=\"Gabon\" >Gabon<\/option><option value=\"Gambiya\" >Gambiya<\/option><option value=\"Gana\" >Gana<\/option><option value=\"Gine\" >Gine<\/option><option value=\"Gine-Bissau\" >Gine-Bissau<\/option><option value=\"Grenada\" >Grenada<\/option><option value=\"Guatemala\" >Guatemala<\/option><option value=\"Guyana\" >Guyana<\/option><option value=\"G\u00fcney Afrika\" >G\u00fcney Afrika<\/option><option value=\"G\u00fcney Kore\" >G\u00fcney Kore<\/option><option value=\"G\u00fcney Sudan\" >G\u00fcney Sudan<\/option><option value=\"G\u00fcrcistan\" >G\u00fcrcistan<\/option><option value=\"Haiti\" >Haiti<\/option><option value=\"H\u0131rvatistan\" >H\u0131rvatistan<\/option><option value=\"Hindistan\" >Hindistan<\/option><option value=\"Hollanda\" >Hollanda<\/option><option value=\"Honduras\" >Honduras<\/option><option value=\"Irak\" >Irak<\/option><option value=\"\u0130ran\" >\u0130ran<\/option><option value=\"\u0130rlanda\" >\u0130rlanda<\/option><option value=\"\u0130spanya\" >\u0130spanya<\/option><option value=\"\u0130srail\" >\u0130srail<\/option><option value=\"\u0130sve\u00e7\" >\u0130sve\u00e7<\/option><option value=\"\u0130svi\u00e7re\" >\u0130svi\u00e7re<\/option><option value=\"\u0130talya\" >\u0130talya<\/option><option value=\"\u0130zlanda\" >\u0130zlanda<\/option><option value=\"Jamaika\" >Jamaika<\/option><option value=\"Japonya\" >Japonya<\/option><option value=\"Jibuti\" >Jibuti<\/option><option value=\"\u00dcrd\u00fcn\" >\u00dcrd\u00fcn<\/option><option value=\"Kambo\u00e7ya\" >Kambo\u00e7ya<\/option><option value=\"Kamerun\" >Kamerun<\/option><option value=\"Kanada\" >Kanada<\/option><option value=\"Karada\u011f\" >Karada\u011f<\/option><option value=\"Katar\" >Katar<\/option><option value=\"Kazakistan\" >Kazakistan<\/option><option value=\"Kenya\" >Kenya<\/option><option value=\"K\u0131rg\u0131zistan\" >K\u0131rg\u0131zistan<\/option><option value=\"Kiribati\" >Kiribati<\/option><option value=\"Kolombiya\" >Kolombiya<\/option><option value=\"Komorlar\" >Komorlar<\/option><option value=\"Kongo Cumhuriyeti (Kongo-Brazzaville)\" >Kongo Cumhuriyeti (Kongo-Brazzaville)<\/option><option value=\"Kongo Demokratik Cumhuriyeti\" >Kongo Demokratik Cumhuriyeti<\/option><option value=\"Kosova\" >Kosova<\/option><option value=\"Kosta Rika\" >Kosta Rika<\/option><option value=\"Kuveyt\" >Kuveyt<\/option><option value=\"Kuzey Kore\" >Kuzey Kore<\/option><option value=\"Kuzey Makedonya\" >Kuzey Makedonya<\/option><option value=\"K\u00fcba\" >K\u00fcba<\/option><option value=\"Laos\" >Laos<\/option><option value=\"Lesoto\" >Lesoto<\/option><option value=\"Letonya\" >Letonya<\/option><option value=\"Liberya\" >Liberya<\/option><option value=\"Libya\" >Libya<\/option><option value=\"Lihten\u015ftayn\" >Lihten\u015ftayn<\/option><option value=\"Litvanya\" >Litvanya<\/option><option value=\"L\u00fcksemburg\" >L\u00fcksemburg<\/option><option value=\"L\u00fcbnan\" >L\u00fcbnan<\/option><option value=\"Macaristan\" >Macaristan<\/option><option value=\"Madagaskar\" >Madagaskar<\/option><option value=\"Malavi\" >Malavi<\/option><option value=\"Maldivler\" >Maldivler<\/option><option value=\"Malezya\" >Malezya<\/option><option value=\"Mali\" >Mali<\/option><option value=\"Malta\" >Malta<\/option><option value=\"Marshall Adalar\u0131\" >Marshall Adalar\u0131<\/option><option value=\"Meksika\" >Meksika<\/option><option value=\"M\u0131s\u0131r\" >M\u0131s\u0131r<\/option><option value=\"Mikronezya\" >Mikronezya<\/option><option value=\"Mo\u011folistan\" >Mo\u011folistan<\/option><option value=\"Moldova\" >Moldova<\/option><option value=\"Monako\" >Monako<\/option><option value=\"Moritanya\" >Moritanya<\/option><option value=\"Mauritius\" >Mauritius<\/option><option value=\"Mozambik\" >Mozambik<\/option><option value=\"Namibya\" >Namibya<\/option><option value=\"Nauru\" >Nauru<\/option><option value=\"Nepal\" >Nepal<\/option><option value=\"Nikaragua\" >Nikaragua<\/option><option value=\"Nijer\" >Nijer<\/option><option value=\"Nijerya\" >Nijerya<\/option><option value=\"Norve\u00e7\" >Norve\u00e7<\/option><option value=\"Orta Afrika Cumhuriyeti\" >Orta Afrika Cumhuriyeti<\/option><option value=\"\u00d6zbekistan\" >\u00d6zbekistan<\/option><option value=\"Pakistan\" >Pakistan<\/option><option value=\"Palau\" >Palau<\/option><option value=\"Panama\" >Panama<\/option><option value=\"Papua Yeni Gine\" >Papua Yeni Gine<\/option><option value=\"Paraguay\" >Paraguay<\/option><option value=\"Peru\" >Peru<\/option><option value=\"Polonya\" >Polonya<\/option><option value=\"Portekiz\" >Portekiz<\/option><option value=\"Katar\" >Katar<\/option><option value=\"Romanya\" >Romanya<\/option><option value=\"Ruanda\" >Ruanda<\/option><option value=\"Rusya\" >Rusya<\/option><option value=\"Saint Kitts ve Nevis\" >Saint Kitts ve Nevis<\/option><option value=\"Saint Lucia\" >Saint Lucia<\/option><option value=\"Saint Vincent ve Grenadinler\" >Saint Vincent ve Grenadinler<\/option><option value=\"Samoa\" >Samoa<\/option><option value=\"San Marino\" >San Marino<\/option><option value=\"S\u00e3o Tom\u00e9 ve Pr\u00edncipe\" >S\u00e3o Tom\u00e9 ve Pr\u00edncipe<\/option><option value=\"Suudi Arabistan\" >Suudi Arabistan<\/option><option value=\"Senegal\" >Senegal<\/option><option value=\"S\u0131rbistan\" >S\u0131rbistan<\/option><option value=\"Sey\u015feller\" >Sey\u015feller<\/option><option value=\"Sierra Leone\" >Sierra Leone<\/option><option value=\"Singapur\" >Singapur<\/option><option value=\"Slovakya\" >Slovakya<\/option><option value=\"Slovenya\" >Slovenya<\/option><option value=\"Solomon Adalar\u0131\" >Solomon Adalar\u0131<\/option><option value=\"Somali\" >Somali<\/option><option value=\"Sri Lanka\" >Sri Lanka<\/option><option value=\"Sudan\" >Sudan<\/option><option value=\"Surinam\" >Surinam<\/option><option value=\"Suriye\" >Suriye<\/option><option value=\"Suudi Arabistan\" >Suudi Arabistan<\/option><option value=\"\u015eili\" >\u015eili<\/option><option value=\"Tacikistan\" >Tacikistan<\/option><option value=\"Tanzanya\" >Tanzanya<\/option><option value=\"Tayland\" >Tayland<\/option><option value=\"Togo\" >Togo<\/option><option value=\"Tonga\" >Tonga<\/option><option value=\"Trinidad ve Tobago\" >Trinidad ve Tobago<\/option><option value=\"Tunus\" >Tunus<\/option><option value=\"T\u00fcrkmenistan\" >T\u00fcrkmenistan<\/option><option value=\"Tuvalu\" >Tuvalu<\/option><option value=\"T\u00fcrkiye\"  selected='selected'>T\u00fcrkiye<\/option><option value=\"Uganda\" >Uganda<\/option><option value=\"Ukrayna\" >Ukrayna<\/option><option value=\"Umman\" >Umman<\/option><option value=\"Uruguay\" >Uruguay<\/option><option value=\"\u00dcrd\u00fcn\" >\u00dcrd\u00fcn<\/option><option value=\"\u00d6zbekistan\" >\u00d6zbekistan<\/option><option value=\"Vanuatu\" >Vanuatu<\/option><option value=\"Vatikan\" >Vatikan<\/option><option value=\"Venezuela\" >Venezuela<\/option><option value=\"Vietnam\" >Vietnam<\/option><option value=\"Yemen\" >Yemen<\/option><option value=\"Zambiya\" >Zambiya<\/option><option value=\"Zimbabve\" >Zimbabve<\/option><\/select><\/div><div id=\"wpforms-6774-field_5-container\" class=\"wpforms-field wpforms-field-textarea\" data-field-id=\"5\"><label class=\"wpforms-field-label\" for=\"wpforms-6774-field_5\">Your message <span class=\"wpforms-required-label\" aria-hidden=\"true\">*<\/span><\/label><textarea id=\"wpforms-6774-field_5\" class=\"wpforms-field-medium wpforms-field-required\" name=\"wpforms[fields][5]\" aria-errormessage=\"wpforms-6774-field_5-error\" aria-describedby=\"wpforms-6774-field_5-description\" required><\/textarea><div id=\"wpforms-6774-field_5-description\" class=\"wpforms-field-description\">** There is a minimum of 50 products required for bulk purchases. For smaller orders, you can visit our products page.<\/div><\/div><\/div><!-- .wpforms-field-container --><div class=\"wpforms-recaptcha-container wpforms-is-recaptcha wpforms-is-recaptcha-type-v3\" ><input type=\"hidden\" name=\"wpforms[recaptcha]\" value=\"\"><\/div><div class=\"wpforms-submit-container\" ><input type=\"hidden\" name=\"wpforms[id]\" value=\"6774\"><input type=\"hidden\" name=\"wpforms[author]\" value=\"1\"><input type=\"hidden\" class=\"wpforms-token\" name=\"wpforms[token]\" value=\"92dd30b6f80f9df84e2646f9a24ac3f1\" \/><button type=\"submit\" name=\"wpforms[submit]\" id=\"wpforms-submit-6774\" class=\"wpforms-submit\" data-alt-text=\"G\u00f6nderiliyor...\" data-submit-text=\"G\u00f6nder\" aria-live=\"assertive\" value=\"wpforms-submit\">Send<\/button><img decoding=\"async\" src=\"https:\/\/toptan.coolsandalye.com\/wp-content\/plugins\/wpforms\/assets\/images\/submit-spin.svg\" class=\"wpforms-submit-spinner\" style=\"display: none;\" width=\"26\" height=\"26\" alt=\"Loading\"><\/div><input type=\"hidden\" name=\"trp-form-language\" value=\"en\"\/><\/form><\/div>  <!-- .wpforms-container -->\t\t<\/div>\n\t\t\t\t<\/div>\n\t\t\t\t\t<\/div>\n\t\t<\/div>\n\t\t\t\t\t<\/div>\n\t\t<\/section>\n\t\t\t\t<section class=\"elementor-section elementor-top-section elementor-element elementor-element-916ef45 elementor-section-full_width elementor-section-height-min-height elementor-section-items-stretch elementor-section-height-default\" data-id=\"916ef45\" data-element_type=\"section\" data-settings=\"{&quot;background_background&quot;:&quot;classic&quot;}\">\n\t\t\t\t\t\t<div class=\"elementor-container elementor-column-gap-default\">\n\t\t\t\t\t<div class=\"elementor-column elementor-col-100 elementor-top-column elementor-element elementor-element-94eec47 kitify-col-width-auto-no kitify-disable-relative-no\" data-id=\"94eec47\" data-element_type=\"column\" data-settings=\"{&quot;background_background&quot;:&quot;classic&quot;}\">\n\t\t\t<div class=\"elementor-widget-wrap elementor-element-populated\">\n\t\t\t\t\t\t\t<\/div>\n\t\t<\/div>\n\t\t\t\t\t<\/div>\n\t\t<\/section>\n\t\t\t\t<\/div>","protected":false},"excerpt":{"rendered":"<p>Home ihracat talebi Cool Sandalye olarak ah\u015fap sandalye, masa ve benzeri \u00fcr\u00fcnlerde y\u00fcksek kaliteli ve \u00f6zelle\u015ftirilebilir \u00e7\u00f6z\u00fcmler sunuyoruz. B\u00fcy\u00fck sipari\u015fleriniz i\u00e7in size \u00f6zel teklifler sunmaktan memnuniyet duyar\u0131z. A\u015fa\u011f\u0131daki formu doldurarak bizimle ileti\u015fime ge\u00e7ebilirsiniz. Hangi \u00fcr\u00fcnden, ka\u00e7ar adet istedi\u011finizi belirtin, en k\u0131sa zamanda size d\u00f6n\u00fc\u015f yapal\u0131m. Bu formu bitirebilmek i\u00e7in taray\u0131c\u0131n\u0131zda JavaScript&#039;i etkinle\u015ftirin.Bu formu bitirebilmek i\u00e7in taray\u0131c\u0131n\u0131zda JavaScript&#039;i etkinle\u015ftirin.\u0130sim Soyisim *Yerle\u015fimFirma\u2026<\/p>","protected":false},"author":1,"featured_media":0,"parent":0,"menu_order":0,"comment_status":"closed","ping_status":"closed","template":"elementor_header_footer","meta":{"footnotes":""},"class_list":["post-6778","page","type-page","status-publish","hentry"],"_links":{"self":[{"href":"https:\/\/toptan.coolsandalye.com\/en\/wp-json\/wp\/v2\/pages\/6778","targetHints":{"allow":["GET"]}}],"collection":[{"href":"https:\/\/toptan.coolsandalye.com\/en\/wp-json\/wp\/v2\/pages"}],"about":[{"href":"https:\/\/toptan.coolsandalye.com\/en\/wp-json\/wp\/v2\/types\/page"}],"author":[{"embeddable":true,"href":"https:\/\/toptan.coolsandalye.com\/en\/wp-json\/wp\/v2\/users\/1"}],"replies":[{"embeddable":true,"href":"https:\/\/toptan.coolsandalye.com\/en\/wp-json\/wp\/v2\/comments?post=6778"}],"version-history":[{"count":22,"href":"https:\/\/toptan.coolsandalye.com\/en\/wp-json\/wp\/v2\/pages\/6778\/revisions"}],"predecessor-version":[{"id":11777,"href":"https:\/\/toptan.coolsandalye.com\/en\/wp-json\/wp\/v2\/pages\/6778\/revisions\/11777"}],"wp:attachment":[{"href":"https:\/\/toptan.coolsandalye.com\/en\/wp-json\/wp\/v2\/media?parent=6778"}],"curies":[{"name":"wp","href":"https:\/\/api.w.org\/{rel}","templated":true}]}}