{"id":6658,"date":"2024-07-08T11:44:07","date_gmt":"2024-07-08T08:44:07","guid":{"rendered":"https:\/\/toptan.coolsandalye.com\/?page_id=6658"},"modified":"2025-06-24T17:21:36","modified_gmt":"2025-06-24T14:21:36","slug":"cafe-restoran","status":"publish","type":"page","link":"https:\/\/toptan.coolsandalye.com\/en\/cafe-restoran\/","title":{"rendered":"Cafe Restaurant"},"content":{"rendered":"<div data-elementor-type=\"wp-page\" data-elementor-id=\"6658\" class=\"elementor elementor-6658\" data-elementor-post-type=\"page\">\n\t\t\t\t\t\t<section class=\"elementor-section elementor-top-section elementor-element elementor-element-9c9f85b elementor-section-boxed elementor-section-height-default elementor-section-height-default\" data-id=\"9c9f85b\" data-element_type=\"section\" data-settings=\"{&quot;background_background&quot;:&quot;gradient&quot;}\">\n\t\t\t\t\t\t<div class=\"elementor-container elementor-column-gap-default\">\n\t\t\t\t\t<div class=\"elementor-column elementor-col-100 elementor-top-column elementor-element elementor-element-07197ae kitify-col-width-auto-no kitify-disable-relative-no\" data-id=\"07197ae\" data-element_type=\"column\">\n\t\t\t<div class=\"elementor-widget-wrap elementor-element-populated\">\n\t\t\t\t\t\t<div class=\"elementor-element elementor-element-061d1d3 elementor-widget elementor-widget-heading\" data-id=\"061d1d3\" data-element_type=\"widget\" data-widget_type=\"heading.default\">\n\t\t\t\t<div class=\"elementor-widget-container\">\n\t\t\t<h2 class=\"elementor-heading-title elementor-size-default\">Cafe Restaurant<\/h2>\t\t<\/div>\n\t\t\t\t<\/div>\n\t\t\t\t<div class=\"elementor-element elementor-element-dc02cdb kitify-breadcrumbs-align-center kitify-breadcrumbs-align-tablet-center elementor-widget kitify elementor-kitify-breadcrumbs\" data-id=\"dc02cdb\" data-element_type=\"widget\" data-widget_type=\"kitify-breadcrumbs.default\">\n\t\t\t\t<div class=\"elementor-widget-container\">\n\t\t\t\n\t\t<div class=\"kitify-breadcrumbs\">\n\t\t<div class=\"kitify-breadcrumbs__content\">\n\t\t<div class=\"kitify-breadcrumbs__wrap\"><div class=\"kitify-breadcrumbs__item\"><a href=\"https:\/\/toptan.coolsandalye.com\/en\/\" class=\"kitify-breadcrumbs__item-link is-home\" rel=\"home\" title=\"Home\">Home<\/a><\/div>\n\t\t<\/div>\n\t\t<\/div>\n\t\t<\/div>\t\t<\/div>\n\t\t\t\t<\/div>\n\t\t\t\t\t<\/div>\n\t\t<\/div>\n\t\t\t\t\t<\/div>\n\t\t<\/section>\n\t\t\t\t<section class=\"elementor-section elementor-top-section elementor-element elementor-element-916ef45 elementor-section-boxed elementor-section-height-default elementor-section-height-default\" data-id=\"916ef45\" data-element_type=\"section\" data-settings=\"{&quot;background_background&quot;:&quot;classic&quot;}\">\n\t\t\t\t\t\t<div class=\"elementor-container elementor-column-gap-default\">\n\t\t\t\t\t<div class=\"elementor-column elementor-col-100 elementor-top-column elementor-element elementor-element-94eec47 kitify-col-width-auto-no kitify-disable-relative-no\" data-id=\"94eec47\" data-element_type=\"column\">\n\t\t\t<div class=\"elementor-widget-wrap elementor-element-populated\">\n\t\t\t\t\t\t<div class=\"elementor-element elementor-element-d0da4a5 elementor-widget elementor-widget-heading\" data-id=\"d0da4a5\" data-element_type=\"widget\" data-widget_type=\"heading.default\">\n\t\t\t\t<div class=\"elementor-widget-container\">\n\t\t\t<h2 class=\"elementor-heading-title elementor-size-default\">COLLECTION<\/h2>\t\t<\/div>\n\t\t\t\t<\/div>\n\t\t\t\t<div class=\"elementor-element elementor-element-fc5589b elementor-widget elementor-widget-heading\" data-id=\"fc5589b\" data-element_type=\"widget\" data-widget_type=\"heading.default\">\n\t\t\t\t<div class=\"elementor-widget-container\">\n\t\t\t<h2 class=\"elementor-heading-title elementor-size-default\">CAFE RESTORAN<\/h2>\t\t<\/div>\n\t\t\t\t<\/div>\n\t\t\t\t<div class=\"elementor-element elementor-element-5591ee0 elementor-widget-divider--view-line elementor-widget elementor-widget-divider\" data-id=\"5591ee0\" data-element_type=\"widget\" data-widget_type=\"divider.default\">\n\t\t\t\t<div class=\"elementor-widget-container\">\n\t\t\t\t\t<div class=\"elementor-divider\">\n\t\t\t<span class=\"elementor-divider-separator\">\n\t\t\t\t\t\t<\/span>\n\t\t<\/div>\n\t\t\t\t<\/div>\n\t\t\t\t<\/div>\n\t\t\t\t<section class=\"elementor-section elementor-inner-section elementor-element elementor-element-53c3e26 elementor-section-boxed elementor-section-height-default elementor-section-height-default\" data-id=\"53c3e26\" data-element_type=\"section\">\n\t\t\t\t\t\t<div class=\"elementor-container elementor-column-gap-default\">\n\t\t\t\t\t<div class=\"elementor-column elementor-col-100 elementor-inner-column elementor-element elementor-element-c1b0baa kitify-col-width-auto-no kitify-disable-relative-no\" data-id=\"c1b0baa\" data-element_type=\"column\">\n\t\t\t<div class=\"elementor-widget-wrap elementor-element-populated\">\n\t\t\t\t\t\t<div class=\"elementor-element elementor-element-3abdba2 custom-carousel-preset-default kitify-carousel-item-effect-slide elementor-widget kitify elementor-kitify-wooproducts\" data-id=\"3abdba2\" data-element_type=\"widget\" data-widget_type=\"kitify-wooproducts.default\">\n\t\t\t\t<div class=\"elementor-widget-container\">\n\t\t\t<div class=\"woocommerce  kitify_wc_widget_3abdba2_0\"><div class=\"kitify-products\" ><div class=\"kitify-products__list_wrapper\"><ul class=\"products ul_products kitify-products__list products-grid products-grid-1 col-row columns-4\">\n<li class=\"product type-product post-4892 status-publish first instock product_cat-masa-takimi product_tag-cafe-restoran has-post-thumbnail shipping-taxable product-type-variable kitify-product product_item col-desk-4 col-lap-4 col-tab-4\">\n\t<div class=\"product-item\"><div class=\"product-item__thumbnail\"><a class=\"product-item-link\" href=\"https:\/\/toptan.coolsandalye.com\/en\/product\/elips-cafe-restaurant-masa-takimi-siyah-mermer\/\"><\/a><div class=\"product-item__description--actions\">\n      <a href=\"#\" class=\"nova_product_quick_view_btn\" data-product-id=\"4892\" rel=\"nofollow\"><i class=\"inova ic-zoom\"><\/i><\/a>\n    <\/div><div class=\"product-item__description--button\"><a href=\"https:\/\/toptan.coolsandalye.com\/en\/product\/elips-cafe-restaurant-masa-takimi-siyah-mermer\/\" data-quantity=\"1\" class=\"button product_type_variable\" data-product_id=\"4892\" data-product_sku=\"MST-SM-CAFEELIPS-5033\" aria-label=\"Select options for \u201cElips Cafe &amp; Restaurant Masa Tak\u0131m\u0131 - Siyah Mermer\u201d\" rel=\"nofollow\" data-no-translation=\"\" data-trp-gettext=\"\" data-no-translation-aria-label=\"\">Read more<\/a><\/div><div class=\"product-item__badges\"><\/div><div class=\"product-item__thumbnail-placeholder\"><a href=\"https:\/\/toptan.coolsandalye.com\/en\/product\/elips-cafe-restaurant-masa-takimi-siyah-mermer\/\" class=\"woocommerce-LoopProduct-link woocommerce-loop-product__link\"><img fetchpriority=\"high\" decoding=\"async\" width=\"700\" height=\"854\" src=\"https:\/\/toptan.coolsandalye.com\/wp-content\/uploads\/2024\/07\/Elips-Cafe-Restaurant-Masa-Tak\u041dm\u041d-Siyah-Mermer-700x854.png\" class=\"attachment-woocommerce_thumbnail size-woocommerce_thumbnail\" alt=\"Elips Siyah Mermer Cafe Masa Tak\u0131m\u0131 - Zarif ve Modern\" \/><div class=\"product-item__thumbnail_overlay\"><\/div><\/a><\/div><\/div><div class=\"product-item__description\"><div class=\"product-item__description--info\"><div class=\"info-left\"><a href=\"https:\/\/toptan.coolsandalye.com\/en\/product\/elips-cafe-restaurant-masa-takimi-siyah-mermer\/\" class=\"title\"><h3 class=\"woocommerce-loop-product__title\">Ellipse Cafe &amp; Restaurant Table Set \u2013 Black Marble<\/h3><\/a><\/div><div class=\"info-right\">\n<\/div><\/div><\/div><\/div><\/li>\n<li class=\"product type-product post-4888 status-publish instock product_cat-masa-takimi product_tag-cafe-restoran has-post-thumbnail shipping-taxable product-type-variable kitify-product product_item col-desk-4 col-lap-4 col-tab-4\">\n\t<div class=\"product-item\"><div class=\"product-item__thumbnail\"><a class=\"product-item-link\" href=\"https:\/\/toptan.coolsandalye.com\/en\/product\/cruze-cafe-restaurant-masa-takimi-siyah-mermer\/\"><\/a><div class=\"product-item__description--actions\">\n      <a href=\"#\" class=\"nova_product_quick_view_btn\" data-product-id=\"4888\" rel=\"nofollow\"><i class=\"inova ic-zoom\"><\/i><\/a>\n    <\/div><div class=\"product-item__description--button\"><a href=\"https:\/\/toptan.coolsandalye.com\/en\/product\/cruze-cafe-restaurant-masa-takimi-siyah-mermer\/\" data-quantity=\"1\" class=\"button product_type_variable\" data-product_id=\"4888\" data-product_sku=\"MST-SM-CAFECRUZE-5032\" aria-label=\"Select options for \u201cCruze Cafe &amp; Restaurant Masa Tak\u0131m\u0131 - Siyah Mermer\u201d\" rel=\"nofollow\" data-no-translation=\"\" data-trp-gettext=\"\" data-no-translation-aria-label=\"\">Read more<\/a><\/div><div class=\"product-item__badges\"><\/div><div class=\"product-item__thumbnail-placeholder\"><a href=\"https:\/\/toptan.coolsandalye.com\/en\/product\/cruze-cafe-restaurant-masa-takimi-siyah-mermer\/\" class=\"woocommerce-LoopProduct-link woocommerce-loop-product__link\"><img decoding=\"async\" width=\"700\" height=\"854\" src=\"https:\/\/toptan.coolsandalye.com\/wp-content\/uploads\/2024\/07\/Cruze-Cafe-Restaurant-Masa-Tak\u041dm\u041d-Siyah-Mermer-700x854.png\" class=\"attachment-woocommerce_thumbnail size-woocommerce_thumbnail\" alt=\"Cruze Cafe &amp; Restaurant Masa Tak\u0131m\u0131, Siyah Mermer, L\u00fcks Tasar\u0131m, \u015e\u0131k Masa, Cool Sandalye\" \/><div class=\"product-item__thumbnail_overlay\"><\/div><\/a><\/div><\/div><div class=\"product-item__description\"><div class=\"product-item__description--info\"><div class=\"info-left\"><a href=\"https:\/\/toptan.coolsandalye.com\/en\/product\/cruze-cafe-restaurant-masa-takimi-siyah-mermer\/\" class=\"title\"><h3 class=\"woocommerce-loop-product__title\">Cruze Cafe &amp; Restaurant Table Set \u2013 Black Marble<\/h3><\/a><\/div><div class=\"info-right\">\n<\/div><\/div><\/div><\/div><\/li>\n<li class=\"product type-product post-4881 status-publish instock product_cat-masa-takimi has-post-thumbnail shipping-taxable product-type-variable kitify-product product_item col-desk-4 col-lap-4 col-tab-4\">\n\t<div class=\"product-item\"><div class=\"product-item__thumbnail\"><a class=\"product-item-link\" href=\"https:\/\/toptan.coolsandalye.com\/en\/product\/zeus-cafe-restaurant-masa-takimi-parke-ceviz\/\"><\/a><div class=\"product-item__description--actions\">\n      <a href=\"#\" class=\"nova_product_quick_view_btn\" data-product-id=\"4881\" rel=\"nofollow\"><i class=\"inova ic-zoom\"><\/i><\/a>\n    <\/div><div class=\"product-item__description--button\"><a href=\"https:\/\/toptan.coolsandalye.com\/en\/product\/zeus-cafe-restaurant-masa-takimi-parke-ceviz\/\" data-quantity=\"1\" class=\"button product_type_variable\" data-product_id=\"4881\" data-product_sku=\"MST-C-KUTUKZEUS-5074\" aria-label=\"Select options for \u201cZeus Cafe &amp; Restaurant Masa Tak\u0131m\u0131 - Ceviz\u201d\" rel=\"nofollow\" data-no-translation=\"\" data-trp-gettext=\"\" data-no-translation-aria-label=\"\">Read more<\/a><\/div><div class=\"product-item__badges\"><\/div><div class=\"product-item__thumbnail-placeholder\"><a href=\"https:\/\/toptan.coolsandalye.com\/en\/product\/zeus-cafe-restaurant-masa-takimi-parke-ceviz\/\" class=\"woocommerce-LoopProduct-link woocommerce-loop-product__link\"><img decoding=\"async\" width=\"700\" height=\"854\" src=\"https:\/\/toptan.coolsandalye.com\/wp-content\/uploads\/2024\/07\/Zeus-Cafe-Restaurant-Masa-Tak\u041dm\u041d-Parke-Ceviz-700x854.png\" class=\"attachment-woocommerce_thumbnail size-woocommerce_thumbnail\" alt=\"Zeus Ceviz Cafe &amp; Restaurant Masa Tak\u0131m\u0131 - \u015e\u0131k ve Modern\" \/><div class=\"product-item__thumbnail_overlay\"><\/div><\/a><\/div><\/div><div class=\"product-item__description\"><div class=\"product-item__description--info\"><div class=\"info-left\"><a href=\"https:\/\/toptan.coolsandalye.com\/en\/product\/zeus-cafe-restaurant-masa-takimi-parke-ceviz\/\" class=\"title\"><h3 class=\"woocommerce-loop-product__title\">Zeus Cafe &#038; Restaurant Masa Tak\u0131m\u0131 &#8211; Ceviz<\/h3><\/a><\/div><div class=\"info-right\">\n<\/div><\/div><\/div><\/div><\/li>\n<li class=\"product type-product post-4877 status-publish last instock product_cat-masa-takimi product_tag-cafe-restoran has-post-thumbnail shipping-taxable product-type-variable kitify-product product_item col-desk-4 col-lap-4 col-tab-4\">\n\t<div class=\"product-item\"><div class=\"product-item__thumbnail\"><a class=\"product-item-link\" href=\"https:\/\/toptan.coolsandalye.com\/en\/product\/ross-cafe-restaurant-masa-takimi-ceviz\/\"><\/a><div class=\"product-item__description--actions\">\n      <a href=\"#\" class=\"nova_product_quick_view_btn\" data-product-id=\"4877\" rel=\"nofollow\"><i class=\"inova ic-zoom\"><\/i><\/a>\n    <\/div><div class=\"product-item__description--button\"><a href=\"https:\/\/toptan.coolsandalye.com\/en\/product\/ross-cafe-restaurant-masa-takimi-ceviz\/\" data-quantity=\"1\" class=\"button product_type_variable\" data-product_id=\"4877\" data-product_sku=\"MST-C-KUTUKROSS-5073\" aria-label=\"Select options for \u201cRoss Cafe &amp; Restaurant Masa Tak\u0131m\u0131 - Ceviz\u201d\" rel=\"nofollow\" data-no-translation=\"\" data-trp-gettext=\"\" data-no-translation-aria-label=\"\">Read more<\/a><\/div><div class=\"product-item__badges\"><\/div><div class=\"product-item__thumbnail-placeholder\"><a href=\"https:\/\/toptan.coolsandalye.com\/en\/product\/ross-cafe-restaurant-masa-takimi-ceviz\/\" class=\"woocommerce-LoopProduct-link woocommerce-loop-product__link\"><img loading=\"lazy\" decoding=\"async\" width=\"700\" height=\"854\" src=\"https:\/\/toptan.coolsandalye.com\/wp-content\/uploads\/2024\/07\/Ross-Cafe-Restaurant-Masa-Tak\u041dm\u041d-Parke-Ceviz-700x854.png\" class=\"attachment-woocommerce_thumbnail size-woocommerce_thumbnail\" alt=\"Ross Cafe &amp; Restaurant Masa Tak\u0131m\u0131, Parke Ceviz, Do\u011fal Tasar\u0131m, \u015e\u0131k Masa, Cool Sandalye\" \/><div class=\"product-item__thumbnail_overlay\"><\/div><\/a><\/div><\/div><div class=\"product-item__description\"><div class=\"product-item__description--info\"><div class=\"info-left\"><a href=\"https:\/\/toptan.coolsandalye.com\/en\/product\/ross-cafe-restaurant-masa-takimi-ceviz\/\" class=\"title\"><h3 class=\"woocommerce-loop-product__title\">Ross Cafe &#038; Restaurant Masa Tak\u0131m\u0131 &#8211; Ceviz<\/h3><\/a><\/div><div class=\"info-right\">\n<\/div><\/div><\/div><\/div><\/li>\n<li class=\"product type-product post-4638 status-publish first instock product_cat-masa has-post-thumbnail shipping-taxable product-type-simple kitify-product product_item col-desk-4 col-lap-4 col-tab-4\">\n\t<div class=\"product-item\"><div class=\"product-item__thumbnail\"><a class=\"product-item-link\" href=\"https:\/\/toptan.coolsandalye.com\/en\/product\/cafe-masa-siyah-mermer\/\"><\/a><div class=\"product-item__description--actions\">\n      <a href=\"#\" class=\"nova_product_quick_view_btn\" data-product-id=\"4638\" rel=\"nofollow\"><i class=\"inova ic-zoom\"><\/i><\/a>\n    <\/div><div class=\"product-item__description--button\"><a href=\"https:\/\/toptan.coolsandalye.com\/en\/product\/cafe-masa-siyah-mermer\/\" data-quantity=\"1\" class=\"button product_type_simple\" data-product_id=\"4638\" data-product_sku=\"MSA-SM-CAFE-1029\" aria-label=\"Read more about \u201cCafe Masa - Siyah Mermer\u201d\" rel=\"nofollow\" data-success_message=\"\" data-no-translation=\"\" data-trp-gettext=\"\" data-no-translation-aria-label=\"\">Read more<\/a><\/div><div class=\"product-item__badges\"><\/div><div class=\"product-item__thumbnail-placeholder\"><a href=\"https:\/\/toptan.coolsandalye.com\/en\/product\/cafe-masa-siyah-mermer\/\" class=\"woocommerce-LoopProduct-link woocommerce-loop-product__link\"><img loading=\"lazy\" decoding=\"async\" width=\"700\" height=\"854\" src=\"https:\/\/toptan.coolsandalye.com\/wp-content\/uploads\/2024\/07\/Cafe-Masa-Siyah-Mermer-700x854.png\" class=\"attachment-woocommerce_thumbnail size-woocommerce_thumbnail\" alt=\"Cafe Masa, Siyah Mermer, \u015e\u0131k Tasar\u0131m, Dayan\u0131kl\u0131 Masa, Cool Sandalye\" \/><div class=\"product-item__thumbnail_overlay\"><\/div><\/a><\/div><\/div><div class=\"product-item__description\"><div class=\"product-item__description--info\"><div class=\"info-left\"><a href=\"https:\/\/toptan.coolsandalye.com\/en\/product\/cafe-masa-siyah-mermer\/\" class=\"title\"><h3 class=\"woocommerce-loop-product__title\">Cafe Table \u2013 Black Marble<\/h3><\/a><\/div><div class=\"info-right\">\n<\/div><\/div><\/div><\/div><\/li>\n<\/ul>\n<\/div><\/div><\/div>\t\t<\/div>\n\t\t\t\t<\/div>\n\t\t\t\t\t<\/div>\n\t\t<\/div>\n\t\t\t\t\t<\/div>\n\t\t<\/section>\n\t\t\t\t\t<\/div>\n\t\t<\/div>\n\t\t\t\t\t<\/div>\n\t\t<\/section>\n\t\t\t\t<\/div>","protected":false},"excerpt":{"rendered":"<p>Home KOLEKS\u0130YON CAFE RESTORAN<\/p>","protected":false},"author":1,"featured_media":0,"parent":0,"menu_order":0,"comment_status":"closed","ping_status":"closed","template":"elementor_header_footer","meta":{"footnotes":""},"class_list":["post-6658","page","type-page","status-publish","hentry"],"_links":{"self":[{"href":"https:\/\/toptan.coolsandalye.com\/en\/wp-json\/wp\/v2\/pages\/6658","targetHints":{"allow":["GET"]}}],"collection":[{"href":"https:\/\/toptan.coolsandalye.com\/en\/wp-json\/wp\/v2\/pages"}],"about":[{"href":"https:\/\/toptan.coolsandalye.com\/en\/wp-json\/wp\/v2\/types\/page"}],"author":[{"embeddable":true,"href":"https:\/\/toptan.coolsandalye.com\/en\/wp-json\/wp\/v2\/users\/1"}],"replies":[{"embeddable":true,"href":"https:\/\/toptan.coolsandalye.com\/en\/wp-json\/wp\/v2\/comments?post=6658"}],"version-history":[{"count":8,"href":"https:\/\/toptan.coolsandalye.com\/en\/wp-json\/wp\/v2\/pages\/6658\/revisions"}],"predecessor-version":[{"id":11839,"href":"https:\/\/toptan.coolsandalye.com\/en\/wp-json\/wp\/v2\/pages\/6658\/revisions\/11839"}],"wp:attachment":[{"href":"https:\/\/toptan.coolsandalye.com\/en\/wp-json\/wp\/v2\/media?parent=6658"}],"curies":[{"name":"wp","href":"https:\/\/api.w.org\/{rel}","templated":true}]}}