{"id":9723,"date":"2025-02-26T14:06:14","date_gmt":"2025-02-26T11:06:14","guid":{"rendered":"https:\/\/toptan.coolsandalye.com\/?post_type=product&#038;p=9723"},"modified":"2025-06-30T15:31:07","modified_gmt":"2025-06-30T12:31:07","slug":"zena-lina-yuvarlak-masa-takimi-beyaz-tabla-siyah-ayak","status":"publish","type":"product","link":"https:\/\/toptan.coolsandalye.com\/de\/produkt\/zena-lina-yuvarlak-masa-takimi-beyaz-tabla-siyah-ayak\/","title":{"rendered":"Zena Lina Yuvarlak Masa Tak\u0131m\u0131 &#8211; Beyaz Tabla Siyah Ayak"},"content":{"rendered":"<p><span style=\"font-weight: 400;\">Cool Sandalye&#8217;nin zarif ve modern tasar\u0131m\u0131yla \u00f6ne \u00e7\u0131kan Zena Lina Yuvarlak Masa Tak\u0131m\u0131, evinizin atmosferini de\u011fi\u015ftirecek. Beyaz kaplamas\u0131yla do\u011fal bir g\u00f6r\u00fcn\u00fcm sunan bu masa tak\u0131m\u0131, d\u00f6rt adet konforlu ve ergonomik sandalyeye sahiptir. Kaliteli ve dayan\u0131kl\u0131 malzemeler kullan\u0131larak \u00fcretilmi\u015f olan bu set, uzun \u00f6m\u00fcrl\u00fc kullan\u0131m sa\u011flar. Hem yemek odan\u0131zda hem de mutfa\u011f\u0131n\u0131zda m\u00fckemmel bir uyum yakalayacakt\u0131r.<\/span><\/p>\n<p><b>Produktspezifikationen:<\/b><\/p>\n<ul>\n<li style=\"font-weight: 400;\" aria-level=\"1\"><span style=\"font-weight: 400;\">H\u00f6lzerner Rahmen<\/span><\/li>\n<li style=\"font-weight: 400;\" aria-level=\"1\"><span style=\"font-weight: 400;\">Modernes und minimalistisches Design<\/span><\/li>\n<li style=\"font-weight: 400;\" aria-level=\"1\"><span style=\"font-weight: 400;\">Ergonomische Struktur<\/span><\/li>\n<li style=\"font-weight: 400;\" aria-level=\"1\"><span style=\"font-weight: 400;\">Nat\u00fcrliches Holz und Stoff in neutralen T\u00f6nen\u00a0<\/span><\/li>\n<li style=\"font-weight: 400;\" aria-level=\"1\"><span style=\"font-weight: 400;\">Die Farbe des Stoffes kann auf Anfrage ge\u00e4ndert werden.<\/span><\/li>\n<\/ul>","protected":false},"excerpt":{"rendered":"<p><span style=\"font-weight: 400;\">Cool Sandalye&#8217;nin zarif ve modern tasar\u0131m\u0131yla \u00f6ne \u00e7\u0131kan Zena Lina Yuvarlak Masa Tak\u0131m\u0131, evinizin atmosferini de\u011fi\u015ftirecek. Beyaz kaplamas\u0131yla do\u011fal bir g\u00f6r\u00fcn\u00fcm sunan bu masa tak\u0131m\u0131, d\u00f6rt adet konforlu ve ergonomik sandalyeye sahiptir. Kaliteli ve dayan\u0131kl\u0131 malzemeler kullan\u0131larak \u00fcretilmi\u015f olan bu set, uzun \u00f6m\u00fcrl\u00fc kullan\u0131m sa\u011flar. Hem yemek odan\u0131zda hem de mutfa\u011f\u0131n\u0131zda m\u00fckemmel bir uyum yakalayacakt\u0131r.<\/span><\/p>","protected":false},"featured_media":9754,"comment_status":"open","ping_status":"closed","template":"","meta":[],"product_brand":[],"product_cat":[56],"product_tag":[130],"class_list":{"0":"post-9723","1":"product","2":"type-product","3":"status-publish","4":"has-post-thumbnail","6":"product_cat-masa-takimi","7":"product_tag-ahsap-iskandinav","9":"first","10":"instock","11":"shipping-taxable","12":"product-type-variable"},"_links":{"self":[{"href":"https:\/\/toptan.coolsandalye.com\/de\/wp-json\/wp\/v2\/product\/9723","targetHints":{"allow":["GET"]}}],"collection":[{"href":"https:\/\/toptan.coolsandalye.com\/de\/wp-json\/wp\/v2\/product"}],"about":[{"href":"https:\/\/toptan.coolsandalye.com\/de\/wp-json\/wp\/v2\/types\/product"}],"replies":[{"embeddable":true,"href":"https:\/\/toptan.coolsandalye.com\/de\/wp-json\/wp\/v2\/comments?post=9723"}],"wp:featuredmedia":[{"embeddable":true,"href":"https:\/\/toptan.coolsandalye.com\/de\/wp-json\/wp\/v2\/media\/9754"}],"wp:attachment":[{"href":"https:\/\/toptan.coolsandalye.com\/de\/wp-json\/wp\/v2\/media?parent=9723"}],"wp:term":[{"taxonomy":"product_brand","embeddable":true,"href":"https:\/\/toptan.coolsandalye.com\/de\/wp-json\/wp\/v2\/product_brand?post=9723"},{"taxonomy":"product_cat","embeddable":true,"href":"https:\/\/toptan.coolsandalye.com\/de\/wp-json\/wp\/v2\/product_cat?post=9723"},{"taxonomy":"product_tag","embeddable":true,"href":"https:\/\/toptan.coolsandalye.com\/de\/wp-json\/wp\/v2\/product_tag?post=9723"}],"curies":[{"name":"wp","href":"https:\/\/api.w.org\/{rel}","templated":true}]}}