{"id":9279,"date":"2024-11-22T16:16:21","date_gmt":"2024-11-22T13:16:21","guid":{"rendered":"https:\/\/toptan.coolsandalye.com\/?post_type=product&#038;p=9279"},"modified":"2025-06-30T15:30:56","modified_gmt":"2025-06-30T12:30:56","slug":"vega-benc-beyaz","status":"publish","type":"product","link":"https:\/\/toptan.coolsandalye.com\/de\/produkt\/vega-benc-beyaz\/","title":{"rendered":"Vega Ben\u00e7 &#8211; Beyaz"},"content":{"rendered":"<p>Modern tasar\u0131m\u0131 ve beyaz rengin zarafetiyle <strong>Vega Ben\u00e7<\/strong>, ya\u015fam alanlar\u0131n\u0131za sade ve \u015f\u0131k bir dokunu\u015f kat\u0131yor. Y\u00fcksek kaliteli malzemelerle \u00fcretilen bu ben\u00e7, dayan\u0131kl\u0131 yap\u0131s\u0131 ve minimal \u00e7izgileriyle hem estetik hem de i\u015flevselli\u011fi bir araya getiriyor. Beyaz rengin ferahl\u0131\u011f\u0131, mek\u00e2nlar\u0131n\u0131z\u0131 ayd\u0131nlat\u0131rken her t\u00fcrl\u00fc dekorasyon stiline uyum sa\u011flar.<\/p>\n<p>&nbsp;<\/p>","protected":false},"excerpt":{"rendered":"<p>Modern tasar\u0131m\u0131 ve beyaz rengin zarafetiyle <strong>Vega Ben\u00e7<\/strong>, ya\u015fam alanlar\u0131n\u0131za sade ve \u015f\u0131k bir dokunu\u015f kat\u0131yor. Y\u00fcksek kaliteli malzemelerle \u00fcretilen bu ben\u00e7, dayan\u0131kl\u0131 yap\u0131s\u0131 ve minimal \u00e7izgileriyle hem estetik hem de i\u015flevselli\u011fi bir araya getiriyor. Beyaz rengin ferahl\u0131\u011f\u0131, mek\u00e2nlar\u0131n\u0131z\u0131 ayd\u0131nlat\u0131rken her t\u00fcrl\u00fc dekorasyon stiline uyum sa\u011flar.<\/p>","protected":false},"featured_media":9276,"comment_status":"open","ping_status":"closed","template":"","meta":[],"product_brand":[],"product_cat":[84],"product_tag":[],"class_list":{"0":"post-9279","1":"product","2":"type-product","3":"status-publish","4":"has-post-thumbnail","6":"product_cat-benc","8":"first","9":"instock","10":"shipping-taxable","11":"product-type-simple"},"_links":{"self":[{"href":"https:\/\/toptan.coolsandalye.com\/de\/wp-json\/wp\/v2\/product\/9279","targetHints":{"allow":["GET"]}}],"collection":[{"href":"https:\/\/toptan.coolsandalye.com\/de\/wp-json\/wp\/v2\/product"}],"about":[{"href":"https:\/\/toptan.coolsandalye.com\/de\/wp-json\/wp\/v2\/types\/product"}],"replies":[{"embeddable":true,"href":"https:\/\/toptan.coolsandalye.com\/de\/wp-json\/wp\/v2\/comments?post=9279"}],"wp:featuredmedia":[{"embeddable":true,"href":"https:\/\/toptan.coolsandalye.com\/de\/wp-json\/wp\/v2\/media\/9276"}],"wp:attachment":[{"href":"https:\/\/toptan.coolsandalye.com\/de\/wp-json\/wp\/v2\/media?parent=9279"}],"wp:term":[{"taxonomy":"product_brand","embeddable":true,"href":"https:\/\/toptan.coolsandalye.com\/de\/wp-json\/wp\/v2\/product_brand?post=9279"},{"taxonomy":"product_cat","embeddable":true,"href":"https:\/\/toptan.coolsandalye.com\/de\/wp-json\/wp\/v2\/product_cat?post=9279"},{"taxonomy":"product_tag","embeddable":true,"href":"https:\/\/toptan.coolsandalye.com\/de\/wp-json\/wp\/v2\/product_tag?post=9279"}],"curies":[{"name":"wp","href":"https:\/\/api.w.org\/{rel}","templated":true}]}}