{"id":9274,"date":"2024-11-22T15:47:56","date_gmt":"2024-11-22T12:47:56","guid":{"rendered":"https:\/\/toptan.coolsandalye.com\/?post_type=product&#038;p=9274"},"modified":"2025-06-30T15:30:56","modified_gmt":"2025-06-30T12:30:56","slug":"vega-tabure-siyah","status":"publish","type":"product","link":"https:\/\/toptan.coolsandalye.com\/de\/produkt\/vega-tabure-siyah\/","title":{"rendered":"Vega Tabure &#8211; Siyah"},"content":{"rendered":"<p>Zarif ve modern tasar\u0131m\u0131yla <strong>Vega Tabure &#8211; Siyah<\/strong>, ya\u015fam alanlar\u0131n\u0131za sofistike bir dokunu\u015f kat\u0131yor. \u015e\u0131kl\u0131\u011f\u0131 ve dayan\u0131kl\u0131l\u0131\u011f\u0131 bir araya getiren bu tabure, y\u00fcksek kaliteli ah\u015fap malzeme kullan\u0131larak \u00fcretilmi\u015ftir. Siyah rengin zarafetiyle her t\u00fcrl\u00fc dekorasyon stiline m\u00fckemmel bir uyum sa\u011flar.<\/p>\n<p>Fonksiyonel ve \u00e7ok y\u00f6nl\u00fc kullan\u0131m sunan Nora Tabure, salon, mutfak, yatak odas\u0131, ofis ya da balkon gibi alanlarda hem dekoratif hem de pratik bir \u00e7\u00f6z\u00fcm sunar. Ergonomik tasar\u0131m\u0131, konforlu bir oturma deneyimi sunarken, hafif yap\u0131s\u0131yla kolayca ta\u015f\u0131nabilir.<\/p>","protected":false},"excerpt":{"rendered":"<p>Zarif ve modern tasar\u0131m\u0131yla <strong>Vega Tabure &#8211; Siyah<\/strong>, ya\u015fam alanlar\u0131n\u0131za sofistike bir dokunu\u015f kat\u0131yor. \u015e\u0131kl\u0131\u011f\u0131 ve dayan\u0131kl\u0131l\u0131\u011f\u0131 bir araya getiren bu tabure, y\u00fcksek kaliteli ah\u015fap malzeme kullan\u0131larak \u00fcretilmi\u015ftir. Siyah rengin zarafetiyle her t\u00fcrl\u00fc dekorasyon stiline m\u00fckemmel bir uyum sa\u011flar.<\/p>\n<p>Fonksiyonel ve \u00e7ok y\u00f6nl\u00fc kullan\u0131m sunan Nora Tabure, salon, mutfak, yatak odas\u0131, ofis ya da balkon gibi alanlarda hem dekoratif hem de pratik bir \u00e7\u00f6z\u00fcm sunar. Ergonomik tasar\u0131m\u0131, konforlu bir oturma deneyimi sunarken, hafif yap\u0131s\u0131yla kolayca ta\u015f\u0131nabilir.<\/p>","protected":false},"featured_media":9272,"comment_status":"open","ping_status":"closed","template":"","meta":[],"product_brand":[],"product_cat":[85],"product_tag":[],"class_list":{"0":"post-9274","1":"product","2":"type-product","3":"status-publish","4":"has-post-thumbnail","6":"product_cat-tabure","8":"first","9":"instock","10":"shipping-taxable","11":"product-type-simple"},"_links":{"self":[{"href":"https:\/\/toptan.coolsandalye.com\/de\/wp-json\/wp\/v2\/product\/9274","targetHints":{"allow":["GET"]}}],"collection":[{"href":"https:\/\/toptan.coolsandalye.com\/de\/wp-json\/wp\/v2\/product"}],"about":[{"href":"https:\/\/toptan.coolsandalye.com\/de\/wp-json\/wp\/v2\/types\/product"}],"replies":[{"embeddable":true,"href":"https:\/\/toptan.coolsandalye.com\/de\/wp-json\/wp\/v2\/comments?post=9274"}],"wp:featuredmedia":[{"embeddable":true,"href":"https:\/\/toptan.coolsandalye.com\/de\/wp-json\/wp\/v2\/media\/9272"}],"wp:attachment":[{"href":"https:\/\/toptan.coolsandalye.com\/de\/wp-json\/wp\/v2\/media?parent=9274"}],"wp:term":[{"taxonomy":"product_brand","embeddable":true,"href":"https:\/\/toptan.coolsandalye.com\/de\/wp-json\/wp\/v2\/product_brand?post=9274"},{"taxonomy":"product_cat","embeddable":true,"href":"https:\/\/toptan.coolsandalye.com\/de\/wp-json\/wp\/v2\/product_cat?post=9274"},{"taxonomy":"product_tag","embeddable":true,"href":"https:\/\/toptan.coolsandalye.com\/de\/wp-json\/wp\/v2\/product_tag?post=9274"}],"curies":[{"name":"wp","href":"https:\/\/api.w.org\/{rel}","templated":true}]}}