{"id":9269,"date":"2024-11-22T15:46:04","date_gmt":"2024-11-22T12:46:04","guid":{"rendered":"https:\/\/toptan.coolsandalye.com\/?post_type=product&#038;p=9269"},"modified":"2025-06-30T15:30:56","modified_gmt":"2025-06-30T12:30:56","slug":"vega-tabure-ceviz","status":"publish","type":"product","link":"https:\/\/toptan.coolsandalye.com\/de\/produkt\/vega-tabure-ceviz\/","title":{"rendered":"Vega Tabure &#8211; Ceviz"},"content":{"rendered":"<p>Evinize zarif bir dokunu\u015f katmak i\u00e7in tasarlanan <strong>Vega Tabure<\/strong>, ceviz renginin s\u0131cakl\u0131\u011f\u0131 ve modern tasar\u0131m\u0131yla g\u00f6z dolduruyor. Y\u00fcksek kaliteli ah\u015fap malzemeden \u00fcretilen bu tabure, hem dayan\u0131kl\u0131l\u0131\u011f\u0131 hem de estetik g\u00f6r\u00fcn\u00fcm\u00fcyle uzun y\u0131llar boyunca kullan\u0131m sa\u011flar.<\/p>\n<p>Minimalist tasar\u0131m\u0131 sayesinde her t\u00fcrl\u00fc dekorasyon stiline kolayca uyum sa\u011flayan Nora Tabure, salon, mutfak, yatak odas\u0131 ya da balkon gibi ya\u015fam alanlar\u0131n\u0131zda \u00e7ok y\u00f6nl\u00fc bir kullan\u0131m sunar. Ergonomik yap\u0131s\u0131, konforlu bir oturma deneyimi sunarken, hafifli\u011fi sayesinde kolayca ta\u015f\u0131nabilir.<\/p>","protected":false},"excerpt":{"rendered":"<p>Evinize zarif bir dokunu\u015f katmak i\u00e7in tasarlanan <strong>Vega Tabure<\/strong>, ceviz renginin s\u0131cakl\u0131\u011f\u0131 ve modern tasar\u0131m\u0131yla g\u00f6z dolduruyor. Y\u00fcksek kaliteli ah\u015fap malzemeden \u00fcretilen bu tabure, hem dayan\u0131kl\u0131l\u0131\u011f\u0131 hem de estetik g\u00f6r\u00fcn\u00fcm\u00fcyle uzun y\u0131llar boyunca kullan\u0131m sa\u011flar<\/p>","protected":false},"featured_media":9270,"comment_status":"open","ping_status":"closed","template":"","meta":[],"product_brand":[],"product_cat":[85],"product_tag":[],"class_list":{"0":"post-9269","1":"product","2":"type-product","3":"status-publish","4":"has-post-thumbnail","6":"product_cat-tabure","8":"first","9":"instock","10":"shipping-taxable","11":"product-type-simple"},"_links":{"self":[{"href":"https:\/\/toptan.coolsandalye.com\/de\/wp-json\/wp\/v2\/product\/9269","targetHints":{"allow":["GET"]}}],"collection":[{"href":"https:\/\/toptan.coolsandalye.com\/de\/wp-json\/wp\/v2\/product"}],"about":[{"href":"https:\/\/toptan.coolsandalye.com\/de\/wp-json\/wp\/v2\/types\/product"}],"replies":[{"embeddable":true,"href":"https:\/\/toptan.coolsandalye.com\/de\/wp-json\/wp\/v2\/comments?post=9269"}],"wp:featuredmedia":[{"embeddable":true,"href":"https:\/\/toptan.coolsandalye.com\/de\/wp-json\/wp\/v2\/media\/9270"}],"wp:attachment":[{"href":"https:\/\/toptan.coolsandalye.com\/de\/wp-json\/wp\/v2\/media?parent=9269"}],"wp:term":[{"taxonomy":"product_brand","embeddable":true,"href":"https:\/\/toptan.coolsandalye.com\/de\/wp-json\/wp\/v2\/product_brand?post=9269"},{"taxonomy":"product_cat","embeddable":true,"href":"https:\/\/toptan.coolsandalye.com\/de\/wp-json\/wp\/v2\/product_cat?post=9269"},{"taxonomy":"product_tag","embeddable":true,"href":"https:\/\/toptan.coolsandalye.com\/de\/wp-json\/wp\/v2\/product_tag?post=9269"}],"curies":[{"name":"wp","href":"https:\/\/api.w.org\/{rel}","templated":true}]}}