{"id":9266,"date":"2025-02-26T14:06:15","date_gmt":"2025-02-26T11:06:15","guid":{"rendered":"https:\/\/toptan.coolsandalye.com\/?post_type=product&#038;p=9266"},"modified":"2025-06-30T15:30:56","modified_gmt":"2025-06-30T12:30:56","slug":"nora-vega-masa-takimi-tek-ayakli-siyah","status":"publish","type":"product","link":"https:\/\/toptan.coolsandalye.com\/de\/produkt\/nora-vega-masa-takimi-tek-ayakli-siyah\/","title":{"rendered":"Nora Vega Masa Tak\u0131m\u0131 (Tek Ayakl\u0131) &#8211; Siyah"},"content":{"rendered":"<p>Asaletin ve minimalizmin bir araya geldi\u011fi Nora Vega Masa Tak\u0131m\u0131 (Tek Ayakl\u0131) &#8211; Siyah, modern ya\u015fam alanlar\u0131na zarif bir dokunu\u015f kat\u0131yor. Tek ayakl\u0131 tasar\u0131m\u0131 sayesinde alan tasarrufu sa\u011flarken \u015f\u0131kl\u0131\u011f\u0131n\u0131zdan \u00f6d\u00fcn vermez.<\/p>","protected":false},"excerpt":{"rendered":"<p>Asaletin ve minimalizmin bir araya geldi\u011fi Nora Vega Masa Tak\u0131m\u0131 (Tek Ayakl\u0131) &#8211; Siyah, modern ya\u015fam alanlar\u0131na zarif bir dokunu\u015f kat\u0131yor. Tek ayakl\u0131 tasar\u0131m\u0131 sayesinde alan tasarrufu sa\u011flarken \u015f\u0131kl\u0131\u011f\u0131n\u0131zdan \u00f6d\u00fcn vermez.<\/p>","protected":false},"featured_media":9267,"comment_status":"open","ping_status":"closed","template":"","meta":[],"product_brand":[],"product_cat":[56],"product_tag":[130],"class_list":{"0":"post-9266","1":"product","2":"type-product","3":"status-publish","4":"has-post-thumbnail","6":"product_cat-masa-takimi","7":"product_tag-ahsap-iskandinav","9":"first","10":"instock","11":"shipping-taxable","12":"product-type-simple"},"_links":{"self":[{"href":"https:\/\/toptan.coolsandalye.com\/de\/wp-json\/wp\/v2\/product\/9266","targetHints":{"allow":["GET"]}}],"collection":[{"href":"https:\/\/toptan.coolsandalye.com\/de\/wp-json\/wp\/v2\/product"}],"about":[{"href":"https:\/\/toptan.coolsandalye.com\/de\/wp-json\/wp\/v2\/types\/product"}],"replies":[{"embeddable":true,"href":"https:\/\/toptan.coolsandalye.com\/de\/wp-json\/wp\/v2\/comments?post=9266"}],"wp:featuredmedia":[{"embeddable":true,"href":"https:\/\/toptan.coolsandalye.com\/de\/wp-json\/wp\/v2\/media\/9267"}],"wp:attachment":[{"href":"https:\/\/toptan.coolsandalye.com\/de\/wp-json\/wp\/v2\/media?parent=9266"}],"wp:term":[{"taxonomy":"product_brand","embeddable":true,"href":"https:\/\/toptan.coolsandalye.com\/de\/wp-json\/wp\/v2\/product_brand?post=9266"},{"taxonomy":"product_cat","embeddable":true,"href":"https:\/\/toptan.coolsandalye.com\/de\/wp-json\/wp\/v2\/product_cat?post=9266"},{"taxonomy":"product_tag","embeddable":true,"href":"https:\/\/toptan.coolsandalye.com\/de\/wp-json\/wp\/v2\/product_tag?post=9266"}],"curies":[{"name":"wp","href":"https:\/\/api.w.org\/{rel}","templated":true}]}}