{"id":9261,"date":"2025-02-26T14:06:15","date_gmt":"2025-02-26T11:06:15","guid":{"rendered":"https:\/\/toptan.coolsandalye.com\/?post_type=product&#038;p=9261"},"modified":"2025-06-30T15:30:55","modified_gmt":"2025-06-30T12:30:55","slug":"nora-vega-masa-takimi-tek-ayakli-beyaz","status":"publish","type":"product","link":"https:\/\/toptan.coolsandalye.com\/de\/produkt\/nora-vega-masa-takimi-tek-ayakli-beyaz\/","title":{"rendered":"Nora Vega Masa Tak\u0131m\u0131 (Tek Ayakl\u0131) &#8211; Beyaz"},"content":{"rendered":"<p>Minimalizmin ve i\u015flevselli\u011fin m\u00fckemmel birle\u015fimi olan Nora Vega Masa Tak\u0131m\u0131 (Tek Ayakl\u0131), beyaz rengin zarafetiyle ya\u015fam alanlar\u0131n\u0131za modern bir dokunu\u015f getiriyor. \u015e\u0131k ve pratik tasar\u0131m\u0131, \u00f6zellikle alan tasarrufu sa\u011flamak isteyenler i\u00e7in ideal bir se\u00e7enek sunar.<\/p>","protected":false},"excerpt":{"rendered":"<p>Minimalizmin ve i\u015flevselli\u011fin m\u00fckemmel birle\u015fimi olan Nora Vega Masa Tak\u0131m\u0131 (Tek Ayakl\u0131), beyaz rengin zarafetiyle ya\u015fam alanlar\u0131n\u0131za modern bir dokunu\u015f getiriyor. \u015e\u0131k ve pratik tasar\u0131m\u0131, \u00f6zellikle alan tasarrufu sa\u011flamak isteyenler i\u00e7in ideal bir se\u00e7enek sunar.<\/p>","protected":false},"featured_media":9262,"comment_status":"open","ping_status":"closed","template":"","meta":[],"product_brand":[],"product_cat":[56],"product_tag":[130],"class_list":{"0":"post-9261","1":"product","2":"type-product","3":"status-publish","4":"has-post-thumbnail","6":"product_cat-masa-takimi","7":"product_tag-ahsap-iskandinav","9":"first","10":"instock","11":"shipping-taxable","12":"product-type-simple"},"_links":{"self":[{"href":"https:\/\/toptan.coolsandalye.com\/de\/wp-json\/wp\/v2\/product\/9261","targetHints":{"allow":["GET"]}}],"collection":[{"href":"https:\/\/toptan.coolsandalye.com\/de\/wp-json\/wp\/v2\/product"}],"about":[{"href":"https:\/\/toptan.coolsandalye.com\/de\/wp-json\/wp\/v2\/types\/product"}],"replies":[{"embeddable":true,"href":"https:\/\/toptan.coolsandalye.com\/de\/wp-json\/wp\/v2\/comments?post=9261"}],"wp:featuredmedia":[{"embeddable":true,"href":"https:\/\/toptan.coolsandalye.com\/de\/wp-json\/wp\/v2\/media\/9262"}],"wp:attachment":[{"href":"https:\/\/toptan.coolsandalye.com\/de\/wp-json\/wp\/v2\/media?parent=9261"}],"wp:term":[{"taxonomy":"product_brand","embeddable":true,"href":"https:\/\/toptan.coolsandalye.com\/de\/wp-json\/wp\/v2\/product_brand?post=9261"},{"taxonomy":"product_cat","embeddable":true,"href":"https:\/\/toptan.coolsandalye.com\/de\/wp-json\/wp\/v2\/product_cat?post=9261"},{"taxonomy":"product_tag","embeddable":true,"href":"https:\/\/toptan.coolsandalye.com\/de\/wp-json\/wp\/v2\/product_tag?post=9261"}],"curies":[{"name":"wp","href":"https:\/\/api.w.org\/{rel}","templated":true}]}}