{"id":9254,"date":"2025-02-26T14:06:13","date_gmt":"2025-02-26T11:06:13","guid":{"rendered":"https:\/\/toptan.coolsandalye.com\/?post_type=product&#038;p=9254"},"modified":"2025-06-30T15:30:59","modified_gmt":"2025-06-30T12:30:59","slug":"vega-masa-takimi-ceviz","status":"publish","type":"product","link":"https:\/\/toptan.coolsandalye.com\/de\/produkt\/vega-masa-takimi-ceviz\/","title":{"rendered":"Vega Tischset - Nussbaum"},"content":{"rendered":"<p>\u015e\u0131kl\u0131k ve i\u015flevselli\u011fi bir arada sunan Vega Masa Tak\u0131m\u0131, ceviz renginin s\u0131cakl\u0131\u011f\u0131yla mekanlar\u0131n\u0131za do\u011fal bir atmosfer kazand\u0131r\u0131r. Modern tasar\u0131m\u0131 ve ergonomik yap\u0131s\u0131yla yemek alanlar\u0131n\u0131z\u0131n vazge\u00e7ilmezi olmaya aday.<\/p>","protected":false},"excerpt":{"rendered":"<p>\u015e\u0131kl\u0131k ve i\u015flevselli\u011fi bir arada sunan Vega Masa Tak\u0131m\u0131, ceviz renginin s\u0131cakl\u0131\u011f\u0131yla mekanlar\u0131n\u0131za do\u011fal bir atmosfer kazand\u0131r\u0131r. Modern tasar\u0131m\u0131 ve ergonomik yap\u0131s\u0131yla yemek alanlar\u0131n\u0131z\u0131n vazge\u00e7ilmezi olmaya aday.<\/p>","protected":false},"featured_media":9255,"comment_status":"open","ping_status":"closed","template":"","meta":[],"product_brand":[],"product_cat":[56],"product_tag":[130],"class_list":{"0":"post-9254","1":"product","2":"type-product","3":"status-publish","4":"has-post-thumbnail","6":"product_cat-masa-takimi","7":"product_tag-ahsap-iskandinav","9":"first","10":"instock","11":"shipping-taxable","12":"product-type-variable"},"_links":{"self":[{"href":"https:\/\/toptan.coolsandalye.com\/de\/wp-json\/wp\/v2\/product\/9254","targetHints":{"allow":["GET"]}}],"collection":[{"href":"https:\/\/toptan.coolsandalye.com\/de\/wp-json\/wp\/v2\/product"}],"about":[{"href":"https:\/\/toptan.coolsandalye.com\/de\/wp-json\/wp\/v2\/types\/product"}],"replies":[{"embeddable":true,"href":"https:\/\/toptan.coolsandalye.com\/de\/wp-json\/wp\/v2\/comments?post=9254"}],"wp:featuredmedia":[{"embeddable":true,"href":"https:\/\/toptan.coolsandalye.com\/de\/wp-json\/wp\/v2\/media\/9255"}],"wp:attachment":[{"href":"https:\/\/toptan.coolsandalye.com\/de\/wp-json\/wp\/v2\/media?parent=9254"}],"wp:term":[{"taxonomy":"product_brand","embeddable":true,"href":"https:\/\/toptan.coolsandalye.com\/de\/wp-json\/wp\/v2\/product_brand?post=9254"},{"taxonomy":"product_cat","embeddable":true,"href":"https:\/\/toptan.coolsandalye.com\/de\/wp-json\/wp\/v2\/product_cat?post=9254"},{"taxonomy":"product_tag","embeddable":true,"href":"https:\/\/toptan.coolsandalye.com\/de\/wp-json\/wp\/v2\/product_tag?post=9254"}],"curies":[{"name":"wp","href":"https:\/\/api.w.org\/{rel}","templated":true}]}}