{"id":9248,"date":"2024-11-20T16:20:14","date_gmt":"2024-11-20T13:20:14","guid":{"rendered":"https:\/\/toptan.coolsandalye.com\/?post_type=product&#038;p=9248"},"modified":"2025-06-30T15:30:54","modified_gmt":"2025-06-30T12:30:54","slug":"inci-masa-ceviz","status":"publish","type":"product","link":"https:\/\/toptan.coolsandalye.com\/de\/produkt\/inci-masa-ceviz\/","title":{"rendered":"Perlentisch - Walnuss"},"content":{"rendered":"<p>Zarafetin ve do\u011fall\u0131\u011f\u0131n bulu\u015fma noktas\u0131 olan <strong>Perlentisch - Walnuss<\/strong>, ceviz a\u011fac\u0131n\u0131n s\u0131cak tonlar\u0131 ve sade tasar\u0131m\u0131yla ya\u015fam alanlar\u0131n\u0131za sofistike bir hava kat\u0131yor. Her detay\u0131nda kalite ve i\u015flevsellik sunan bu masa, \u015f\u0131kl\u0131\u011f\u0131yla dikkat \u00e7ekiyor.<\/p>","protected":false},"excerpt":{"rendered":"<p>Zarafetin ve do\u011fall\u0131\u011f\u0131n bulu\u015fma noktas\u0131 olan <strong>Perlentisch - Walnuss<\/strong>, ceviz a\u011fac\u0131n\u0131n s\u0131cak tonlar\u0131 ve sade tasar\u0131m\u0131yla ya\u015fam alanlar\u0131n\u0131za sofistike bir hava kat\u0131yor. Her detay\u0131nda kalite ve i\u015flevsellik sunan bu masa, \u015f\u0131kl\u0131\u011f\u0131yla dikkat \u00e7ekiyor.<\/p>","protected":false},"featured_media":6896,"comment_status":"open","ping_status":"closed","template":"","meta":[],"product_brand":[],"product_cat":[88],"product_tag":[],"class_list":{"0":"post-9248","1":"product","2":"type-product","3":"status-publish","4":"has-post-thumbnail","6":"product_cat-masa","8":"first","9":"instock","10":"shipping-taxable","11":"product-type-simple"},"_links":{"self":[{"href":"https:\/\/toptan.coolsandalye.com\/de\/wp-json\/wp\/v2\/product\/9248","targetHints":{"allow":["GET"]}}],"collection":[{"href":"https:\/\/toptan.coolsandalye.com\/de\/wp-json\/wp\/v2\/product"}],"about":[{"href":"https:\/\/toptan.coolsandalye.com\/de\/wp-json\/wp\/v2\/types\/product"}],"replies":[{"embeddable":true,"href":"https:\/\/toptan.coolsandalye.com\/de\/wp-json\/wp\/v2\/comments?post=9248"}],"wp:featuredmedia":[{"embeddable":true,"href":"https:\/\/toptan.coolsandalye.com\/de\/wp-json\/wp\/v2\/media\/6896"}],"wp:attachment":[{"href":"https:\/\/toptan.coolsandalye.com\/de\/wp-json\/wp\/v2\/media?parent=9248"}],"wp:term":[{"taxonomy":"product_brand","embeddable":true,"href":"https:\/\/toptan.coolsandalye.com\/de\/wp-json\/wp\/v2\/product_brand?post=9248"},{"taxonomy":"product_cat","embeddable":true,"href":"https:\/\/toptan.coolsandalye.com\/de\/wp-json\/wp\/v2\/product_cat?post=9248"},{"taxonomy":"product_tag","embeddable":true,"href":"https:\/\/toptan.coolsandalye.com\/de\/wp-json\/wp\/v2\/product_tag?post=9248"}],"curies":[{"name":"wp","href":"https:\/\/api.w.org\/{rel}","templated":true}]}}