{"id":9247,"date":"2024-11-20T16:14:10","date_gmt":"2024-11-20T13:14:10","guid":{"rendered":"https:\/\/toptan.coolsandalye.com\/?post_type=product&#038;p=9247"},"modified":"2025-06-30T15:30:54","modified_gmt":"2025-06-30T12:30:54","slug":"marin-masa-ceviz","status":"publish","type":"product","link":"https:\/\/toptan.coolsandalye.com\/de\/produkt\/marin-masa-ceviz\/","title":{"rendered":"Marin Tisch - Nussbaum"},"content":{"rendered":"<p>Deniz esintisinden ilham alan \u015f\u0131k ve do\u011fal tasar\u0131m\u0131yla <strong>Marin Tisch - Nussbaum<\/strong>, ya\u015fam alanlar\u0131n\u0131za s\u0131cak ve modern bir atmosfer kazand\u0131r\u0131yor. Ceviz a\u011fac\u0131n\u0131n do\u011fal dokusu ve marin tarz\u0131 detaylar\u0131, bu masay\u0131 hem zarif hem de dayan\u0131kl\u0131 bir par\u00e7a haline getiriyor.<\/p>","protected":false},"excerpt":{"rendered":"<p>Deniz esintisinden ilham alan \u015f\u0131k ve do\u011fal tasar\u0131m\u0131yla <strong>Marin Tisch - Nussbaum<\/strong>, ya\u015fam alanlar\u0131n\u0131za s\u0131cak ve modern bir atmosfer kazand\u0131r\u0131yor. Ceviz a\u011fac\u0131n\u0131n do\u011fal dokusu ve marin tarz\u0131 detaylar\u0131, bu masay\u0131 hem zarif hem de dayan\u0131kl\u0131 bir par\u00e7a haline getiriyor.<\/p>","protected":false},"featured_media":7049,"comment_status":"open","ping_status":"closed","template":"","meta":[],"product_brand":[],"product_cat":[88],"product_tag":[],"class_list":{"0":"post-9247","1":"product","2":"type-product","3":"status-publish","4":"has-post-thumbnail","6":"product_cat-masa","8":"first","9":"instock","10":"shipping-taxable","11":"product-type-simple"},"_links":{"self":[{"href":"https:\/\/toptan.coolsandalye.com\/de\/wp-json\/wp\/v2\/product\/9247","targetHints":{"allow":["GET"]}}],"collection":[{"href":"https:\/\/toptan.coolsandalye.com\/de\/wp-json\/wp\/v2\/product"}],"about":[{"href":"https:\/\/toptan.coolsandalye.com\/de\/wp-json\/wp\/v2\/types\/product"}],"replies":[{"embeddable":true,"href":"https:\/\/toptan.coolsandalye.com\/de\/wp-json\/wp\/v2\/comments?post=9247"}],"wp:featuredmedia":[{"embeddable":true,"href":"https:\/\/toptan.coolsandalye.com\/de\/wp-json\/wp\/v2\/media\/7049"}],"wp:attachment":[{"href":"https:\/\/toptan.coolsandalye.com\/de\/wp-json\/wp\/v2\/media?parent=9247"}],"wp:term":[{"taxonomy":"product_brand","embeddable":true,"href":"https:\/\/toptan.coolsandalye.com\/de\/wp-json\/wp\/v2\/product_brand?post=9247"},{"taxonomy":"product_cat","embeddable":true,"href":"https:\/\/toptan.coolsandalye.com\/de\/wp-json\/wp\/v2\/product_cat?post=9247"},{"taxonomy":"product_tag","embeddable":true,"href":"https:\/\/toptan.coolsandalye.com\/de\/wp-json\/wp\/v2\/product_tag?post=9247"}],"curies":[{"name":"wp","href":"https:\/\/api.w.org\/{rel}","templated":true}]}}