{"id":9246,"date":"2024-11-20T16:12:26","date_gmt":"2024-11-20T13:12:26","guid":{"rendered":"https:\/\/toptan.coolsandalye.com\/?post_type=product&#038;p=9246"},"modified":"2025-06-30T15:30:54","modified_gmt":"2025-06-30T12:30:54","slug":"oval-masa-beyaz","status":"publish","type":"product","link":"https:\/\/toptan.coolsandalye.com\/de\/produkt\/oval-masa-beyaz\/","title":{"rendered":"Ovaler Tisch - Wei\u00df"},"content":{"rendered":"<p>Modern tasar\u0131m\u0131n zarif bir yans\u0131mas\u0131 olan <strong>Ovaler Tisch - Wei\u00df<\/strong>, ya\u015fam alanlar\u0131n\u0131za ferah ve sofistike bir hava kat\u0131yor. Oval formu ve sade beyaz rengiyle her dekorasyon stiline uyum sa\u011flayan bu masa, hem estetik hem de fonksiyonel bir se\u00e7imdir.<\/p>","protected":false},"excerpt":{"rendered":"<p>Modern tasar\u0131m\u0131n zarif bir yans\u0131mas\u0131 olan <strong>Ovaler Tisch - Wei\u00df<\/strong>, ya\u015fam alanlar\u0131n\u0131za ferah ve sofistike bir hava kat\u0131yor. Oval formu ve sade beyaz rengiyle her dekorasyon stiline uyum sa\u011flayan bu masa, hem estetik hem de fonksiyonel bir se\u00e7imdir.<\/p>","protected":false},"featured_media":7043,"comment_status":"open","ping_status":"closed","template":"","meta":[],"product_brand":[],"product_cat":[88],"product_tag":[],"class_list":{"0":"post-9246","1":"product","2":"type-product","3":"status-publish","4":"has-post-thumbnail","6":"product_cat-masa","8":"first","9":"instock","10":"shipping-taxable","11":"product-type-simple"},"_links":{"self":[{"href":"https:\/\/toptan.coolsandalye.com\/de\/wp-json\/wp\/v2\/product\/9246","targetHints":{"allow":["GET"]}}],"collection":[{"href":"https:\/\/toptan.coolsandalye.com\/de\/wp-json\/wp\/v2\/product"}],"about":[{"href":"https:\/\/toptan.coolsandalye.com\/de\/wp-json\/wp\/v2\/types\/product"}],"replies":[{"embeddable":true,"href":"https:\/\/toptan.coolsandalye.com\/de\/wp-json\/wp\/v2\/comments?post=9246"}],"wp:featuredmedia":[{"embeddable":true,"href":"https:\/\/toptan.coolsandalye.com\/de\/wp-json\/wp\/v2\/media\/7043"}],"wp:attachment":[{"href":"https:\/\/toptan.coolsandalye.com\/de\/wp-json\/wp\/v2\/media?parent=9246"}],"wp:term":[{"taxonomy":"product_brand","embeddable":true,"href":"https:\/\/toptan.coolsandalye.com\/de\/wp-json\/wp\/v2\/product_brand?post=9246"},{"taxonomy":"product_cat","embeddable":true,"href":"https:\/\/toptan.coolsandalye.com\/de\/wp-json\/wp\/v2\/product_cat?post=9246"},{"taxonomy":"product_tag","embeddable":true,"href":"https:\/\/toptan.coolsandalye.com\/de\/wp-json\/wp\/v2\/product_tag?post=9246"}],"curies":[{"name":"wp","href":"https:\/\/api.w.org\/{rel}","templated":true}]}}