{"id":9231,"date":"2024-11-20T14:35:11","date_gmt":"2024-11-20T11:35:11","guid":{"rendered":"https:\/\/toptan.coolsandalye.com\/?post_type=product&#038;p=9231"},"modified":"2025-06-30T15:30:59","modified_gmt":"2025-06-30T12:30:59","slug":"lam-atlantik-cam-masa-ceviz","status":"publish","type":"product","link":"https:\/\/toptan.coolsandalye.com\/de\/produkt\/lam-atlantik-cam-masa-ceviz\/","title":{"rendered":"Lam Atlantic Kiefer Tisch - Walnuss"},"content":{"rendered":"<p>Evinizde do\u011fal bir atmosfer yaratmak i\u00e7in tasarlanan <strong>Lam Atlantik \u00c7am Masa<\/strong>, hem \u015f\u0131kl\u0131\u011f\u0131 hem de dayan\u0131kl\u0131l\u0131\u011f\u0131 bir araya getiriyor. Atlantik \u00e7am\u0131n\u0131n benzersiz dokusunu modern tasar\u0131m \u00e7izgileriyle bulu\u015fturan bu masa, ya\u015fam alanlar\u0131n\u0131za s\u0131cak bir dokunu\u015f kat\u0131yor.<\/p>","protected":false},"excerpt":{"rendered":"<p>Evinizde do\u011fal bir atmosfer yaratmak i\u00e7in tasarlanan <strong>Lam Atlantik \u00c7am Masa<\/strong>, hem \u015f\u0131kl\u0131\u011f\u0131 hem de dayan\u0131kl\u0131l\u0131\u011f\u0131 bir araya getiriyor. Atlantik \u00e7am\u0131n\u0131n benzersiz dokusunu modern tasar\u0131m \u00e7izgileriyle bulu\u015fturan bu masa, ya\u015fam alanlar\u0131n\u0131za s\u0131cak bir dokunu\u015f kat\u0131yor.<\/p>","protected":false},"featured_media":9222,"comment_status":"open","ping_status":"closed","template":"","meta":[],"product_brand":[],"product_cat":[88],"product_tag":[],"class_list":{"0":"post-9231","1":"product","2":"type-product","3":"status-publish","4":"has-post-thumbnail","6":"product_cat-masa","8":"first","9":"instock","10":"shipping-taxable","11":"product-type-variable"},"_links":{"self":[{"href":"https:\/\/toptan.coolsandalye.com\/de\/wp-json\/wp\/v2\/product\/9231","targetHints":{"allow":["GET"]}}],"collection":[{"href":"https:\/\/toptan.coolsandalye.com\/de\/wp-json\/wp\/v2\/product"}],"about":[{"href":"https:\/\/toptan.coolsandalye.com\/de\/wp-json\/wp\/v2\/types\/product"}],"replies":[{"embeddable":true,"href":"https:\/\/toptan.coolsandalye.com\/de\/wp-json\/wp\/v2\/comments?post=9231"}],"wp:featuredmedia":[{"embeddable":true,"href":"https:\/\/toptan.coolsandalye.com\/de\/wp-json\/wp\/v2\/media\/9222"}],"wp:attachment":[{"href":"https:\/\/toptan.coolsandalye.com\/de\/wp-json\/wp\/v2\/media?parent=9231"}],"wp:term":[{"taxonomy":"product_brand","embeddable":true,"href":"https:\/\/toptan.coolsandalye.com\/de\/wp-json\/wp\/v2\/product_brand?post=9231"},{"taxonomy":"product_cat","embeddable":true,"href":"https:\/\/toptan.coolsandalye.com\/de\/wp-json\/wp\/v2\/product_cat?post=9231"},{"taxonomy":"product_tag","embeddable":true,"href":"https:\/\/toptan.coolsandalye.com\/de\/wp-json\/wp\/v2\/product_tag?post=9231"}],"curies":[{"name":"wp","href":"https:\/\/api.w.org\/{rel}","templated":true}]}}