{"id":9210,"date":"2025-02-26T14:06:12","date_gmt":"2025-02-26T11:06:12","guid":{"rendered":"https:\/\/toptan.coolsandalye.com\/?post_type=product&#038;p=9210"},"modified":"2025-06-30T15:30:57","modified_gmt":"2025-06-30T12:30:57","slug":"ross-cafe-restaurant-masa-takimi-tekli-parke-ceviz","status":"publish","type":"product","link":"https:\/\/toptan.coolsandalye.com\/de\/produkt\/ross-cafe-restaurant-masa-takimi-tekli-parke-ceviz\/","title":{"rendered":"Ross Cafe &#038; Restaurant Masa Tak\u0131m\u0131 &#8211; Tekli &#8211; Ceviz"},"content":{"rendered":"<p>Das Ross Cafe &amp; Restaurant Tischset ist die perfekte Wahl f\u00fcr Ihre moderne Cafeteria-Umgebung. Mit seinem dynamischen Design und der komfortablen Struktur bietet es sowohl eine funktionale als auch eine stilvolle Nutzung.<\/p>","protected":false},"excerpt":{"rendered":"<p>Das Ross Cafe &amp; Restaurant Tischset ist die perfekte Wahl f\u00fcr Ihre moderne Cafeteria-Umgebung. Mit seinem dynamischen Design und der komfortablen Struktur bietet es sowohl eine funktionale als auch eine stilvolle Nutzung.<\/p>","protected":false},"featured_media":9186,"comment_status":"open","ping_status":"closed","template":"","meta":[],"product_brand":[],"product_cat":[56],"product_tag":[133],"class_list":{"0":"post-9210","1":"product","2":"type-product","3":"status-publish","4":"has-post-thumbnail","6":"product_cat-masa-takimi","7":"product_tag-cafe-restoran","9":"first","10":"instock","11":"shipping-taxable","12":"product-type-variable"},"_links":{"self":[{"href":"https:\/\/toptan.coolsandalye.com\/de\/wp-json\/wp\/v2\/product\/9210","targetHints":{"allow":["GET"]}}],"collection":[{"href":"https:\/\/toptan.coolsandalye.com\/de\/wp-json\/wp\/v2\/product"}],"about":[{"href":"https:\/\/toptan.coolsandalye.com\/de\/wp-json\/wp\/v2\/types\/product"}],"replies":[{"embeddable":true,"href":"https:\/\/toptan.coolsandalye.com\/de\/wp-json\/wp\/v2\/comments?post=9210"}],"wp:featuredmedia":[{"embeddable":true,"href":"https:\/\/toptan.coolsandalye.com\/de\/wp-json\/wp\/v2\/media\/9186"}],"wp:attachment":[{"href":"https:\/\/toptan.coolsandalye.com\/de\/wp-json\/wp\/v2\/media?parent=9210"}],"wp:term":[{"taxonomy":"product_brand","embeddable":true,"href":"https:\/\/toptan.coolsandalye.com\/de\/wp-json\/wp\/v2\/product_brand?post=9210"},{"taxonomy":"product_cat","embeddable":true,"href":"https:\/\/toptan.coolsandalye.com\/de\/wp-json\/wp\/v2\/product_cat?post=9210"},{"taxonomy":"product_tag","embeddable":true,"href":"https:\/\/toptan.coolsandalye.com\/de\/wp-json\/wp\/v2\/product_tag?post=9210"}],"curies":[{"name":"wp","href":"https:\/\/api.w.org\/{rel}","templated":true}]}}