{"id":7436,"date":"2025-02-26T14:06:12","date_gmt":"2025-02-26T11:06:12","guid":{"rendered":"https:\/\/toptan.coolsandalye.com\/?post_type=product&#038;p=7436"},"modified":"2025-06-30T15:31:30","modified_gmt":"2025-06-30T12:31:30","slug":"zena-elara-yuvarlak-masa-takimi-beyaz","status":"publish","type":"product","link":"https:\/\/toptan.coolsandalye.com\/de\/produkt\/zena-elara-yuvarlak-masa-takimi-beyaz\/","title":{"rendered":"Zena Elara Yuvarlak Masa Tak\u0131m\u0131 &#8211; Beyaz"},"content":{"rendered":"<p><span style=\"font-weight: 400;\">Cool Sandalye&#8217;nin zarif tasar\u0131m\u0131yla \u00f6ne \u00e7\u0131kan Zena Elara Yuvarlak Masa Tak\u0131m\u0131, evinizde modern ve \u015f\u0131k bir atmosfer yarat\u0131r. Beyaz masa y\u00fczeyi ve ah\u015fap ayaklar\u0131 ile bu masa tak\u0131m\u0131, do\u011fal ve \u00e7a\u011fda\u015f bir g\u00f6r\u00fcn\u00fcm sunar. D\u00f6rt ergonomik sandalyesi, konforlu bir oturma deneyimi sa\u011flar. Kaliteli malzemeler kullan\u0131larak \u00fcretilen bu set, uzun \u00f6m\u00fcrl\u00fc kullan\u0131m sunar. Hem yemek odan\u0131zda hem de mutfa\u011f\u0131n\u0131zda m\u00fckemmel bir uyum sa\u011flar.<\/span><\/p>\n<p><b>Produktspezifikationen:<\/b><\/p>\n<ul>\n<li style=\"font-weight: 400;\" aria-level=\"1\"><span style=\"font-weight: 400;\">H\u00f6lzerner Rahmen<\/span><\/li>\n<li style=\"font-weight: 400;\" aria-level=\"1\"><span style=\"font-weight: 400;\">Modernes und minimalistisches Design<\/span><\/li>\n<li style=\"font-weight: 400;\" aria-level=\"1\"><span style=\"font-weight: 400;\">Ergonomische Struktur<\/span><\/li>\n<li style=\"font-weight: 400;\" aria-level=\"1\"><span style=\"font-weight: 400;\">Nat\u00fcrliches Holz und Stoff in neutralen T\u00f6nen\u00a0<\/span><\/li>\n<li style=\"font-weight: 400;\" aria-level=\"1\"><span style=\"font-weight: 400;\">Die Farbe des Stoffes kann auf Anfrage ge\u00e4ndert werden.<\/span><\/li>\n<\/ul>","protected":false},"excerpt":{"rendered":"<p><span style=\"font-weight: 400;\">Cool Sandalye&#8217;nin zarif tasar\u0131m\u0131yla \u00f6ne \u00e7\u0131kan Zena Elara Yuvarlak Masa Tak\u0131m\u0131, evinizde modern ve \u015f\u0131k bir atmosfer yarat\u0131r. Beyaz masa y\u00fczeyi ve ah\u015fap ayaklar\u0131 ile bu masa tak\u0131m\u0131, do\u011fal ve \u00e7a\u011fda\u015f bir g\u00f6r\u00fcn\u00fcm sunar. D\u00f6rt ergonomik sandalyesi, konforlu bir oturma deneyimi sa\u011flar. Kaliteli malzemeler kullan\u0131larak \u00fcretilen bu set, uzun \u00f6m\u00fcrl\u00fc kullan\u0131m sunar. Hem yemek odan\u0131zda hem de mutfa\u011f\u0131n\u0131zda m\u00fckemmel bir uyum sa\u011flar.<\/span><\/p>","protected":false},"featured_media":7443,"comment_status":"open","ping_status":"closed","template":"","meta":[],"product_brand":[],"product_cat":[56],"product_tag":[130,109],"class_list":{"0":"post-7436","1":"product","2":"type-product","3":"status-publish","4":"has-post-thumbnail","6":"product_cat-masa-takimi","7":"product_tag-ahsap-iskandinav","8":"product_tag-yeni","10":"first","11":"instock","12":"shipping-taxable","13":"product-type-variable"},"_links":{"self":[{"href":"https:\/\/toptan.coolsandalye.com\/de\/wp-json\/wp\/v2\/product\/7436","targetHints":{"allow":["GET"]}}],"collection":[{"href":"https:\/\/toptan.coolsandalye.com\/de\/wp-json\/wp\/v2\/product"}],"about":[{"href":"https:\/\/toptan.coolsandalye.com\/de\/wp-json\/wp\/v2\/types\/product"}],"replies":[{"embeddable":true,"href":"https:\/\/toptan.coolsandalye.com\/de\/wp-json\/wp\/v2\/comments?post=7436"}],"wp:featuredmedia":[{"embeddable":true,"href":"https:\/\/toptan.coolsandalye.com\/de\/wp-json\/wp\/v2\/media\/7443"}],"wp:attachment":[{"href":"https:\/\/toptan.coolsandalye.com\/de\/wp-json\/wp\/v2\/media?parent=7436"}],"wp:term":[{"taxonomy":"product_brand","embeddable":true,"href":"https:\/\/toptan.coolsandalye.com\/de\/wp-json\/wp\/v2\/product_brand?post=7436"},{"taxonomy":"product_cat","embeddable":true,"href":"https:\/\/toptan.coolsandalye.com\/de\/wp-json\/wp\/v2\/product_cat?post=7436"},{"taxonomy":"product_tag","embeddable":true,"href":"https:\/\/toptan.coolsandalye.com\/de\/wp-json\/wp\/v2\/product_tag?post=7436"}],"curies":[{"name":"wp","href":"https:\/\/api.w.org\/{rel}","templated":true}]}}