{"id":7425,"date":"2025-02-26T14:06:13","date_gmt":"2025-02-26T11:06:13","guid":{"rendered":"https:\/\/toptan.coolsandalye.com\/?post_type=product&#038;p=7425"},"modified":"2025-06-30T15:31:32","modified_gmt":"2025-06-30T12:31:32","slug":"zena-elara-yuvarlak-masa-takimi-ceviz","status":"publish","type":"product","link":"https:\/\/toptan.coolsandalye.com\/de\/produkt\/zena-elara-yuvarlak-masa-takimi-ceviz\/","title":{"rendered":"Zena Elara Yuvarlak Masa Tak\u0131m\u0131 &#8211; Ceviz"},"content":{"rendered":"<p><span style=\"font-weight: 400;\">Zena Elara Yuvarlak Masa Tak\u0131m\u0131, modern ve \u015f\u0131k tasar\u0131m\u0131yla evinize s\u0131cakl\u0131k katar. Ceviz kaplama masa y\u00fczeyi ve zarif hatlar\u0131yla \u00f6ne \u00e7\u0131kan bu tak\u0131m, d\u00f6rt adet ergonomik sandalyesiyle rahatl\u0131k sunar. Hem estetik hem de fonksiyonel olan Zena Elara Yuvarlak Masa Tak\u0131m\u0131, her t\u00fcrl\u00fc dekorasyon tarz\u0131na uyum sa\u011flar.<\/span><\/p>\n<p><b>Produktspezifikationen:<\/b><\/p>\n<ul>\n<li style=\"font-weight: 400;\" aria-level=\"1\"><span style=\"font-weight: 400;\">H\u00f6lzerner Rahmen<\/span><\/li>\n<li style=\"font-weight: 400;\" aria-level=\"1\"><span style=\"font-weight: 400;\">Modernes und minimalistisches Design<\/span><\/li>\n<li style=\"font-weight: 400;\" aria-level=\"1\"><span style=\"font-weight: 400;\">Ergonomische Struktur<\/span><\/li>\n<li style=\"font-weight: 400;\" aria-level=\"1\"><span style=\"font-weight: 400;\">Nat\u00fcrliches Holz und Stoff in neutralen T\u00f6nen\u00a0<\/span><\/li>\n<li style=\"font-weight: 400;\" aria-level=\"1\"><span style=\"font-weight: 400;\">Die Farbe des Stoffes kann auf Anfrage ge\u00e4ndert werden.<\/span><\/li>\n<\/ul>\n<p>&nbsp;<\/p>","protected":false},"excerpt":{"rendered":"<p><span style=\"font-weight: 400;\">Zena Elara Yuvarlak Masa Tak\u0131m\u0131, modern ve \u015f\u0131k tasar\u0131m\u0131yla evinize s\u0131cakl\u0131k katar. Ceviz kaplama masa y\u00fczeyi ve zarif hatlar\u0131yla \u00f6ne \u00e7\u0131kan bu tak\u0131m, d\u00f6rt adet ergonomik sandalyesiyle rahatl\u0131k sunar. Hem estetik hem de fonksiyonel olan Zena Elara Yuvarlak Masa Tak\u0131m\u0131, her t\u00fcrl\u00fc dekorasyon tarz\u0131na uyum sa\u011flar.<\/span><\/p>","protected":false},"featured_media":7426,"comment_status":"open","ping_status":"closed","template":"","meta":[],"product_brand":[],"product_cat":[56],"product_tag":[130],"class_list":{"0":"post-7425","1":"product","2":"type-product","3":"status-publish","4":"has-post-thumbnail","6":"product_cat-masa-takimi","7":"product_tag-ahsap-iskandinav","9":"first","10":"instock","11":"shipping-taxable","12":"product-type-variable"},"_links":{"self":[{"href":"https:\/\/toptan.coolsandalye.com\/de\/wp-json\/wp\/v2\/product\/7425","targetHints":{"allow":["GET"]}}],"collection":[{"href":"https:\/\/toptan.coolsandalye.com\/de\/wp-json\/wp\/v2\/product"}],"about":[{"href":"https:\/\/toptan.coolsandalye.com\/de\/wp-json\/wp\/v2\/types\/product"}],"replies":[{"embeddable":true,"href":"https:\/\/toptan.coolsandalye.com\/de\/wp-json\/wp\/v2\/comments?post=7425"}],"wp:featuredmedia":[{"embeddable":true,"href":"https:\/\/toptan.coolsandalye.com\/de\/wp-json\/wp\/v2\/media\/7426"}],"wp:attachment":[{"href":"https:\/\/toptan.coolsandalye.com\/de\/wp-json\/wp\/v2\/media?parent=7425"}],"wp:term":[{"taxonomy":"product_brand","embeddable":true,"href":"https:\/\/toptan.coolsandalye.com\/de\/wp-json\/wp\/v2\/product_brand?post=7425"},{"taxonomy":"product_cat","embeddable":true,"href":"https:\/\/toptan.coolsandalye.com\/de\/wp-json\/wp\/v2\/product_cat?post=7425"},{"taxonomy":"product_tag","embeddable":true,"href":"https:\/\/toptan.coolsandalye.com\/de\/wp-json\/wp\/v2\/product_tag?post=7425"}],"curies":[{"name":"wp","href":"https:\/\/api.w.org\/{rel}","templated":true}]}}