{"id":7399,"date":"2025-02-26T14:06:14","date_gmt":"2025-02-26T11:06:14","guid":{"rendered":"https:\/\/toptan.coolsandalye.com\/?post_type=product&#038;p=7399"},"modified":"2025-06-30T15:31:22","modified_gmt":"2025-06-30T12:31:22","slug":"riva-nova-oval-masa-takimi-beyaz","status":"publish","type":"product","link":"https:\/\/toptan.coolsandalye.com\/de\/produkt\/riva-nova-oval-masa-takimi-beyaz\/","title":{"rendered":"Riva Nova Oval Masa Tak\u0131m\u0131 &#8211; Beyaz"},"content":{"rendered":"<p><span style=\"font-weight: 400;\">Riva Nova Masa Tak\u0131m\u0131, modern ve zarif tasar\u0131m\u0131yla her t\u00fcrl\u00fc i\u00e7 mekana uyum sa\u011flar. Ah\u015fap \u00e7er\u00e7evesi ve ergonomik yap\u0131s\u0131 ile konfor ve dayan\u0131kl\u0131l\u0131\u011f\u0131 bir arada sunar. N\u00f6tr tonlarda kuma\u015f kaplamalar\u0131 ile sofistike bir g\u00f6r\u00fcn\u00fcm elde edilmi\u015ftir.\u00a0<\/span><\/p>\n<p><b>Produktspezifikationen:<\/b><\/p>\n<ul>\n<li style=\"font-weight: 400;\" aria-level=\"1\"><span style=\"font-weight: 400;\">H\u00f6lzerner Rahmen<\/span><\/li>\n<li style=\"font-weight: 400;\" aria-level=\"1\"><span style=\"font-weight: 400;\">Modernes und minimalistisches Design<\/span><\/li>\n<li style=\"font-weight: 400;\" aria-level=\"1\"><span style=\"font-weight: 400;\">Ergonomische Struktur<\/span><\/li>\n<li style=\"font-weight: 400;\" aria-level=\"1\"><span style=\"font-weight: 400;\">Nat\u00fcrliches Holz und Stoff in neutralen T\u00f6nen\u00a0<\/span><\/li>\n<li style=\"font-weight: 400;\" aria-level=\"1\"><span style=\"font-weight: 400;\">Die Farbe des Stoffes kann auf Anfrage ge\u00e4ndert werden.<\/span><\/li>\n<\/ul>","protected":false},"excerpt":{"rendered":"<p><span style=\"font-weight: 400;\">Riva Nova Masa Tak\u0131m\u0131, modern ve zarif tasar\u0131m\u0131yla her t\u00fcrl\u00fc i\u00e7 mekana uyum sa\u011flar. Ah\u015fap \u00e7er\u00e7evesi ve ergonomik yap\u0131s\u0131 ile konfor ve dayan\u0131kl\u0131l\u0131\u011f\u0131 bir arada sunar. N\u00f6tr tonlarda kuma\u015f kaplamalar\u0131 ile sofistike bir g\u00f6r\u00fcn\u00fcm elde edilmi\u015ftir.\u00a0<\/span><\/p>","protected":false},"featured_media":7400,"comment_status":"open","ping_status":"closed","template":"","meta":[],"product_brand":[],"product_cat":[56],"product_tag":[130],"class_list":{"0":"post-7399","1":"product","2":"type-product","3":"status-publish","4":"has-post-thumbnail","6":"product_cat-masa-takimi","7":"product_tag-ahsap-iskandinav","9":"first","10":"instock","11":"shipping-taxable","12":"product-type-variable"},"_links":{"self":[{"href":"https:\/\/toptan.coolsandalye.com\/de\/wp-json\/wp\/v2\/product\/7399","targetHints":{"allow":["GET"]}}],"collection":[{"href":"https:\/\/toptan.coolsandalye.com\/de\/wp-json\/wp\/v2\/product"}],"about":[{"href":"https:\/\/toptan.coolsandalye.com\/de\/wp-json\/wp\/v2\/types\/product"}],"replies":[{"embeddable":true,"href":"https:\/\/toptan.coolsandalye.com\/de\/wp-json\/wp\/v2\/comments?post=7399"}],"wp:featuredmedia":[{"embeddable":true,"href":"https:\/\/toptan.coolsandalye.com\/de\/wp-json\/wp\/v2\/media\/7400"}],"wp:attachment":[{"href":"https:\/\/toptan.coolsandalye.com\/de\/wp-json\/wp\/v2\/media?parent=7399"}],"wp:term":[{"taxonomy":"product_brand","embeddable":true,"href":"https:\/\/toptan.coolsandalye.com\/de\/wp-json\/wp\/v2\/product_brand?post=7399"},{"taxonomy":"product_cat","embeddable":true,"href":"https:\/\/toptan.coolsandalye.com\/de\/wp-json\/wp\/v2\/product_cat?post=7399"},{"taxonomy":"product_tag","embeddable":true,"href":"https:\/\/toptan.coolsandalye.com\/de\/wp-json\/wp\/v2\/product_tag?post=7399"}],"curies":[{"name":"wp","href":"https:\/\/api.w.org\/{rel}","templated":true}]}}