{"id":7358,"date":"2025-02-26T14:06:11","date_gmt":"2025-02-26T11:06:11","guid":{"rendered":"https:\/\/toptan.coolsandalye.com\/?post_type=product&#038;p=7358"},"modified":"2025-06-30T15:31:10","modified_gmt":"2025-06-30T12:31:10","slug":"zena-lina-yuvarlak-masa-takimi-siyah","status":"publish","type":"product","link":"https:\/\/toptan.coolsandalye.com\/de\/produkt\/zena-lina-yuvarlak-masa-takimi-siyah\/","title":{"rendered":"Zena Lina Yuvarlak Masa Tak\u0131m\u0131 \u2013 Siyah"},"content":{"rendered":"<p><span style=\"font-weight: 400;\">Zena Lina Yuvarlak Masa Tak\u0131m\u0131, modern tasar\u0131m\u0131 ve \u015f\u0131k siyah ayaklar\u0131 ve ah\u015fap masa y\u00fczeyi ile ya\u015fam alan\u0131n\u0131za zarif bir dokunu\u015f kat\u0131yor. Cool Sandalye taraf\u0131ndan \u00fcretilen bu set, d\u00f6rt ergonomik sandalye ile birlikte gelir ve konforu \u00f6n planda tutar. Dayan\u0131kl\u0131 malzemesi sayesinde uzun \u00f6m\u00fcrl\u00fc kullan\u0131m sunar. Mutfak, yemek odas\u0131 veya ofisler i\u00e7in ideal bir se\u00e7imdir.\u00a0<\/span><\/p>\n<p><b>Produktspezifikationen:<\/b><\/p>\n<ul>\n<li style=\"font-weight: 400;\" aria-level=\"1\"><span style=\"font-weight: 400;\">H\u00f6lzerner Rahmen<\/span><\/li>\n<li style=\"font-weight: 400;\" aria-level=\"1\"><span style=\"font-weight: 400;\">Modernes und minimalistisches Design<\/span><\/li>\n<li style=\"font-weight: 400;\" aria-level=\"1\"><span style=\"font-weight: 400;\">Ergonomische Struktur<\/span><\/li>\n<li style=\"font-weight: 400;\" aria-level=\"1\"><span style=\"font-weight: 400;\">Nat\u00fcrliches Holz und Stoff in neutralen T\u00f6nen\u00a0<\/span><\/li>\n<li style=\"font-weight: 400;\" aria-level=\"1\"><span style=\"font-weight: 400;\">Die Farbe des Stoffes kann auf Anfrage ge\u00e4ndert werden.<\/span><\/li>\n<\/ul>","protected":false},"excerpt":{"rendered":"<p><span style=\"font-weight: 400;\">Zena Lina Yuvarlak Masa Tak\u0131m\u0131, modern tasar\u0131m\u0131 ve \u015f\u0131k siyah ayaklar\u0131 ve ah\u015fap masa y\u00fczeyi ile ya\u015fam alan\u0131n\u0131za zarif bir dokunu\u015f kat\u0131yor. Cool Sandalye taraf\u0131ndan \u00fcretilen bu set, d\u00f6rt ergonomik sandalye ile birlikte gelir ve konforu \u00f6n planda tutar. Dayan\u0131kl\u0131 malzemesi sayesinde uzun \u00f6m\u00fcrl\u00fc kullan\u0131m sunar. Mutfak, yemek odas\u0131 veya ofisler i\u00e7in ideal bir se\u00e7imdir.\u00a0<\/span><\/p>","protected":false},"featured_media":7359,"comment_status":"open","ping_status":"closed","template":"","meta":[],"product_brand":[],"product_cat":[56],"product_tag":[130,109],"class_list":{"0":"post-7358","1":"product","2":"type-product","3":"status-publish","4":"has-post-thumbnail","6":"product_cat-masa-takimi","7":"product_tag-ahsap-iskandinav","8":"product_tag-yeni","10":"first","11":"instock","12":"shipping-taxable","13":"product-type-variable"},"_links":{"self":[{"href":"https:\/\/toptan.coolsandalye.com\/de\/wp-json\/wp\/v2\/product\/7358","targetHints":{"allow":["GET"]}}],"collection":[{"href":"https:\/\/toptan.coolsandalye.com\/de\/wp-json\/wp\/v2\/product"}],"about":[{"href":"https:\/\/toptan.coolsandalye.com\/de\/wp-json\/wp\/v2\/types\/product"}],"replies":[{"embeddable":true,"href":"https:\/\/toptan.coolsandalye.com\/de\/wp-json\/wp\/v2\/comments?post=7358"}],"wp:featuredmedia":[{"embeddable":true,"href":"https:\/\/toptan.coolsandalye.com\/de\/wp-json\/wp\/v2\/media\/7359"}],"wp:attachment":[{"href":"https:\/\/toptan.coolsandalye.com\/de\/wp-json\/wp\/v2\/media?parent=7358"}],"wp:term":[{"taxonomy":"product_brand","embeddable":true,"href":"https:\/\/toptan.coolsandalye.com\/de\/wp-json\/wp\/v2\/product_brand?post=7358"},{"taxonomy":"product_cat","embeddable":true,"href":"https:\/\/toptan.coolsandalye.com\/de\/wp-json\/wp\/v2\/product_cat?post=7358"},{"taxonomy":"product_tag","embeddable":true,"href":"https:\/\/toptan.coolsandalye.com\/de\/wp-json\/wp\/v2\/product_tag?post=7358"}],"curies":[{"name":"wp","href":"https:\/\/api.w.org\/{rel}","templated":true}]}}