{"id":7230,"date":"2024-08-13T14:49:22","date_gmt":"2024-08-13T11:49:22","guid":{"rendered":"https:\/\/toptan.coolsandalye.com\/?post_type=product&#038;p=7230"},"modified":"2025-06-30T15:29:33","modified_gmt":"2025-06-30T12:29:33","slug":"vega-masa-beyaz","status":"publish","type":"product","link":"https:\/\/toptan.coolsandalye.com\/de\/produkt\/vega-masa-beyaz\/","title":{"rendered":"Vega Tisch - Wei\u00df"},"content":{"rendered":"<p><span style=\"font-weight: 400;\">Lernen Sie Vega White Table kennen, ein modernes und elegantes Produkt der Marke Cool chair. Mit seiner strahlend wei\u00dfen Oberfl\u00e4che und seinem originellen Design bringt er Frische und Eleganz in Ihren Wohnbereich. Seine doppelte Basisstruktur bietet Haltbarkeit und \u00c4sthetik zusammen. Dank seiner minimalistischen Linienf\u00fchrung passt er sich an alle Einrichtungsstile an. Dieser vielseitige Tisch, den Sie sowohl als Esstisch als auch als Schreibtisch verwenden k\u00f6nnen, bietet mit seiner gro\u00dfen Oberfl\u00e4che einen hohen Nutzungskomfort.<\/span><\/p>\n<p><b>Produktspezifikationen:<\/b><\/p>\n<p><b>Entwurf:<\/b><\/p>\n<p><i><span style=\"font-weight: 400;\">Modernes und minimalistisches Design:<\/span><\/i><span style=\"font-weight: 400;\"> Mit seinen klaren Linien und seiner schlichten \u00c4sthetik passt er sich jedem Interieur an.<\/span><\/p>\n<p><i><span style=\"font-weight: 400;\">Ergonomische Struktur:<\/span><\/i><span style=\"font-weight: 400;\"> Dank seines ergonomischen Designs passt er sich an den Raum an, den Sie nutzen, und bietet auch bei l\u00e4ngerem Gebrauch Komfort.<\/span><\/p>\n<p><b>Farboptionen:<\/b><\/p>\n<p><i><span style=\"font-weight: 400;\">Nat\u00fcrliches Holz und neutrale T\u00f6ne:<\/span><\/i><span style=\"font-weight: 400;\"> Mit seinen schlichten und eleganten Farbvarianten passt er zu jeder Art von Dekoration. Es sind verschiedene Tischoberfl\u00e4chen und -beine erh\u00e4ltlich, die Alternativen f\u00fcr pers\u00f6nliche Vorlieben bieten.<\/span><\/p>\n<p><b>Einsatzgebiete:<\/b><\/p>\n<p><span style=\"font-weight: 400;\">Es eignet sich f\u00fcr die Verwendung in verschiedenen Innenr\u00e4umen wie Wohnzimmer, Esszimmer, B\u00fcro oder Arbeitszimmer und ist vielseitig einsetzbar.<\/span><\/p>","protected":false},"excerpt":{"rendered":"<p><span style=\"font-weight: 400;\">Lernen Sie Vega White Table kennen, ein modernes und elegantes Produkt der Marke Cool chair. Mit seiner strahlend wei\u00dfen Oberfl\u00e4che und seinem originellen Design bringt er Frische und Eleganz in Ihren Wohnbereich. Seine doppelte Basisstruktur bietet Haltbarkeit und \u00c4sthetik zusammen. Dank seiner minimalistischen Linienf\u00fchrung passt er sich an alle Einrichtungsstile an. Dieser vielseitige Tisch, den Sie sowohl als Esstisch als auch als Schreibtisch verwenden k\u00f6nnen, bietet mit seiner gro\u00dfen Oberfl\u00e4che einen hohen Nutzungskomfort.<\/span><\/p>","protected":false},"featured_media":7235,"comment_status":"open","ping_status":"closed","template":"","meta":[],"product_brand":[],"product_cat":[88],"product_tag":[],"class_list":{"0":"post-7230","1":"product","2":"type-product","3":"status-publish","4":"has-post-thumbnail","6":"product_cat-masa","8":"first","9":"instock","10":"shipping-taxable","11":"product-type-variable"},"_links":{"self":[{"href":"https:\/\/toptan.coolsandalye.com\/de\/wp-json\/wp\/v2\/product\/7230","targetHints":{"allow":["GET"]}}],"collection":[{"href":"https:\/\/toptan.coolsandalye.com\/de\/wp-json\/wp\/v2\/product"}],"about":[{"href":"https:\/\/toptan.coolsandalye.com\/de\/wp-json\/wp\/v2\/types\/product"}],"replies":[{"embeddable":true,"href":"https:\/\/toptan.coolsandalye.com\/de\/wp-json\/wp\/v2\/comments?post=7230"}],"wp:featuredmedia":[{"embeddable":true,"href":"https:\/\/toptan.coolsandalye.com\/de\/wp-json\/wp\/v2\/media\/7235"}],"wp:attachment":[{"href":"https:\/\/toptan.coolsandalye.com\/de\/wp-json\/wp\/v2\/media?parent=7230"}],"wp:term":[{"taxonomy":"product_brand","embeddable":true,"href":"https:\/\/toptan.coolsandalye.com\/de\/wp-json\/wp\/v2\/product_brand?post=7230"},{"taxonomy":"product_cat","embeddable":true,"href":"https:\/\/toptan.coolsandalye.com\/de\/wp-json\/wp\/v2\/product_cat?post=7230"},{"taxonomy":"product_tag","embeddable":true,"href":"https:\/\/toptan.coolsandalye.com\/de\/wp-json\/wp\/v2\/product_tag?post=7230"}],"curies":[{"name":"wp","href":"https:\/\/api.w.org\/{rel}","templated":true}]}}