{"id":7009,"date":"2024-07-30T14:20:36","date_gmt":"2024-07-30T11:20:36","guid":{"rendered":"https:\/\/toptan.coolsandalye.com\/?post_type=product&#038;p=7009"},"modified":"2025-06-30T15:29:30","modified_gmt":"2025-06-30T12:29:30","slug":"elara-sandalye-ceviz","status":"publish","type":"product","link":"https:\/\/toptan.coolsandalye.com\/de\/produkt\/elara-sandalye-ceviz\/","title":{"rendered":"Elara Stuhl \u2013 Walnuss"},"content":{"rendered":"<p><span style=\"font-weight: 400;\">Elara ist ein ergonomischer und eleganter Stuhl der Marke Cool Chair. Er hat eine st\u00fctzende und ergonomische Struktur, die es dem Benutzer erm\u00f6glicht, lange Zeit bequem zu sitzen. Elara ist aus hochwertigen und langlebigen Holzmaterialien gefertigt und bietet eine lange Nutzungsdauer. Die weiche und bequeme Sitzfl\u00e4che bietet auch bei l\u00e4ngerem Sitzen Komfort.\u00a0<\/span><\/p>\n<p><b>Material:<\/b><\/p>\n<ul>\n<li style=\"font-weight: 400;\" aria-level=\"1\"><b>H\u00f6lzerner Rahmen:<\/b><span style=\"font-weight: 400;\"> Die Verwendung von haltbarem und langlebigem Massivholz bietet eine robuste Struktur und eine nat\u00fcrliche \u00c4sthetik.<\/span><\/li>\n<li style=\"font-weight: 400;\" aria-level=\"1\"><b>Bodenbelag:<\/b><span style=\"font-weight: 400;\"> Weiche und gem\u00fctliche Stoffbez\u00fcge in nat\u00fcrlichen und neutralen T\u00f6nen sorgen f\u00fcr ein komfortables Sitzerlebnis.<\/span><\/li>\n<\/ul>\n<p><b>Entwurf:<\/b><\/p>\n<ul>\n<li style=\"font-weight: 400;\" aria-level=\"1\"><b>Modernes und minimalistisches Design:<\/b><span style=\"font-weight: 400;\"> Mit seinen klaren Linien und seiner schlichten \u00c4sthetik passt er sich jedem Interieur an.<\/span><\/li>\n<li style=\"font-weight: 400;\" aria-level=\"1\"><b>Ergonomische Struktur:<\/b><span style=\"font-weight: 400;\"> Das ergonomische Design f\u00fcr bequemes Sitzen sorgt f\u00fcr Komfort auch bei l\u00e4ngerem Sitzen.<\/span><\/li>\n<\/ul>\n<p><b>Farboptionen:<\/b><\/p>\n<ul>\n<li style=\"font-weight: 400;\" aria-level=\"1\"><b>Polsterung aus Naturholz und Stoff in neutralen T\u00f6nen:<\/b><span style=\"font-weight: 400;\"> Mit seinen schlichten und eleganten Farboptionen passt er sich jeder Art von Dekoration an.<\/span><\/li>\n<li style=\"font-weight: 400;\" aria-level=\"1\"><span style=\"font-weight: 400;\">Verschiedene Farb- und Stoffoptionen sind m\u00f6glich und bieten Alternativen, die den pers\u00f6nlichen Vorlieben entsprechen.<\/span><\/li>\n<\/ul>\n<p><b>Einsatzgebiete:<\/b><\/p>\n<ul>\n<li style=\"font-weight: 400;\" aria-level=\"1\"><span style=\"font-weight: 400;\">Es eignet sich f\u00fcr die Verwendung in verschiedenen Innenr\u00e4umen wie Wohnzimmer, Esszimmer, B\u00fcro oder Arbeitszimmer und ist vielseitig einsetzbar.<\/span><\/li>\n<\/ul>\n\t\t\t\t\t\t\t<h3 style=\"margin-bottom:20px;display:block;width:100%;margin-top:10px\">H\u00e4ufig gestellte Fragen <\/h3>\r\n\t\t\t\t\t\t<style>\r\n\t\t\t\t<style>\r\n#wpsm_accordion_7752 .wpsm_panel-heading{\r\n\tpadding:0px !important;\r\n}\r\n#wpsm_accordion_7752 .wpsm_panel-title {\r\n\tmargin:0px !important; \r\n\ttext-transform:none !important;\r\n\tline-height: 1 !important;\r\n}\r\n#wpsm_accordion_7752 .wpsm_panel-title a{\r\n\ttext-decoration:none;\r\n\toverflow:hidden;\r\n\tdisplay:block;\r\n\tpadding:0px;\r\n\tfont-size: 18px !important;\r\n\tfont-family: 0 !important;\r\n\tcolor:#000000 !important;\r\n\tborder-bottom:0px !important;\r\n}\r\n\r\n#wpsm_accordion_7752 .wpsm_panel-title a:focus {\r\noutline: 0px !important;\r\n}\r\n\r\n#wpsm_accordion_7752 .wpsm_panel-title a:hover, #wpsm_accordion_7752 .wpsm_panel-title a:focus {\r\n\tcolor:#000000 !important;\r\n}\r\n#wpsm_accordion_7752 .acc-a{\r\n\tcolor: #000000 !important;\r\n\tbackground-color:#e8e8e8 !important;\r\n\tborder-color: #ddd;\r\n}\r\n#wpsm_accordion_7752 .wpsm_panel-default > .wpsm_panel-heading{\r\n\tcolor: #000000 !important;\r\n\tbackground-color: #e8e8e8 !important;\r\n\tborder-color: #e8e8e8 !important;\r\n\tborder-top-left-radius: 0px;\r\n\tborder-top-right-radius: 0px;\r\n}\r\n#wpsm_accordion_7752 .wpsm_panel-default {\r\n\t\tborder:1px solid transparent !important;\r\n\t}\r\n#wpsm_accordion_7752 {\r\n\tmargin-bottom: 20px;\r\n\toverflow: hidden;\r\n\tfloat: none;\r\n\twidth: 100%;\r\n\tdisplay: block;\r\n}\r\n#wpsm_accordion_7752 .ac_title_class{\r\n\tdisplay: block;\r\n\tpadding-top: 12px;\r\n\tpadding-bottom: 12px;\r\n\tpadding-left: 15px;\r\n\tpadding-right: 15px;\r\n}\r\n#wpsm_accordion_7752  .wpsm_panel {\r\n\toverflow:hidden;\r\n\t-webkit-box-shadow: 0 0px 0px rgba(0, 0, 0, .05);\r\n\tbox-shadow: 0 0px 0px rgba(0, 0, 0, .05);\r\n\t\tborder-radius: 4px;\r\n\t}\r\n#wpsm_accordion_7752  .wpsm_panel + .wpsm_panel {\r\n\t\tmargin-top: 5px;\r\n\t}\r\n#wpsm_accordion_7752  .wpsm_panel-body{\r\n\tbackground-color:#ffffff !important;\r\n\tcolor:#000000 !important;\r\n\tborder-top-color: #e8e8e8 !important;\r\n\tfont-size:16px !important;\r\n\tfont-family: 0 !important;\r\n\toverflow: hidden;\r\n\t\tborder: 2px solid transparent !important;\r\n\t}\r\n\r\n#wpsm_accordion_7752 .ac_open_cl_icon{\r\n\tbackground-color:#e8e8e8 !important;\r\n\tcolor: #000000 !important;\r\n\tfloat:right !important;\r\n\tpadding-top: 12px !important;\r\n\tpadding-bottom: 12px !important;\r\n\tline-height: 1.0 !important;\r\n\tpadding-left: 15px !important;\r\n\tpadding-right: 15px !important;\r\n\tdisplay: inline-block !important;\r\n}\r\n\r\n\t\t\t\r\n\t\t\t<\/style>\t\r\n\t\t\t<\/style>\r\n\t\t\t<div class=\"wpsm_panel-group\" id=\"wpsm_accordion_7752\" >\r\n\t\t\t\t\t\t\t\t\r\n\t\t\t\t\t<!-- Inner panel Start -->\r\n\t\t\t\t\t<div class=\"wpsm_panel wpsm_panel-default\">\r\n\t\t\t\t\t\t<div class=\"wpsm_panel-heading\" role=\"tab\" >\r\n\t\t\t\t\t\t  <h4 class=\"wpsm_panel-title\">\r\n\t\t\t\t\t\t\t<a  class=\"\"  data-toggle=\"collapse\" data-parent=\"#wpsm_accordion_7752 \" href=\"javascript:void(0)\" data-target=\"#ac_7752_collapse1\" onclick=\"do_resize()\">\r\n\t\t\t\t\t\t\t\t\t\t\t\t\t\t\t\t\t<span class=\"ac_open_cl_icon fa fa-minus\"><\/span>\r\n\t\t\t\t\t\t\t\t\t\r\n\t\t\t\t\t\t\t\t \r\n\t\t\t\t\t\t\t\t<span class=\"ac_title_class\">\r\n\t\t\t\t\t\t\t\t\tMuss das Nussbaumparkett des K\u00fcchenstuhls regelm\u00e4\u00dfig gepflegt werden?\t\t\t\t\t\t\t\t<\/span>\r\n\t\t\t\t\t\t\t<\/a>\r\n\t\t\t\t\t\t  <\/h4>\r\n\t\t\t\t\t\t<\/div>\r\n\t\t\t\t\t\t<div id=\"ac_7752_collapse1\" class=\"wpsm_panel-collapse collapse in\"  >\r\n\t\t\t\t\t\t  <div class=\"wpsm_panel-body\">\r\n\t\t\t\t\t\t\tJa, bei regelm\u00e4\u00dfiger Reinigung und Pflege h\u00e4lt Walnussfurnier viele Jahre lang.\t\t\t\t\t\t  <\/div>\r\n\t\t\t\t\t\t<\/div>\r\n\t\t\t\t\t<\/div>\r\n\t\t\t\t\t<!-- Inner panel End -->\r\n\t\t\t\t\t\r\n\t\t\t\t\t\t\t\t\r\n\t\t\t\t\t<!-- Inner panel Start -->\r\n\t\t\t\t\t<div class=\"wpsm_panel wpsm_panel-default\">\r\n\t\t\t\t\t\t<div class=\"wpsm_panel-heading\" role=\"tab\" >\r\n\t\t\t\t\t\t  <h4 class=\"wpsm_panel-title\">\r\n\t\t\t\t\t\t\t<a  class=\"collapsed\"  data-toggle=\"collapse\" data-parent=\"#wpsm_accordion_7752 \" href=\"javascript:void(0)\" data-target=\"#ac_7752_collapse2\" onclick=\"do_resize()\">\r\n\t\t\t\t\t\t\t\t\t\t\t\t\t\t\t\t\t<span class=\"ac_open_cl_icon fa fa-plus\"><\/span>\r\n\t\t\t\t\t\t\t\t\t\r\n\t\t\t\t\t\t\t\t \r\n\t\t\t\t\t\t\t\t<span class=\"ac_title_class\">\r\n\t\t\t\t\t\t\t\t\tVerf\u00fcgt der Holzstuhl \u00fcber eine ergonomische R\u00fcckenlehne?\t\t\t\t\t\t\t\t<\/span>\r\n\t\t\t\t\t\t\t<\/a>\r\n\t\t\t\t\t\t  <\/h4>\r\n\t\t\t\t\t\t<\/div>\r\n\t\t\t\t\t\t<div id=\"ac_7752_collapse2\" class=\"wpsm_panel-collapse collapse\"  >\r\n\t\t\t\t\t\t  <div class=\"wpsm_panel-body\">\r\n\t\t\t\t\t\t\tJa, die ergonomische R\u00fcckenlehne bietet Komfort bei l\u00e4ngerem Sitzen.\t\t\t\t\t\t  <\/div>\r\n\t\t\t\t\t\t<\/div>\r\n\t\t\t\t\t<\/div>\r\n\t\t\t\t\t<!-- Inner panel End -->\r\n\t\t\t\t\t\r\n\t\t\t\t\t\t\t\t\r\n\t\t\t\t\t<!-- Inner panel Start -->\r\n\t\t\t\t\t<div class=\"wpsm_panel wpsm_panel-default\">\r\n\t\t\t\t\t\t<div class=\"wpsm_panel-heading\" role=\"tab\" >\r\n\t\t\t\t\t\t  <h4 class=\"wpsm_panel-title\">\r\n\t\t\t\t\t\t\t<a  class=\"collapsed\"  data-toggle=\"collapse\" data-parent=\"#wpsm_accordion_7752 \" href=\"javascript:void(0)\" data-target=\"#ac_7752_collapse3\" onclick=\"do_resize()\">\r\n\t\t\t\t\t\t\t\t\t\t\t\t\t\t\t\t\t<span class=\"ac_open_cl_icon fa fa-plus\"><\/span>\r\n\t\t\t\t\t\t\t\t\t\r\n\t\t\t\t\t\t\t\t \r\n\t\t\t\t\t\t\t\t<span class=\"ac_title_class\">\r\n\t\t\t\t\t\t\t\t\tIst die Oberfl\u00e4che des Parketts aus Nussbaumfurnier widerstandsf\u00e4hig gegen Kratzer?\t\t\t\t\t\t\t\t<\/span>\r\n\t\t\t\t\t\t\t<\/a>\r\n\t\t\t\t\t\t  <\/h4>\r\n\t\t\t\t\t\t<\/div>\r\n\t\t\t\t\t\t<div id=\"ac_7752_collapse3\" class=\"wpsm_panel-collapse collapse\"  >\r\n\t\t\t\t\t\t  <div class=\"wpsm_panel-body\">\r\n\t\t\t\t\t\t\tJa, seine strapazierf\u00e4hige Oberfl\u00e4che ist kratzfest.\t\t\t\t\t\t  <\/div>\r\n\t\t\t\t\t\t<\/div>\r\n\t\t\t\t\t<\/div>\r\n\t\t\t\t\t<!-- Inner panel End -->\r\n\t\t\t\t\t\r\n\t\t\t\t\t\t\t\t\r\n\t\t\t\t\t<!-- Inner panel Start -->\r\n\t\t\t\t\t<div class=\"wpsm_panel wpsm_panel-default\">\r\n\t\t\t\t\t\t<div class=\"wpsm_panel-heading\" role=\"tab\" >\r\n\t\t\t\t\t\t  <h4 class=\"wpsm_panel-title\">\r\n\t\t\t\t\t\t\t<a  class=\"collapsed\"  data-toggle=\"collapse\" data-parent=\"#wpsm_accordion_7752 \" href=\"javascript:void(0)\" data-target=\"#ac_7752_collapse4\" onclick=\"do_resize()\">\r\n\t\t\t\t\t\t\t\t\t\t\t\t\t\t\t\t\t<span class=\"ac_open_cl_icon fa fa-plus\"><\/span>\r\n\t\t\t\t\t\t\t\t\t\r\n\t\t\t\t\t\t\t\t \r\n\t\t\t\t\t\t\t\t<span class=\"ac_title_class\">\r\n\t\t\t\t\t\t\t\t\tWo kann dieser K\u00fcchenstuhl aus Holz verwendet werden?\t\t\t\t\t\t\t\t<\/span>\r\n\t\t\t\t\t\t\t<\/a>\r\n\t\t\t\t\t\t  <\/h4>\r\n\t\t\t\t\t\t<\/div>\r\n\t\t\t\t\t\t<div id=\"ac_7752_collapse4\" class=\"wpsm_panel-collapse collapse\"  >\r\n\t\t\t\t\t\t  <div class=\"wpsm_panel-body\">\r\n\t\t\t\t\t\t\tDer Stuhl ist f\u00fcr das Wohnzimmer, das Esszimmer und den Arbeitsbereich geeignet.\t\t\t\t\t\t  <\/div>\r\n\t\t\t\t\t\t<\/div>\r\n\t\t\t\t\t<\/div>\r\n\t\t\t\t\t<!-- Inner panel End -->\r\n\t\t\t\t\t\r\n\t\t\t\t\t\t\t\t\r\n\t\t\t\t\t<!-- Inner panel Start -->\r\n\t\t\t\t\t<div class=\"wpsm_panel wpsm_panel-default\">\r\n\t\t\t\t\t\t<div class=\"wpsm_panel-heading\" role=\"tab\" >\r\n\t\t\t\t\t\t  <h4 class=\"wpsm_panel-title\">\r\n\t\t\t\t\t\t\t<a  class=\"collapsed\"  data-toggle=\"collapse\" data-parent=\"#wpsm_accordion_7752 \" href=\"javascript:void(0)\" data-target=\"#ac_7752_collapse5\" onclick=\"do_resize()\">\r\n\t\t\t\t\t\t\t\t\t\t\t\t\t\t\t\t\t<span class=\"ac_open_cl_icon fa fa-plus\"><\/span>\r\n\t\t\t\t\t\t\t\t\t\r\n\t\t\t\t\t\t\t\t \r\n\t\t\t\t\t\t\t\t<span class=\"ac_title_class\">\r\n\t\t\t\t\t\t\t\t\tIst die Sitzh\u00f6he des K\u00fcchenstuhls mit Standardtischen kompatibel?\t\t\t\t\t\t\t\t<\/span>\r\n\t\t\t\t\t\t\t<\/a>\r\n\t\t\t\t\t\t  <\/h4>\r\n\t\t\t\t\t\t<\/div>\r\n\t\t\t\t\t\t<div id=\"ac_7752_collapse5\" class=\"wpsm_panel-collapse collapse\"  >\r\n\t\t\t\t\t\t  <div class=\"wpsm_panel-body\">\r\n\t\t\t\t\t\t\tJa, die Sitzh\u00f6he ist mit den Standardtischh\u00f6hen kompatibel.\t\t\t\t\t\t  <\/div>\r\n\t\t\t\t\t\t<\/div>\r\n\t\t\t\t\t<\/div>\r\n\t\t\t\t\t<!-- Inner panel End -->\r\n\t\t\t\t\t\r\n\t\t\t\t\t\t\t\t\r\n\t\t\t\t\t<!-- Inner panel Start -->\r\n\t\t\t\t\t<div class=\"wpsm_panel wpsm_panel-default\">\r\n\t\t\t\t\t\t<div class=\"wpsm_panel-heading\" role=\"tab\" >\r\n\t\t\t\t\t\t  <h4 class=\"wpsm_panel-title\">\r\n\t\t\t\t\t\t\t<a  class=\"collapsed\"  data-toggle=\"collapse\" data-parent=\"#wpsm_accordion_7752 \" href=\"javascript:void(0)\" data-target=\"#ac_7752_collapse6\" onclick=\"do_resize()\">\r\n\t\t\t\t\t\t\t\t\t\t\t\t\t\t\t\t\t<span class=\"ac_open_cl_icon fa fa-plus\"><\/span>\r\n\t\t\t\t\t\t\t\t\t\r\n\t\t\t\t\t\t\t\t \r\n\t\t\t\t\t\t\t\t<span class=\"ac_title_class\">\r\n\t\t\t\t\t\t\t\t\tKann das Gewicht des Holzstuhls getragen werden?\t\t\t\t\t\t\t\t<\/span>\r\n\t\t\t\t\t\t\t<\/a>\r\n\t\t\t\t\t\t  <\/h4>\r\n\t\t\t\t\t\t<\/div>\r\n\t\t\t\t\t\t<div id=\"ac_7752_collapse6\" class=\"wpsm_panel-collapse collapse\"  >\r\n\t\t\t\t\t\t  <div class=\"wpsm_panel-body\">\r\n\t\t\t\t\t\t\tJa, dank seiner leichten Bauweise l\u00e4sst er sich leicht transportieren.\t\t\t\t\t\t  <\/div>\r\n\t\t\t\t\t\t<\/div>\r\n\t\t\t\t\t<\/div>\r\n\t\t\t\t\t<!-- Inner panel End -->\r\n\t\t\t\t\t\r\n\t\t\t\t\t\t\t<\/div>\r\n\t\t\t\r\n<script type=\"text\/javascript\">\r\n\t\r\n\t\tfunction do_resize(){\r\n\r\n\t\t\tvar width=jQuery( '.wpsm_panel .wpsm_panel-body iframe' ).width();\r\n\t\t\tvar height=jQuery( '.wpsm_panel .wpsm_panel-body iframe' ).height();\r\n\r\n\t\t\tvar toggleSize = true;\r\n\t\t\tjQuery('iframe').animate({\r\n\t\t\t    width: toggleSize ? width : 640,\r\n\t\t\t    height: toggleSize ? height : 360\r\n\t\t\t  }, 250);\r\n\r\n\t\t\t  toggleSize = !toggleSize;\r\n\t\t}\r\n\t\t\r\n<\/script>","protected":false},"excerpt":{"rendered":"<p><span style=\"font-weight: 400;\">Elara ist ein ergonomischer und eleganter Stuhl der Marke Cool Chair. Er hat eine st\u00fctzende und ergonomische Struktur, die es dem Benutzer erm\u00f6glicht, lange Zeit bequem zu sitzen. Elara ist aus hochwertigen und langlebigen Holzmaterialien gefertigt und bietet eine lange Nutzungsdauer. Die weiche und bequeme Sitzfl\u00e4che bietet auch bei l\u00e4ngerem Sitzen Komfort.\u00a0<\/span><\/p>","protected":false},"featured_media":7000,"comment_status":"open","ping_status":"closed","template":"","meta":[],"product_brand":[],"product_cat":[54],"product_tag":[130],"class_list":{"0":"post-7009","1":"product","2":"type-product","3":"status-publish","4":"has-post-thumbnail","6":"product_cat-sandalye","7":"product_tag-ahsap-iskandinav","9":"first","10":"instock","11":"shipping-taxable","12":"product-type-variable"},"_links":{"self":[{"href":"https:\/\/toptan.coolsandalye.com\/de\/wp-json\/wp\/v2\/product\/7009","targetHints":{"allow":["GET"]}}],"collection":[{"href":"https:\/\/toptan.coolsandalye.com\/de\/wp-json\/wp\/v2\/product"}],"about":[{"href":"https:\/\/toptan.coolsandalye.com\/de\/wp-json\/wp\/v2\/types\/product"}],"replies":[{"embeddable":true,"href":"https:\/\/toptan.coolsandalye.com\/de\/wp-json\/wp\/v2\/comments?post=7009"}],"wp:featuredmedia":[{"embeddable":true,"href":"https:\/\/toptan.coolsandalye.com\/de\/wp-json\/wp\/v2\/media\/7000"}],"wp:attachment":[{"href":"https:\/\/toptan.coolsandalye.com\/de\/wp-json\/wp\/v2\/media?parent=7009"}],"wp:term":[{"taxonomy":"product_brand","embeddable":true,"href":"https:\/\/toptan.coolsandalye.com\/de\/wp-json\/wp\/v2\/product_brand?post=7009"},{"taxonomy":"product_cat","embeddable":true,"href":"https:\/\/toptan.coolsandalye.com\/de\/wp-json\/wp\/v2\/product_cat?post=7009"},{"taxonomy":"product_tag","embeddable":true,"href":"https:\/\/toptan.coolsandalye.com\/de\/wp-json\/wp\/v2\/product_tag?post=7009"}],"curies":[{"name":"wp","href":"https:\/\/api.w.org\/{rel}","templated":true}]}}