{"id":4872,"date":"2025-02-26T14:06:08","date_gmt":"2025-02-26T11:06:08","guid":{"rendered":"https:\/\/toptan.coolsandalye.com\/product\/tac-kutuk-masa-takimi-parke-ceviz\/"},"modified":"2025-06-30T15:30:31","modified_gmt":"2025-06-30T12:30:31","slug":"kutuk-lam-tac-masa-takimi-ceviz","status":"publish","type":"product","link":"https:\/\/toptan.coolsandalye.com\/de\/produkt\/kutuk-lam-tac-masa-takimi-ceviz\/","title":{"rendered":"K\u00fct\u00fck Lam Ta\u00e7 Masa Tak\u0131m\u0131 &#8211; Ceviz"},"content":{"rendered":"<p>Metall-Tischsets sind sowohl f\u00fcr den Innen- als auch f\u00fcr den Au\u00dfenbereich konzipiert und zeichnen sich durch ihre witterungsbest\u00e4ndige Struktur aus. Diese Tische, die Sonnenlicht, Wasser und Feuchtigkeit nichts anhaben k\u00f6nnen, schaffen eine stilvolle Atmosph\u00e4re in Ihren G\u00e4rten und Terrassen.<\/p>","protected":false},"excerpt":{"rendered":"<p>Metall-Tischsets sind sowohl f\u00fcr den Innen- als auch f\u00fcr den Au\u00dfenbereich konzipiert und zeichnen sich durch ihre witterungsbest\u00e4ndige Struktur aus. Diese Tische, die Sonnenlicht, Wasser und Feuchtigkeit nichts anhaben k\u00f6nnen, schaffen eine stilvolle Atmosph\u00e4re in Ihren G\u00e4rten und Terrassen.<\/p>","protected":false},"featured_media":4201,"comment_status":"open","ping_status":"closed","template":"","meta":[],"product_brand":[],"product_cat":[56],"product_tag":[131],"class_list":{"0":"post-4872","1":"product","2":"type-product","3":"status-publish","4":"has-post-thumbnail","6":"product_cat-masa-takimi","7":"product_tag-metal-mutfak","9":"first","10":"instock","11":"shipping-taxable","12":"product-type-variable"},"_links":{"self":[{"href":"https:\/\/toptan.coolsandalye.com\/de\/wp-json\/wp\/v2\/product\/4872","targetHints":{"allow":["GET"]}}],"collection":[{"href":"https:\/\/toptan.coolsandalye.com\/de\/wp-json\/wp\/v2\/product"}],"about":[{"href":"https:\/\/toptan.coolsandalye.com\/de\/wp-json\/wp\/v2\/types\/product"}],"replies":[{"embeddable":true,"href":"https:\/\/toptan.coolsandalye.com\/de\/wp-json\/wp\/v2\/comments?post=4872"}],"wp:featuredmedia":[{"embeddable":true,"href":"https:\/\/toptan.coolsandalye.com\/de\/wp-json\/wp\/v2\/media\/4201"}],"wp:attachment":[{"href":"https:\/\/toptan.coolsandalye.com\/de\/wp-json\/wp\/v2\/media?parent=4872"}],"wp:term":[{"taxonomy":"product_brand","embeddable":true,"href":"https:\/\/toptan.coolsandalye.com\/de\/wp-json\/wp\/v2\/product_brand?post=4872"},{"taxonomy":"product_cat","embeddable":true,"href":"https:\/\/toptan.coolsandalye.com\/de\/wp-json\/wp\/v2\/product_cat?post=4872"},{"taxonomy":"product_tag","embeddable":true,"href":"https:\/\/toptan.coolsandalye.com\/de\/wp-json\/wp\/v2\/product_tag?post=4872"}],"curies":[{"name":"wp","href":"https:\/\/api.w.org\/{rel}","templated":true}]}}