{"id":4796,"date":"2025-02-26T14:06:01","date_gmt":"2025-02-26T11:06:01","guid":{"rendered":"https:\/\/toptan.coolsandalye.com\/product\/arista-masa-takimi-siyah-mermer\/"},"modified":"2025-06-30T15:31:49","modified_gmt":"2025-06-30T12:31:49","slug":"hera-arista-masa-takimi-siyah-mermer","status":"publish","type":"product","link":"https:\/\/toptan.coolsandalye.com\/de\/produkt\/hera-arista-masa-takimi-siyah-mermer\/","title":{"rendered":"Hera Arista Masa Tak\u0131m\u0131 &#8211; Siyah Mermer"},"content":{"rendered":"<p>Hera Arista Masa Tak\u0131m\u0131, zarif siyah mermer y\u00fczeyi ve modern tasar\u0131m\u0131yla estetik bir g\u00f6r\u00fcn\u00fcm sa\u011flar. Dayan\u0131kl\u0131 malzemesi ve \u015f\u0131k yap\u0131s\u0131yla hem ev hem de i\u015f yerlerinde zarif ve fonksiyonel bir se\u00e7enek sunar. Ayr\u0131ca, masan\u0131n a\u00e7\u0131labilir \u00f6zelli\u011fi sayesinde geni\u015f alan ihtiya\u00e7lar\u0131n\u0131za pratik bir \u00e7\u00f6z\u00fcm sunarak, \u015f\u0131kl\u0131\u011f\u0131 ve i\u015flevselli\u011fi bir arada sunar.<\/p>","protected":false},"excerpt":{"rendered":"<p>Hera Arista Masa Tak\u0131m\u0131, zarif siyah mermer y\u00fczeyi ve modern tasar\u0131m\u0131yla estetik bir g\u00f6r\u00fcn\u00fcm sa\u011flar. Dayan\u0131kl\u0131 malzemesi ve \u015f\u0131k yap\u0131s\u0131yla hem ev hem de i\u015f yerlerinde zarif ve fonksiyonel bir se\u00e7enek sunar. Ayr\u0131ca, masan\u0131n a\u00e7\u0131labilir \u00f6zelli\u011fi sayesinde geni\u015f alan ihtiya\u00e7lar\u0131n\u0131za pratik bir \u00e7\u00f6z\u00fcm sunarak, \u015f\u0131kl\u0131\u011f\u0131 ve i\u015flevselli\u011fi bir arada sunar.<\/p>","protected":false},"featured_media":6901,"comment_status":"open","ping_status":"closed","template":"","meta":[],"product_brand":[],"product_cat":[56],"product_tag":[134],"class_list":{"0":"post-4796","1":"product","2":"type-product","3":"status-publish","4":"has-post-thumbnail","6":"product_cat-masa-takimi","7":"product_tag-salon-mutfak","9":"first","10":"instock","11":"shipping-taxable","12":"product-type-variable"},"_links":{"self":[{"href":"https:\/\/toptan.coolsandalye.com\/de\/wp-json\/wp\/v2\/product\/4796","targetHints":{"allow":["GET"]}}],"collection":[{"href":"https:\/\/toptan.coolsandalye.com\/de\/wp-json\/wp\/v2\/product"}],"about":[{"href":"https:\/\/toptan.coolsandalye.com\/de\/wp-json\/wp\/v2\/types\/product"}],"replies":[{"embeddable":true,"href":"https:\/\/toptan.coolsandalye.com\/de\/wp-json\/wp\/v2\/comments?post=4796"}],"wp:featuredmedia":[{"embeddable":true,"href":"https:\/\/toptan.coolsandalye.com\/de\/wp-json\/wp\/v2\/media\/6901"}],"wp:attachment":[{"href":"https:\/\/toptan.coolsandalye.com\/de\/wp-json\/wp\/v2\/media?parent=4796"}],"wp:term":[{"taxonomy":"product_brand","embeddable":true,"href":"https:\/\/toptan.coolsandalye.com\/de\/wp-json\/wp\/v2\/product_brand?post=4796"},{"taxonomy":"product_cat","embeddable":true,"href":"https:\/\/toptan.coolsandalye.com\/de\/wp-json\/wp\/v2\/product_cat?post=4796"},{"taxonomy":"product_tag","embeddable":true,"href":"https:\/\/toptan.coolsandalye.com\/de\/wp-json\/wp\/v2\/product_tag?post=4796"}],"curies":[{"name":"wp","href":"https:\/\/api.w.org\/{rel}","templated":true}]}}