{"id":4776,"date":"2025-02-26T14:05:59","date_gmt":"2025-02-26T11:05:59","guid":{"rendered":"https:\/\/toptan.coolsandalye.com\/product\/cizgili-kartal-oval-masa-takimi-beyaz\/"},"modified":"2025-06-30T15:30:52","modified_gmt":"2025-06-30T12:30:52","slug":"oval-cizgili-kartal-masa-takimi-beyaz","status":"publish","type":"product","link":"https:\/\/toptan.coolsandalye.com\/de\/produkt\/oval-cizgili-kartal-masa-takimi-beyaz\/","title":{"rendered":"Oval \u00c7izgili Kartal Masa Tak\u0131m\u0131 &#8211; Beyaz"},"content":{"rendered":"<p>Oval \u00c7izgili Kartal Masa Tak\u0131m\u0131, beyaz rengi ve oval formu ile modern ve \u015f\u0131k bir g\u00f6r\u00fcn\u00fcm sunar. \u00c7izgili detaylar\u0131, tak\u0131ma zarif bir karakter katarken, beyaz rengi ile ferah bir atmosfer yarat\u0131r. Estetik ve i\u015flevselli\u011fi bir arada sunan bu tak\u0131m, her ya\u015fam alan\u0131na uyum sa\u011flar.<\/p>","protected":false},"excerpt":{"rendered":"<p>Oval \u00c7izgili Kartal Masa Tak\u0131m\u0131, beyaz rengi ve oval formu ile modern ve \u015f\u0131k bir g\u00f6r\u00fcn\u00fcm sunar. \u00c7izgili detaylar\u0131, tak\u0131ma zarif bir karakter katarken, beyaz rengi ile ferah bir atmosfer yarat\u0131r. Estetik ve i\u015flevselli\u011fi bir arada sunan bu tak\u0131m, her ya\u015fam alan\u0131na uyum sa\u011flar.<\/p>","protected":false},"featured_media":4010,"comment_status":"open","ping_status":"closed","template":"","meta":[],"product_brand":[],"product_cat":[56],"product_tag":[130],"class_list":{"0":"post-4776","1":"product","2":"type-product","3":"status-publish","4":"has-post-thumbnail","6":"product_cat-masa-takimi","7":"product_tag-ahsap-iskandinav","9":"first","10":"instock","11":"shipping-taxable","12":"product-type-variable"},"_links":{"self":[{"href":"https:\/\/toptan.coolsandalye.com\/de\/wp-json\/wp\/v2\/product\/4776","targetHints":{"allow":["GET"]}}],"collection":[{"href":"https:\/\/toptan.coolsandalye.com\/de\/wp-json\/wp\/v2\/product"}],"about":[{"href":"https:\/\/toptan.coolsandalye.com\/de\/wp-json\/wp\/v2\/types\/product"}],"replies":[{"embeddable":true,"href":"https:\/\/toptan.coolsandalye.com\/de\/wp-json\/wp\/v2\/comments?post=4776"}],"wp:featuredmedia":[{"embeddable":true,"href":"https:\/\/toptan.coolsandalye.com\/de\/wp-json\/wp\/v2\/media\/4010"}],"wp:attachment":[{"href":"https:\/\/toptan.coolsandalye.com\/de\/wp-json\/wp\/v2\/media?parent=4776"}],"wp:term":[{"taxonomy":"product_brand","embeddable":true,"href":"https:\/\/toptan.coolsandalye.com\/de\/wp-json\/wp\/v2\/product_brand?post=4776"},{"taxonomy":"product_cat","embeddable":true,"href":"https:\/\/toptan.coolsandalye.com\/de\/wp-json\/wp\/v2\/product_cat?post=4776"},{"taxonomy":"product_tag","embeddable":true,"href":"https:\/\/toptan.coolsandalye.com\/de\/wp-json\/wp\/v2\/product_tag?post=4776"}],"curies":[{"name":"wp","href":"https:\/\/api.w.org\/{rel}","templated":true}]}}