{"id":4774,"date":"2025-02-26T14:05:59","date_gmt":"2025-02-26T11:05:59","guid":{"rendered":"https:\/\/toptan.coolsandalye.com\/product\/gobek-ayak-kartal-kapitone-masa-takimi-beyaz\/"},"modified":"2025-06-30T15:30:53","modified_gmt":"2025-06-30T12:30:53","slug":"gobek-ayak-kartal-kapitone-masa-takimi-beyaz","status":"publish","type":"product","link":"https:\/\/toptan.coolsandalye.com\/de\/produkt\/gobek-ayak-kartal-kapitone-masa-takimi-beyaz\/","title":{"rendered":"Belly Foot Eagle Gestepptes Tischset - Wei\u00df"},"content":{"rendered":"<p>Das gesteppte Tischset Eagle von Belly Foot bietet mit seiner wei\u00dfen Farbe und den gesteppten Details einen eleganten und raffinierten Look. W\u00e4hrend er mit seinem Nabenbein-Design dem Raum eine klassische Eleganz verleiht, passt er mit seiner wei\u00dfen Farbe zu jeder Dekoration. Ideal f\u00fcr alle, die Eleganz und Komfort gemeinsam suchen.<\/p>","protected":false},"excerpt":{"rendered":"<p>Das gesteppte Tischset Eagle von Belly Foot bietet mit seiner wei\u00dfen Farbe und den gesteppten Details einen eleganten und raffinierten Look. W\u00e4hrend er mit seinem Nabenbein-Design dem Raum eine klassische Eleganz verleiht, passt er mit seiner wei\u00dfen Farbe zu jeder Dekoration. Ideal f\u00fcr alle, die Eleganz und Komfort gemeinsam suchen.<\/p>","protected":false},"featured_media":4004,"comment_status":"open","ping_status":"closed","template":"","meta":[],"product_brand":[],"product_cat":[56],"product_tag":[],"class_list":{"0":"post-4774","1":"product","2":"type-product","3":"status-publish","4":"has-post-thumbnail","6":"product_cat-masa-takimi","8":"first","9":"instock","10":"shipping-taxable","11":"product-type-variable"},"_links":{"self":[{"href":"https:\/\/toptan.coolsandalye.com\/de\/wp-json\/wp\/v2\/product\/4774","targetHints":{"allow":["GET"]}}],"collection":[{"href":"https:\/\/toptan.coolsandalye.com\/de\/wp-json\/wp\/v2\/product"}],"about":[{"href":"https:\/\/toptan.coolsandalye.com\/de\/wp-json\/wp\/v2\/types\/product"}],"replies":[{"embeddable":true,"href":"https:\/\/toptan.coolsandalye.com\/de\/wp-json\/wp\/v2\/comments?post=4774"}],"wp:featuredmedia":[{"embeddable":true,"href":"https:\/\/toptan.coolsandalye.com\/de\/wp-json\/wp\/v2\/media\/4004"}],"wp:attachment":[{"href":"https:\/\/toptan.coolsandalye.com\/de\/wp-json\/wp\/v2\/media?parent=4774"}],"wp:term":[{"taxonomy":"product_brand","embeddable":true,"href":"https:\/\/toptan.coolsandalye.com\/de\/wp-json\/wp\/v2\/product_brand?post=4774"},{"taxonomy":"product_cat","embeddable":true,"href":"https:\/\/toptan.coolsandalye.com\/de\/wp-json\/wp\/v2\/product_cat?post=4774"},{"taxonomy":"product_tag","embeddable":true,"href":"https:\/\/toptan.coolsandalye.com\/de\/wp-json\/wp\/v2\/product_tag?post=4774"}],"curies":[{"name":"wp","href":"https:\/\/api.w.org\/{rel}","templated":true}]}}