{"id":4772,"date":"2025-02-26T14:05:59","date_gmt":"2025-02-26T11:05:59","guid":{"rendered":"https:\/\/toptan.coolsandalye.com\/product\/kartal-kapitone-oval-masa-takimi-beyaz\/"},"modified":"2025-06-30T15:30:55","modified_gmt":"2025-06-30T12:30:55","slug":"oval-kartal-kapitone-masa-takimi-beyaz","status":"publish","type":"product","link":"https:\/\/toptan.coolsandalye.com\/de\/produkt\/oval-kartal-kapitone-masa-takimi-beyaz\/","title":{"rendered":"Oval Kartal Kapitone Masa Tak\u0131m\u0131 &#8211; Beyaz"},"content":{"rendered":"<p>Oval Kartal Kapitone Masa Tak\u0131m\u0131, beyaz rengi ve kapitone detaylar\u0131yla modern ve zarif bir g\u00f6r\u00fcn\u00fcm sunar. Oval formu ve \u015f\u0131k detaylar\u0131, ya\u015fam alan\u0131n\u0131za sofistike bir atmosfer katarken, beyaz rengi ile ferah bir ortam sa\u011flar. Estetik ve i\u015flevselli\u011fi bir arada sunan bu tak\u0131m, dikkat \u00e7ekici bir se\u00e7imdir.<\/p>","protected":false},"excerpt":{"rendered":"<p>Oval Kartal Kapitone Masa Tak\u0131m\u0131, beyaz rengi ve kapitone detaylar\u0131yla modern ve zarif bir g\u00f6r\u00fcn\u00fcm sunar. Oval formu ve \u015f\u0131k detaylar\u0131, ya\u015fam alan\u0131n\u0131za sofistike bir atmosfer katarken, beyaz rengi ile ferah bir ortam sa\u011flar. Estetik ve i\u015flevselli\u011fi bir arada sunan bu tak\u0131m, dikkat \u00e7ekici bir se\u00e7imdir.<\/p>","protected":false},"featured_media":3998,"comment_status":"open","ping_status":"closed","template":"","meta":[],"product_brand":[],"product_cat":[56],"product_tag":[130],"class_list":{"0":"post-4772","1":"product","2":"type-product","3":"status-publish","4":"has-post-thumbnail","6":"product_cat-masa-takimi","7":"product_tag-ahsap-iskandinav","9":"first","10":"instock","11":"shipping-taxable","12":"product-type-variable"},"_links":{"self":[{"href":"https:\/\/toptan.coolsandalye.com\/de\/wp-json\/wp\/v2\/product\/4772","targetHints":{"allow":["GET"]}}],"collection":[{"href":"https:\/\/toptan.coolsandalye.com\/de\/wp-json\/wp\/v2\/product"}],"about":[{"href":"https:\/\/toptan.coolsandalye.com\/de\/wp-json\/wp\/v2\/types\/product"}],"replies":[{"embeddable":true,"href":"https:\/\/toptan.coolsandalye.com\/de\/wp-json\/wp\/v2\/comments?post=4772"}],"wp:featuredmedia":[{"embeddable":true,"href":"https:\/\/toptan.coolsandalye.com\/de\/wp-json\/wp\/v2\/media\/3998"}],"wp:attachment":[{"href":"https:\/\/toptan.coolsandalye.com\/de\/wp-json\/wp\/v2\/media?parent=4772"}],"wp:term":[{"taxonomy":"product_brand","embeddable":true,"href":"https:\/\/toptan.coolsandalye.com\/de\/wp-json\/wp\/v2\/product_brand?post=4772"},{"taxonomy":"product_cat","embeddable":true,"href":"https:\/\/toptan.coolsandalye.com\/de\/wp-json\/wp\/v2\/product_cat?post=4772"},{"taxonomy":"product_tag","embeddable":true,"href":"https:\/\/toptan.coolsandalye.com\/de\/wp-json\/wp\/v2\/product_tag?post=4772"}],"curies":[{"name":"wp","href":"https:\/\/api.w.org\/{rel}","templated":true}]}}