{"id":4769,"date":"2024-07-03T14:41:04","date_gmt":"2024-07-03T11:41:04","guid":{"rendered":"https:\/\/toptan.coolsandalye.com\/product\/sedir-tekli-beyaz\/"},"modified":"2025-06-30T15:28:35","modified_gmt":"2025-06-30T12:28:35","slug":"sedir-tekli-beyaz","status":"publish","type":"product","link":"https:\/\/toptan.coolsandalye.com\/de\/produkt\/sedir-tekli-beyaz\/","title":{"rendered":"Zedernholz einzeln - Wei\u00df"},"content":{"rendered":"<p>Das Metall-Ottoman-Set wurde speziell f\u00fcr R\u00e4ume im Industriestil entworfen und besticht durch seine robuste und langlebige Struktur. Erh\u00e4ltlich in den Farben Grau und Metallic, bietet dieses Set einen modernen und maskulinen Look. Die robuste Metallkonstruktion und die bequemen Kissen sorgen daf\u00fcr, dass sie auch bei l\u00e4ngerem Gebrauch nicht an Komfort verlieren. Mit diesem Metallhocker-Set im Industriestil k\u00f6nnen Sie eine starke und moderne Atmosph\u00e4re auf Ihrem Balkon, Ihrer Terrasse oder in Ihrem Haus schaffen.<\/p>","protected":false},"excerpt":{"rendered":"<p>Das Metall-Ottoman-Set wurde speziell f\u00fcr R\u00e4ume im Industriestil entworfen und besticht durch seine robuste und langlebige Struktur. Erh\u00e4ltlich in den Farben Grau und Metallic, bietet dieses Set einen modernen und maskulinen Look. Die robuste Metallkonstruktion und die bequemen Kissen sorgen daf\u00fcr, dass sie auch bei l\u00e4ngerem Gebrauch nicht an Komfort verlieren. Mit diesem Metallhocker-Set im Industriestil k\u00f6nnen Sie eine starke und moderne Atmosph\u00e4re auf Ihrem Balkon, Ihrer Terrasse oder in Ihrem Haus schaffen.<\/p>","protected":false},"featured_media":7124,"comment_status":"open","ping_status":"closed","template":"","meta":[],"product_brand":[],"product_cat":[94],"product_tag":[],"class_list":{"0":"post-4769","1":"product","2":"type-product","3":"status-publish","4":"has-post-thumbnail","6":"product_cat-sedir","8":"first","9":"instock","10":"shipping-taxable","11":"product-type-simple"},"_links":{"self":[{"href":"https:\/\/toptan.coolsandalye.com\/de\/wp-json\/wp\/v2\/product\/4769","targetHints":{"allow":["GET"]}}],"collection":[{"href":"https:\/\/toptan.coolsandalye.com\/de\/wp-json\/wp\/v2\/product"}],"about":[{"href":"https:\/\/toptan.coolsandalye.com\/de\/wp-json\/wp\/v2\/types\/product"}],"replies":[{"embeddable":true,"href":"https:\/\/toptan.coolsandalye.com\/de\/wp-json\/wp\/v2\/comments?post=4769"}],"wp:featuredmedia":[{"embeddable":true,"href":"https:\/\/toptan.coolsandalye.com\/de\/wp-json\/wp\/v2\/media\/7124"}],"wp:attachment":[{"href":"https:\/\/toptan.coolsandalye.com\/de\/wp-json\/wp\/v2\/media?parent=4769"}],"wp:term":[{"taxonomy":"product_brand","embeddable":true,"href":"https:\/\/toptan.coolsandalye.com\/de\/wp-json\/wp\/v2\/product_brand?post=4769"},{"taxonomy":"product_cat","embeddable":true,"href":"https:\/\/toptan.coolsandalye.com\/de\/wp-json\/wp\/v2\/product_cat?post=4769"},{"taxonomy":"product_tag","embeddable":true,"href":"https:\/\/toptan.coolsandalye.com\/de\/wp-json\/wp\/v2\/product_tag?post=4769"}],"curies":[{"name":"wp","href":"https:\/\/api.w.org\/{rel}","templated":true}]}}