{"id":4768,"date":"2024-07-03T14:41:04","date_gmt":"2024-07-03T11:41:04","guid":{"rendered":"https:\/\/toptan.coolsandalye.com\/product\/sedir-tekli-siyah\/"},"modified":"2025-06-30T15:28:35","modified_gmt":"2025-06-30T12:28:35","slug":"sedir-tekli-siyah","status":"publish","type":"product","link":"https:\/\/toptan.coolsandalye.com\/de\/produkt\/sedir-tekli-siyah\/","title":{"rendered":"Zedernholz einzeln - Schwarz"},"content":{"rendered":"<p>M\u00f6chten Sie Ihrem Garten einen Retro-Touch verleihen? Das Zedernset aus Metall im Retro-Stil ist eine gute Wahl f\u00fcr Vintage-Liebhaber. Das in Wei\u00df und Pastellfarben erh\u00e4ltliche Set bietet modernen Komfort und schafft gleichzeitig eine nostalgische Atmosph\u00e4re. Mit ihrer rostfreien Metallstruktur und den wasserfesten Kissen kann sie sicher im Freien verwendet werden. Sie bringt die Eleganz der alten Zeiten in Ihren Garten und bietet mit ihrer ergonomischen Struktur einen bequemen Sitzbereich.<\/p>","protected":false},"excerpt":{"rendered":"<p>M\u00f6chten Sie Ihrem Garten einen Retro-Touch verleihen? Das Zedernset aus Metall im Retro-Stil ist eine gute Wahl f\u00fcr Vintage-Liebhaber. Das in Wei\u00df und Pastellfarben erh\u00e4ltliche Set bietet modernen Komfort und schafft gleichzeitig eine nostalgische Atmosph\u00e4re. Mit ihrer rostfreien Metallstruktur und den wasserfesten Kissen kann sie sicher im Freien verwendet werden. Sie bringt die Eleganz der alten Zeiten in Ihren Garten und bietet mit ihrer ergonomischen Struktur einen bequemen Sitzbereich.<\/p>","protected":false},"featured_media":7123,"comment_status":"open","ping_status":"closed","template":"","meta":[],"product_brand":[],"product_cat":[94],"product_tag":[],"class_list":{"0":"post-4768","1":"product","2":"type-product","3":"status-publish","4":"has-post-thumbnail","6":"product_cat-sedir","8":"first","9":"instock","10":"shipping-taxable","11":"product-type-simple"},"_links":{"self":[{"href":"https:\/\/toptan.coolsandalye.com\/de\/wp-json\/wp\/v2\/product\/4768","targetHints":{"allow":["GET"]}}],"collection":[{"href":"https:\/\/toptan.coolsandalye.com\/de\/wp-json\/wp\/v2\/product"}],"about":[{"href":"https:\/\/toptan.coolsandalye.com\/de\/wp-json\/wp\/v2\/types\/product"}],"replies":[{"embeddable":true,"href":"https:\/\/toptan.coolsandalye.com\/de\/wp-json\/wp\/v2\/comments?post=4768"}],"wp:featuredmedia":[{"embeddable":true,"href":"https:\/\/toptan.coolsandalye.com\/de\/wp-json\/wp\/v2\/media\/7123"}],"wp:attachment":[{"href":"https:\/\/toptan.coolsandalye.com\/de\/wp-json\/wp\/v2\/media?parent=4768"}],"wp:term":[{"taxonomy":"product_brand","embeddable":true,"href":"https:\/\/toptan.coolsandalye.com\/de\/wp-json\/wp\/v2\/product_brand?post=4768"},{"taxonomy":"product_cat","embeddable":true,"href":"https:\/\/toptan.coolsandalye.com\/de\/wp-json\/wp\/v2\/product_cat?post=4768"},{"taxonomy":"product_tag","embeddable":true,"href":"https:\/\/toptan.coolsandalye.com\/de\/wp-json\/wp\/v2\/product_tag?post=4768"}],"curies":[{"name":"wp","href":"https:\/\/api.w.org\/{rel}","templated":true}]}}