{"id":4767,"date":"2024-07-03T14:41:04","date_gmt":"2024-07-03T11:41:04","guid":{"rendered":"https:\/\/toptan.coolsandalye.com\/product\/sedir-ikili-beyaz\/"},"modified":"2025-06-30T15:28:35","modified_gmt":"2025-06-30T12:28:35","slug":"sedir-ikili-beyaz","status":"publish","type":"product","link":"https:\/\/toptan.coolsandalye.com\/de\/produkt\/sedir-ikili-beyaz\/","title":{"rendered":"Zedernholz Double - Wei\u00df"},"content":{"rendered":"<p>Mit seinem modernen Design und seinen eleganten Linien ist das Metall-Ottoman-Set die perfekte Wahl, um die Atmosph\u00e4re Ihres Hauses oder Ihrer Au\u00dfenbereiche zu ver\u00e4ndern. Aus hochwertigem Edelstahl gefertigt, wird Ihnen dieses Set viele Jahre lang mit seiner St\u00e4rke und Haltbarkeit dienen. Erh\u00e4ltlich in den Farben Schwarz und Anthrazit, ist dieses Hocker-Set ideal f\u00fcr alle, die einen minimalistischen Einrichtungsstil lieben. Dank seiner ergonomischen Struktur bietet er ein bequemes Sitzerlebnis und sieht mit seiner leicht zu reinigenden Struktur immer stilvoll aus.<\/p>","protected":false},"excerpt":{"rendered":"<p>Mit seinem modernen Design und seinen eleganten Linien ist das Metall-Ottoman-Set die perfekte Wahl, um die Atmosph\u00e4re Ihres Hauses oder Ihrer Au\u00dfenbereiche zu ver\u00e4ndern. Aus hochwertigem Edelstahl gefertigt, wird Ihnen dieses Set viele Jahre lang mit seiner St\u00e4rke und Haltbarkeit dienen. Erh\u00e4ltlich in den Farben Schwarz und Anthrazit, ist dieses Hocker-Set ideal f\u00fcr alle, die einen minimalistischen Einrichtungsstil lieben. Dank seiner ergonomischen Struktur bietet er ein bequemes Sitzerlebnis und sieht mit seiner leicht zu reinigenden Struktur immer stilvoll aus.<\/p>","protected":false},"featured_media":7122,"comment_status":"open","ping_status":"closed","template":"","meta":[],"product_brand":[],"product_cat":[94],"product_tag":[],"class_list":{"0":"post-4767","1":"product","2":"type-product","3":"status-publish","4":"has-post-thumbnail","6":"product_cat-sedir","8":"first","9":"instock","10":"shipping-taxable","11":"product-type-simple"},"_links":{"self":[{"href":"https:\/\/toptan.coolsandalye.com\/de\/wp-json\/wp\/v2\/product\/4767","targetHints":{"allow":["GET"]}}],"collection":[{"href":"https:\/\/toptan.coolsandalye.com\/de\/wp-json\/wp\/v2\/product"}],"about":[{"href":"https:\/\/toptan.coolsandalye.com\/de\/wp-json\/wp\/v2\/types\/product"}],"replies":[{"embeddable":true,"href":"https:\/\/toptan.coolsandalye.com\/de\/wp-json\/wp\/v2\/comments?post=4767"}],"wp:featuredmedia":[{"embeddable":true,"href":"https:\/\/toptan.coolsandalye.com\/de\/wp-json\/wp\/v2\/media\/7122"}],"wp:attachment":[{"href":"https:\/\/toptan.coolsandalye.com\/de\/wp-json\/wp\/v2\/media?parent=4767"}],"wp:term":[{"taxonomy":"product_brand","embeddable":true,"href":"https:\/\/toptan.coolsandalye.com\/de\/wp-json\/wp\/v2\/product_brand?post=4767"},{"taxonomy":"product_cat","embeddable":true,"href":"https:\/\/toptan.coolsandalye.com\/de\/wp-json\/wp\/v2\/product_cat?post=4767"},{"taxonomy":"product_tag","embeddable":true,"href":"https:\/\/toptan.coolsandalye.com\/de\/wp-json\/wp\/v2\/product_tag?post=4767"}],"curies":[{"name":"wp","href":"https:\/\/api.w.org\/{rel}","templated":true}]}}