{"id":4766,"date":"2024-07-03T14:41:03","date_gmt":"2024-07-03T11:41:03","guid":{"rendered":"https:\/\/toptan.coolsandalye.com\/product\/sedir-ikili-siyah\/"},"modified":"2025-06-30T15:28:35","modified_gmt":"2025-06-30T12:28:35","slug":"sedir-ikili-siyah","status":"publish","type":"product","link":"https:\/\/toptan.coolsandalye.com\/de\/produkt\/sedir-ikili-siyah\/","title":{"rendered":"Zedernholz Double - Schwarz"},"content":{"rendered":"<p>Wenn Sie Ihren Au\u00dfenbereich mit Eleganz und Komfort versch\u00f6nern m\u00f6chten, entdecken Sie unsere Zedernholzsets aus Metall. Das moderne und elegante Design besticht durch jedes Detail. Dank ihrer Struktur aus rostfreiem Metall garantieren sie Langlebigkeit zu jeder Jahreszeit. Sie k\u00f6nnen es \u00fcberall einsetzen, im Garten, auf der Terrasse, auf dem Balkon oder am Pool. Mit seiner leicht zu reinigenden Oberfl\u00e4che und dem langlebigen Material bietet er Ihnen viele Jahre lang einen angenehmen Sitzplatz. Mit einer Kombination aus Eleganz und Funktionalit\u00e4t werten diese Sets Ihren Lebensraum auf.<\/p>","protected":false},"excerpt":{"rendered":"<div class=\"flex flex-grow flex-col max-w-full\">\n<div class=\"min-h-[20px] text-message flex w-full flex-col items-end gap-2 whitespace-pre-wrap break-words [.text-message+&amp;]:mt-5 overflow-x-auto\" dir=\"auto\" data-message-author-role=\"assistant\" data-message-id=\"c85a8996-f491-48c2-81ff-af3e3941a345\">\n<div class=\"flex w-full flex-col gap-1 empty:hidden first:pt-[3px]\">\n<div class=\"markdown prose w-full break-words dark:prose-invert dark\">\n<p>Wenn Sie Ihren Au\u00dfenbereich mit Eleganz und Komfort versch\u00f6nern m\u00f6chten, entdecken Sie unsere Zedernholzsets aus Metall. Das moderne und elegante Design besticht durch jedes Detail. Dank ihrer Struktur aus rostfreiem Metall garantieren sie Langlebigkeit zu jeder Jahreszeit. Sie k\u00f6nnen es \u00fcberall einsetzen, im Garten, auf der Terrasse, auf dem Balkon oder am Pool. Mit seiner leicht zu reinigenden Oberfl\u00e4che und dem langlebigen Material bietet er Ihnen viele Jahre lang einen angenehmen Sitzplatz. Mit einer Kombination aus Eleganz und Funktionalit\u00e4t werten diese Sets Ihren Lebensraum auf.<\/p>\n<\/div>\n<\/div>\n<\/div>\n<\/div>","protected":false},"featured_media":7125,"comment_status":"open","ping_status":"closed","template":"","meta":[],"product_brand":[],"product_cat":[94],"product_tag":[],"class_list":{"0":"post-4766","1":"product","2":"type-product","3":"status-publish","4":"has-post-thumbnail","6":"product_cat-sedir","8":"first","9":"instock","10":"shipping-taxable","11":"product-type-simple"},"_links":{"self":[{"href":"https:\/\/toptan.coolsandalye.com\/de\/wp-json\/wp\/v2\/product\/4766","targetHints":{"allow":["GET"]}}],"collection":[{"href":"https:\/\/toptan.coolsandalye.com\/de\/wp-json\/wp\/v2\/product"}],"about":[{"href":"https:\/\/toptan.coolsandalye.com\/de\/wp-json\/wp\/v2\/types\/product"}],"replies":[{"embeddable":true,"href":"https:\/\/toptan.coolsandalye.com\/de\/wp-json\/wp\/v2\/comments?post=4766"}],"wp:featuredmedia":[{"embeddable":true,"href":"https:\/\/toptan.coolsandalye.com\/de\/wp-json\/wp\/v2\/media\/7125"}],"wp:attachment":[{"href":"https:\/\/toptan.coolsandalye.com\/de\/wp-json\/wp\/v2\/media?parent=4766"}],"wp:term":[{"taxonomy":"product_brand","embeddable":true,"href":"https:\/\/toptan.coolsandalye.com\/de\/wp-json\/wp\/v2\/product_brand?post=4766"},{"taxonomy":"product_cat","embeddable":true,"href":"https:\/\/toptan.coolsandalye.com\/de\/wp-json\/wp\/v2\/product_cat?post=4766"},{"taxonomy":"product_tag","embeddable":true,"href":"https:\/\/toptan.coolsandalye.com\/de\/wp-json\/wp\/v2\/product_tag?post=4766"}],"curies":[{"name":"wp","href":"https:\/\/api.w.org\/{rel}","templated":true}]}}