{"id":4738,"date":"2024-07-03T14:40:45","date_gmt":"2024-07-03T11:40:45","guid":{"rendered":"https:\/\/toptan.coolsandalye.com\/product\/inci-kapitone-benc-parke-ceviz\/"},"modified":"2025-06-30T15:29:58","modified_gmt":"2025-06-30T12:29:58","slug":"inci-kapitone-benc-ceviz","status":"publish","type":"product","link":"https:\/\/toptan.coolsandalye.com\/de\/produkt\/inci-kapitone-benc-ceviz\/","title":{"rendered":"\u0130nci Kapitone Ben\u00e7 &#8211; Ceviz"},"content":{"rendered":"<p>\u0130nci kapitone ben\u00e7 &#8211; Ceviz, do\u011fal ah\u015fap dokusu ve zarif kapitone detaylar\u0131yla evinize s\u0131cakl\u0131k ve zarafet katar. Modern tasar\u0131m\u0131, her t\u00fcrl\u00fc dekorasyona uyum sa\u011flayarak oturma alanlar\u0131n\u0131za estetik bir dokunu\u015f ekler. Dayan\u0131kl\u0131 yap\u0131s\u0131 uzun \u00f6m\u00fcrl\u00fc kullan\u0131m sunar ve konforlu oturma deneyimi sa\u011flar. Eviniz veya ofisiniz i\u00e7in \u015f\u0131kl\u0131k ve rahatl\u0131\u011f\u0131n m\u00fckemmel kombinasyonunu ke\u015ffedin.<\/p>\n<p>&nbsp;<\/p>","protected":false},"excerpt":{"rendered":"<p>\u0130nci kapitone ben\u00e7 &#8211; Ceviz, do\u011fal ah\u015fap dokusu ve zarif kapitone detaylar\u0131yla evinize s\u0131cakl\u0131k ve zarafet katar. Modern tasar\u0131m\u0131, her t\u00fcrl\u00fc dekorasyona uyum sa\u011flayarak oturma alanlar\u0131n\u0131za estetik bir dokunu\u015f ekler. Dayan\u0131kl\u0131 yap\u0131s\u0131 uzun \u00f6m\u00fcrl\u00fc kullan\u0131m sunar ve konforlu oturma deneyimi sa\u011flar. Eviniz veya ofisiniz i\u00e7in \u015f\u0131kl\u0131k ve rahatl\u0131\u011f\u0131n m\u00fckemmel kombinasyonunu ke\u015ffedin.<\/p>\n<p>&nbsp;<\/p>","protected":false},"featured_media":6882,"comment_status":"open","ping_status":"closed","template":"","meta":[],"product_brand":[],"product_cat":[84],"product_tag":[],"class_list":{"0":"post-4738","1":"product","2":"type-product","3":"status-publish","4":"has-post-thumbnail","6":"product_cat-benc","8":"first","9":"instock","10":"shipping-taxable","11":"product-type-variable"},"_links":{"self":[{"href":"https:\/\/toptan.coolsandalye.com\/de\/wp-json\/wp\/v2\/product\/4738","targetHints":{"allow":["GET"]}}],"collection":[{"href":"https:\/\/toptan.coolsandalye.com\/de\/wp-json\/wp\/v2\/product"}],"about":[{"href":"https:\/\/toptan.coolsandalye.com\/de\/wp-json\/wp\/v2\/types\/product"}],"replies":[{"embeddable":true,"href":"https:\/\/toptan.coolsandalye.com\/de\/wp-json\/wp\/v2\/comments?post=4738"}],"wp:featuredmedia":[{"embeddable":true,"href":"https:\/\/toptan.coolsandalye.com\/de\/wp-json\/wp\/v2\/media\/6882"}],"wp:attachment":[{"href":"https:\/\/toptan.coolsandalye.com\/de\/wp-json\/wp\/v2\/media?parent=4738"}],"wp:term":[{"taxonomy":"product_brand","embeddable":true,"href":"https:\/\/toptan.coolsandalye.com\/de\/wp-json\/wp\/v2\/product_brand?post=4738"},{"taxonomy":"product_cat","embeddable":true,"href":"https:\/\/toptan.coolsandalye.com\/de\/wp-json\/wp\/v2\/product_cat?post=4738"},{"taxonomy":"product_tag","embeddable":true,"href":"https:\/\/toptan.coolsandalye.com\/de\/wp-json\/wp\/v2\/product_tag?post=4738"}],"curies":[{"name":"wp","href":"https:\/\/api.w.org\/{rel}","templated":true}]}}